{"id":10219,"date":"2023-08-31T11:13:32","date_gmt":"2023-08-31T09:13:32","guid":{"rendered":"http:\/\/bollettinodarte.cultura.gov.it\/?page_id=10219"},"modified":"2023-11-07T13:59:26","modified_gmt":"2023-11-07T12:59:26","slug":"gianni-papi-la-vera-paternita-della-pala-ritornata-a-san-severino-dalla-pinacoteca-di-brera-nuove-riflessioni-su-baccio-ciarpi","status":"publish","type":"page","link":"https:\/\/bollettinodarte.cultura.gov.it\/?page_id=10219","title":{"rendered":"Gianni Papi: La vera paternit\u00e0 della pala ritornata a San Severino dalla Pinacoteca di Brera: nuove riflessioni su Baccio Ciarpi"},"content":{"rendered":"<div align=\"justify\">\n<p><strong>Estratto dal fascicolo 49 (gennaio-marzo 2021)<\/strong><\/p>\n<p>Il contributo intende assegnare definitivamente a Baccio Ciarpi la paternit\u00e0 della pala d\u2019altare con la\u00a0<em>Madonna col Bambino e i santi Rocco e Severino<\/em>, tradizionalmente riferita a Cristoforo Roncalli. Il dipinto \u00e8 salito recentemente alla ribalta perch\u00e9 \u00e8 stato trasferito nella sua sede originaria (l\u2019altare della chiesa di San Rocco a Sanseverino Marche) dalla chiesa di Santo Stefano a Osnago, dove da oltre due secoli era stato collocato come deposito della Pinacoteca di Brera. Come molte opere del territorio marchigiano, la pala era stata fatta trasferire a Milano da Napoleone, dopo l\u2019annessione della regione al Regno d\u2019Italia, nel 1808. Il recupero dell\u2019opera nel catalogo di Baccio Ciarpi offre qui l\u2019occasione per riflettere sull\u2019importante stagione del pittore durante il secondo decennio del Seicento a Roma, quando presso di lui si svolgeva l\u2019apprendistato di Pietro da Cortona che, proprio in virt\u00f9 del contatto con Ciarpi, avrebbe sviluppato il proprio, originale, linguaggio artistico.<\/p>\n<p>&nbsp;<\/p>\n<p style=\"text-align: center;\"><strong>The true ownership of the altarpiece now returned to the Church of San Severino <\/strong><strong>from the Pinacoteca di Brera collection: new thoughts on Baccio Ciarpi<\/strong><\/p>\n<p>This paper intends to definitively assign the altarpiece <em>Madonna with Child<\/em>, <em>with Saints Roch and Severinus<\/em> to the hand of Baccio Ciarpi. Until now it was tended to be believed a work of Cristoforo Roncalli. The painting has been in the news recently following its return to its original position over the altar of the Church of San Rocco, in Sanseverino Marche. For over two centuries it had been on display in the Church of Santo Stefano in Osnago, as part of the Pinacoteca di Brera collection. Along with many other artistic treasures from the Marches, the altarpiece was taken to Milan on the orders of Napoleon. This followed the annexation of the region to the Kingdom of Italy, in 1808. Placing the work back in Baccio Ciarpi\u2019s catalogue gives a chance to reflect over the important time the artist spent in 1620s Rome. That was when Pietro da Cortona, still a novice, thanks to his contact with Ciarpi, was able to develop his own, personal, artistic language.<\/p>\n<\/div>\n","protected":false},"excerpt":{"rendered":"<p>Estratto dal fascicolo 49 (gennaio-marzo 2021) Il contributo intende assegnare definitivamente a Baccio Ciarpi la paternit\u00e0 della pala d\u2019altare con la\u00a0Madonna col Bambino e i santi Rocco e Severino, tradizionalmente riferita a Cristoforo Roncalli.<\/p>\n","protected":false},"author":1,"featured_media":0,"parent":0,"menu_order":0,"comment_status":"closed","ping_status":"closed","template":"","meta":{"footnotes":""},"categories":[],"tags":[],"class_list":["post-10219","page","type-page","status-publish","hentry"],"_links":{"self":[{"href":"https:\/\/bollettinodarte.cultura.gov.it\/index.php?rest_route=\/wp\/v2\/pages\/10219","targetHints":{"allow":["GET"]}}],"collection":[{"href":"https:\/\/bollettinodarte.cultura.gov.it\/index.php?rest_route=\/wp\/v2\/pages"}],"about":[{"href":"https:\/\/bollettinodarte.cultura.gov.it\/index.php?rest_route=\/wp\/v2\/types\/page"}],"author":[{"embeddable":true,"href":"https:\/\/bollettinodarte.cultura.gov.it\/index.php?rest_route=\/wp\/v2\/users\/1"}],"replies":[{"embeddable":true,"href":"https:\/\/bollettinodarte.cultura.gov.it\/index.php?rest_route=%2Fwp%2Fv2%2Fcomments&post=10219"}],"version-history":[{"count":4,"href":"https:\/\/bollettinodarte.cultura.gov.it\/index.php?rest_route=\/wp\/v2\/pages\/10219\/revisions"}],"predecessor-version":[{"id":12617,"href":"https:\/\/bollettinodarte.cultura.gov.it\/index.php?rest_route=\/wp\/v2\/pages\/10219\/revisions\/12617"}],"wp:attachment":[{"href":"https:\/\/bollettinodarte.cultura.gov.it\/index.php?rest_route=%2Fwp%2Fv2%2Fmedia&parent=10219"}],"wp:term":[{"taxonomy":"category","embeddable":true,"href":"https:\/\/bollettinodarte.cultura.gov.it\/index.php?rest_route=%2Fwp%2Fv2%2Fcategories&post=10219"},{"taxonomy":"post_tag","embeddable":true,"href":"https:\/\/bollettinodarte.cultura.gov.it\/index.php?rest_route=%2Fwp%2Fv2%2Ftags&post=10219"}],"curies":[{"name":"wp","href":"https:\/\/api.w.org\/{rel}","templated":true}]}}