{"id":10227,"date":"2023-08-31T11:21:48","date_gmt":"2023-08-31T09:21:48","guid":{"rendered":"http:\/\/bollettinodarte.cultura.gov.it\/?page_id=10227"},"modified":"2023-11-07T14:00:19","modified_gmt":"2023-11-07T13:00:19","slug":"cesare-crova-silvio-radiconcini-dalla-casa-del-restauro-allidea-di-unarchitettura-organica","status":"publish","type":"page","link":"https:\/\/bollettinodarte.cultura.gov.it\/?page_id=10227","title":{"rendered":"Cesare Crova: Silvio Radiconcini. Dalla Casa del restauro all\u2019idea di un\u2019architettura organica"},"content":{"rendered":"<div align=\"justify\">\n<p><strong>Estratto dal fascicolo 49 (gennaio-marzo 2021)<\/strong><\/p>\n<p style=\"font-weight: 400;\">Silvio Radiconcini \u00e8 stato un esponente dell\u2019architettura contemporanea a cavallo fra gli anni Trenta e Quaranta del Ventesimo secolo;\u00a0\u00a0assieme alle figure pi\u00f9 celebri del periodo, primo fra tutti Bruno Zevi, ha gettato le basi per una nuova espressione figurativa dell\u2019architettura moderna in Italia,\u00a0\u00a0che confluir\u00e0 poi\u00a0\u00a0nel cosiddetto Movimento Organico, di cui fu uno dei suoi pi\u00f9 validi sostenitori. L\u2019articolo vuole indagarne la figura, poco studiata dalla storiografia,\u00a0\u00a0attraverso la lettura dei suoi progetti,\u00a0\u00a0scoperti solo di recente negli archivi di famiglia. Gi\u00e0 dalle sue prime esperienze professionali, come quella relativa alla realizzazione dell\u2019Istituto Centrale del Restauro a Roma,\u00a0\u00a0e in campo editoriale, nella rivista Metron, emerge il suo interesse per la nuova architettura organica, in seguito codificata dagli scritti di Bruno Zevi. Questa sua propensione per una architettura pi\u00f9 aderente alla dimensione umana, pi\u00f9 che al monumentalismo razionalista,\u00a0\u00a0lo porter\u00e0 a progettare, negli anni Quaranta e Cinquanta, a Roma, in collaborazione con gli architetti Luigi Piccinato e lo stesso Bruno Zevi, tre importanti villini e il Ridotto del Teatro Eliseo. A questo si aggiunge l\u2019esperienza che matur\u00f2 all\u2019estero, negli Stati Uniti, in India e in Madagascar, tra la fine degli anni Cinquanta e quelli Settanta. In particolare, con lo Studio Calini\u2013Montuori collabor\u00f2 per il progetto della Citt\u00e0 Atomica di Trombay, sobborgo di Bombay, oltre a una serie di progetti in altre citt\u00e0 indiane. Un&#8217;altra esperienza importante \u00e8 quella che lo vede impegnato\u00a0\u00a0nel progetto per l\u2019<em>Hospital Principal de Tananarive\u2013Ampelofiloha\u00a0<\/em>(1965), il pi\u00f9 importante ospedale della citt\u00e0 malgascia, e in seguito in quello per il reparto pediatrico (1970), che per\u00f2 rimase solo un disegno sulla carta. Un\u2019attivit\u00e0 intensa, anche in Italia, che lo porter\u00e0 a essere considerato dallo stesso Bruno Zevi, un autentico architetto \u201cnon costruttore\u201d.<\/p>\n<p>&nbsp;<\/p>\n<p style=\"text-align: center;\"><strong>Silvio Radiconcini. From a house for restoration to an organic architecture<\/strong><\/p>\n<p style=\"font-weight: 400;\">Between the 1930s and 1940s Silvio Radiconcini was one of the exponents of contemporary architecture. He worked alongside some of the most famous architectural figures of the time, principally Bruno Zevi, putting down the grassroots of a new figurative expression for modern Italian architecture. This new movement found its place in the Movimento Organico, with Radiconcini as one of its most important supporters. This paper looks into Radiconcini as a person, a side little touched on in previous journals, by looking at what he hoped to project, using recently uncovered family archives. His very first professional projects already revealed his interest in the new \u201corganic\u201d architecture. This can be seen in both his project for the Istituto Centrale del Restauro in Rome and his contributions to editions of Metron, a monthly architectural magazine. Bruno Zevi was later to put down in words the concepts behind the movement. Between the 1940s and 1950s, Radiconcini\u2019s tendency towards a form of architecture closer to human dimensions, as opposed to the monumentalism of rationalist architecture, led him, alongside Luigi Piccinato and Bruno Zevi himself, to design three important townhouses and the Ridotto of the Teatro Eliseo. Between the 1950s and \u201860s he added to and matured his architectural experience abroad, in the United States, India and Madagascar. In particular he collaborated on the Bhaba Atomic Research Centre in Trombay, a suburb of Mumbai, then Bombay, as well as other projects throughout India. Another major project was his 1965 involvement in the design of the\u00a0<em>Hospital Principal de Tananarive\u2013Ampelofiloha<\/em> in Madagascar, followed by plans for its paediatric department in 1970, which remained on paper and nothing more. His intense activity led Bruno Zevi to consider him an authentic architect, not just a \u201cbuilder\u201d.<\/p>\n<\/div>\n","protected":false},"excerpt":{"rendered":"<p>Estratto dal fascicolo 49 (gennaio-marzo 2021) Silvio Radiconcini \u00e8 stato un esponente dell\u2019architettura contemporanea a cavallo fra gli anni Trenta e Quaranta del Ventesimo secolo;\u00a0\u00a0assieme alle figure pi\u00f9 celebri del periodo, primo fra tutti Bruno Zevi, ha gettato le basi per una nuova espressione figurativa dell\u2019architettura moderna in Italia,\u00a0\u00a0che confluir\u00e0 poi\u00a0\u00a0nel cosiddetto Movimento Organico, di cui fu uno dei suoi pi\u00f9 validi sostenitori.<\/p>\n","protected":false},"author":1,"featured_media":0,"parent":0,"menu_order":0,"comment_status":"closed","ping_status":"closed","template":"","meta":{"footnotes":""},"categories":[],"tags":[],"class_list":["post-10227","page","type-page","status-publish","hentry"],"_links":{"self":[{"href":"https:\/\/bollettinodarte.cultura.gov.it\/index.php?rest_route=\/wp\/v2\/pages\/10227","targetHints":{"allow":["GET"]}}],"collection":[{"href":"https:\/\/bollettinodarte.cultura.gov.it\/index.php?rest_route=\/wp\/v2\/pages"}],"about":[{"href":"https:\/\/bollettinodarte.cultura.gov.it\/index.php?rest_route=\/wp\/v2\/types\/page"}],"author":[{"embeddable":true,"href":"https:\/\/bollettinodarte.cultura.gov.it\/index.php?rest_route=\/wp\/v2\/users\/1"}],"replies":[{"embeddable":true,"href":"https:\/\/bollettinodarte.cultura.gov.it\/index.php?rest_route=%2Fwp%2Fv2%2Fcomments&post=10227"}],"version-history":[{"count":4,"href":"https:\/\/bollettinodarte.cultura.gov.it\/index.php?rest_route=\/wp\/v2\/pages\/10227\/revisions"}],"predecessor-version":[{"id":12622,"href":"https:\/\/bollettinodarte.cultura.gov.it\/index.php?rest_route=\/wp\/v2\/pages\/10227\/revisions\/12622"}],"wp:attachment":[{"href":"https:\/\/bollettinodarte.cultura.gov.it\/index.php?rest_route=%2Fwp%2Fv2%2Fmedia&parent=10227"}],"wp:term":[{"taxonomy":"category","embeddable":true,"href":"https:\/\/bollettinodarte.cultura.gov.it\/index.php?rest_route=%2Fwp%2Fv2%2Fcategories&post=10227"},{"taxonomy":"post_tag","embeddable":true,"href":"https:\/\/bollettinodarte.cultura.gov.it\/index.php?rest_route=%2Fwp%2Fv2%2Ftags&post=10227"}],"curies":[{"name":"wp","href":"https:\/\/api.w.org\/{rel}","templated":true}]}}