{"id":12343,"date":"2023-11-06T14:32:38","date_gmt":"2023-11-06T13:32:38","guid":{"rendered":"https:\/\/bollettinodarte.cultura.gov.it\/?page_id=12343"},"modified":"2025-02-17T10:51:41","modified_gmt":"2025-02-17T09:51:41","slug":"stephane-verger-du-princeps-mourant-au-defunt-heroise-les-metamorphoses-dun-trone-la-situle-benvenuti-deste-premier-chef-doeuvre-de-lart-des-situles","status":"publish","type":"page","link":"https:\/\/bollettinodarte.cultura.gov.it\/?page_id=12343","title":{"rendered":"St\u00e9phane Verger: Du princeps mourant au d\u00e9funt h\u00e9ro\u00efs\u00e9: les m\u00e9tamorphoses d\u2019un tr\u00f4ne. La situle Benvenuti d\u2019Este, premier chef d\u2019\u0153uvre de l\u2019art des situles"},"content":{"rendered":"<div align=\"justify\"><strong>Estratto dal fascicolo 33-34 (gennaio-giugno 2017)<\/strong><\/div>\n<div align=\"justify\">Di questa situla, che costituisce una delle opere pi\u00f9 alte dell\u2019Orientalizzante recente nell\u2019Italia settentrionale, rinvenuta a Este nel 1880 in una tomba della seconda met\u00e0 del VII secolo a.C., si presenta qui una nuova lettura della decorazione a sbalzo articolata in tre fregi su registri sovrapposti. Tale decorazione costituisce, come gi\u00e0 osservato nel 1997, un ciclo coerente, ma se ne propone ora una sequenza secondo un percorso di lettura degli episodi che, partendo dalla parte destra del registro inferiore, giunge fino all\u2019estremit\u00e0 sinistra di quello superiore e presuppone altres\u00ec la sovrapposizione di tre motivi principali: la morte del personaggio di grandi proporzioni in basso; il leone alato che apre al mondo fantastico e liminare al centro; il sovrano in trono nel fregio superiore. Non si pu\u00f2 dire con certezza se nella situla sia raffigurato un mito proprio dell\u2019ambiente veneto (a noi sconosciuto), o la storia di un defunto realmente vissuto: ma uno dei temi conduttori della vicenda pu\u00f2 identificarsi nel seggio o trono (simbolo di potere) sul quale sta il protagonista del ciclo raffigurato, da quello vegetale della zona inferiore a quello pi\u00f9 strutturato e quasi rituale del registro superiore. Essi sono tuttavia separati dalla figura del leone alato e fantastico che marca un limite, assegnando un confine a una zona compresa tra il mondo delle lotte eroiche e quello dell\u2019aldil\u00e0, proprio degli antenati eroizzati, come quello cantato da Esiodo in Grecia. In questo ambito, legato a una regione separata rispetto all\u2019Ade posto ai confini del mondo, si credeva che potessero vivere un\u2019esistenza di benessere senza fine coloro ai quali le circostanze avevano precluso l\u2019accesso alla vita nella sua completezza.<br \/>\nNella stessa tomba 126 dove \u00e8 stata ritrovata la situla, riutilizzata per accogliere i resti incinerati di un infante dopo esser stata fra gli oggetti d\u2019uso quotidiano (donde le diverse riparazioni visibili sulla sua superficie), vi era una seconda deposizione,\u00a0 relativa a una donna adulta, nel cui ricco corredo compariva anche un bastone con rivestimento metallico, segno di pertinenza ad una classe elevata, o dell\u2019aver rivestito in vita un rango elevato. Ci\u00f2 conferma senz\u2019altro il fatto che nella secchia bronzea fosse stata deposta una bimba di appena tre anni, proveniente da una famiglia dell\u2019alta societ\u00e0 atestina, per la quale furono allestiti vari dispositivi di protezione magica e religiosa, attestati \u2014 oltre che dalla situla \u2014 anche da altri oggetti significativi, come una fibula di produzione straniera (slovena), una collana di perle in ambra e corallo, e due dischi aurei, simboli solari.<\/div>\n<div align=\"justify\">\n<p>&nbsp;<\/p>\n<p style=\"text-align: center;\"><strong><em>From the death of a prince to his glorification: metamorphosis of a throne. The Benvenuti d\u2019Este situla, the first masterpiece of Situla Art<\/em><\/strong><\/p>\n<p>This situla was found in a grave in Este in 1880. It is one of the finest examples of Recent Orientalising period art from northern Italy. It was made in the second half of the seventh century BCE. This paper presents a new interpretation of the embossed decoration of the three friezes framed within three registers, one above the other.In 1997 it was pointed out the three friezes should be read as one cohesive cycle. This paper proposes a reading of the various episodes present on the strip. The \u201cstory\u201d starts at the bottom and reads from right to left. The lower register frames the death of a tall man. The middle one depicts a winged lion leading the way into a fantastic and transitional world. In the upper register a sovereign sits enthroned.It\u2019s impossible to say whether the situla depicts a myth (unknown to us) from the lands occupied by the Veneti. It may instead be the story of a real person. The thread of the storyline lies in the chair or throne, a symbol of power on which the protagonist is seated. In the lower order it\u2019s an almost naturally verdant environment, in the upper register more disciplined, almost ritual. The two are separated by the fantastic winged lion in a world that marks the divide between the world of heroic combat and that of the afterlife. Here forefathers live in a world of heroes, sung of by Hesiod in Ancient Greece. This is a middle world, tied to that of Hades, lying at the extreme edge of the world. It was believed that this was where its inhabitants, those who for some reason entrance to the underworld had been barred, could live an endless benign existence.The use of the situla in everyday has left it with several \u201cscars\u201d on its surface, where back then it had had to be repaired. It ended its days as an urn for a cremated infant. In the same grave, 126, there was a second burial, that of an adult woman. Her rich range of grave goods included a metal plated rod or sceptre. This was a sign that she belonged to a noble \u00e9lite, or that she\u2019d had a high ranking role when alive. The cremated three year old buried in the bronze bucket and the woman would have been part of one of Este\u2019s noble families. Various talismans had also been placed in the grave to provide the infant with magical and spiritual protection. Apart from the situla itself there were other significant items inside it: a brooch made in Slovenia, a far off land, an amber and coral necklace and two gold discs, sun symbols.<\/p>\n<\/div>\n","protected":false},"excerpt":{"rendered":"<p>Estratto dal fascicolo 33-34 (gennaio-giugno 2017) Di questa situla, che costituisce una delle opere pi\u00f9 alte dell\u2019Orientalizzante recente nell\u2019Italia settentrionale, rinvenuta a Este nel 1880 in una tomba della seconda met\u00e0 del VII secolo a.<\/p>\n","protected":false},"author":1,"featured_media":0,"parent":0,"menu_order":0,"comment_status":"closed","ping_status":"closed","template":"","meta":{"footnotes":""},"categories":[],"tags":[],"class_list":["post-12343","page","type-page","status-publish","hentry"],"_links":{"self":[{"href":"https:\/\/bollettinodarte.cultura.gov.it\/index.php?rest_route=\/wp\/v2\/pages\/12343","targetHints":{"allow":["GET"]}}],"collection":[{"href":"https:\/\/bollettinodarte.cultura.gov.it\/index.php?rest_route=\/wp\/v2\/pages"}],"about":[{"href":"https:\/\/bollettinodarte.cultura.gov.it\/index.php?rest_route=\/wp\/v2\/types\/page"}],"author":[{"embeddable":true,"href":"https:\/\/bollettinodarte.cultura.gov.it\/index.php?rest_route=\/wp\/v2\/users\/1"}],"replies":[{"embeddable":true,"href":"https:\/\/bollettinodarte.cultura.gov.it\/index.php?rest_route=%2Fwp%2Fv2%2Fcomments&post=12343"}],"version-history":[{"count":5,"href":"https:\/\/bollettinodarte.cultura.gov.it\/index.php?rest_route=\/wp\/v2\/pages\/12343\/revisions"}],"predecessor-version":[{"id":13654,"href":"https:\/\/bollettinodarte.cultura.gov.it\/index.php?rest_route=\/wp\/v2\/pages\/12343\/revisions\/13654"}],"wp:attachment":[{"href":"https:\/\/bollettinodarte.cultura.gov.it\/index.php?rest_route=%2Fwp%2Fv2%2Fmedia&parent=12343"}],"wp:term":[{"taxonomy":"category","embeddable":true,"href":"https:\/\/bollettinodarte.cultura.gov.it\/index.php?rest_route=%2Fwp%2Fv2%2Fcategories&post=12343"},{"taxonomy":"post_tag","embeddable":true,"href":"https:\/\/bollettinodarte.cultura.gov.it\/index.php?rest_route=%2Fwp%2Fv2%2Ftags&post=12343"}],"curies":[{"name":"wp","href":"https:\/\/api.w.org\/{rel}","templated":true}]}}