{"id":13475,"date":"2025-02-10T15:15:07","date_gmt":"2025-02-10T14:15:07","guid":{"rendered":"https:\/\/bollettinodarte.cultura.gov.it\/?page_id=13475"},"modified":"2025-02-10T15:21:51","modified_gmt":"2025-02-10T14:21:51","slug":"beatrice-rosa-indagini-sullattivita-mantovana-di-michele-da-firenze-e-il-suo-lascito","status":"publish","type":"page","link":"https:\/\/bollettinodarte.cultura.gov.it\/?page_id=13475","title":{"rendered":"Beatrice Rosa, Indagini sull&#8217;attivit\u00e0 mantovana di Michele da Firenze e il suo lascito"},"content":{"rendered":"<p><strong>Estratto dal fascicolo 59-60 (luglio-dicembre 2023)<\/strong><\/p>\n<div align=\"justify\">\n<p>Il presente contributo si pone l\u2019obiettivo di indagare l\u2019attivit\u00e0 di Michele da Firenze nella citt\u00e0 e provincia di Mantova. Dopo una prima formazione fiorentina, il plasticatore si trasfer\u00ec nell\u2019Italia settentrionale, dove conobbe il successo. La sua produzione nel territorio dei Gonzaga, non adeguatamente indagata in sede critica, \u00e8 ulteriormente avvalorata dalla scoperta di un frammento di polittico gi\u00e0 nell\u2019Abbazia di San Benedetto Po, noto solamente attraverso una testimonianza letteraria cinquecentesca. Nella presente occasione di studio sono stati cos\u00ec ricondotti al medesimo complesso altri frammenti erratici sul territorio, sul mercato antiquario e due conservati presso il Castello Sforzesco di Milano. L\u2019operato di Michele da Firenze ebbe inoltre una notevole influenza sulla produzione dei plasticatori mantovani: ci\u00f2 \u00e8 testimoniato da una serie di tabernacoli volti alla devozione personale, frutto di una rilettura in chiave lombarda dei pi\u00f9 noti <em>colmi<\/em> da camera\u00a0fiorentini.<\/p>\n<\/div>\n<p>&nbsp;<\/p>\n<p style=\"text-align: center;\"><strong><em>Exploring Michele da Firenze\u2019s work in Mantua and his artistic legacy<\/em><\/strong><\/p>\n<div align=\"justify\">\n<p>This contribution looks at Michele da Firenze\u2019s work in the city and province of Mantua. After an early apprenticeship in Florence, the sculptor went on to make his name in northern Italy. Not enough critical research into his work while in the Gonzaga territory has yet been done. Recent interest has been brought to life by the discovery of a fragment of a polyptych from the Abbey of San Benedetto Po, previously only known about through sixteenth\u2013century documents. Other elements of the same piece have popped up here and there on the antiques market, along with two housed in the Castello Sforzesco in Milan. Michele da Firenze\u2019s works greatly influenced the oeuvre of many Mantuan sculptors. This can be seen in a series of individual tabernacles for private worship, resampling the peak of what Florentine workshops had to offer, in a Lombard key.<\/p>\n<\/div>\n","protected":false},"excerpt":{"rendered":"<p>Estratto dal fascicolo 59-60 (luglio-dicembre 2023) Il presente contributo si pone l\u2019obiettivo di indagare l\u2019attivit\u00e0 di Michele da Firenze nella citt\u00e0 e provincia di Mantova.<\/p>\n","protected":false},"author":1,"featured_media":0,"parent":0,"menu_order":0,"comment_status":"closed","ping_status":"closed","template":"","meta":{"footnotes":""},"categories":[],"tags":[],"class_list":["post-13475","page","type-page","status-publish","hentry"],"_links":{"self":[{"href":"https:\/\/bollettinodarte.cultura.gov.it\/index.php?rest_route=\/wp\/v2\/pages\/13475","targetHints":{"allow":["GET"]}}],"collection":[{"href":"https:\/\/bollettinodarte.cultura.gov.it\/index.php?rest_route=\/wp\/v2\/pages"}],"about":[{"href":"https:\/\/bollettinodarte.cultura.gov.it\/index.php?rest_route=\/wp\/v2\/types\/page"}],"author":[{"embeddable":true,"href":"https:\/\/bollettinodarte.cultura.gov.it\/index.php?rest_route=\/wp\/v2\/users\/1"}],"replies":[{"embeddable":true,"href":"https:\/\/bollettinodarte.cultura.gov.it\/index.php?rest_route=%2Fwp%2Fv2%2Fcomments&post=13475"}],"version-history":[{"count":6,"href":"https:\/\/bollettinodarte.cultura.gov.it\/index.php?rest_route=\/wp\/v2\/pages\/13475\/revisions"}],"predecessor-version":[{"id":13535,"href":"https:\/\/bollettinodarte.cultura.gov.it\/index.php?rest_route=\/wp\/v2\/pages\/13475\/revisions\/13535"}],"wp:attachment":[{"href":"https:\/\/bollettinodarte.cultura.gov.it\/index.php?rest_route=%2Fwp%2Fv2%2Fmedia&parent=13475"}],"wp:term":[{"taxonomy":"category","embeddable":true,"href":"https:\/\/bollettinodarte.cultura.gov.it\/index.php?rest_route=%2Fwp%2Fv2%2Fcategories&post=13475"},{"taxonomy":"post_tag","embeddable":true,"href":"https:\/\/bollettinodarte.cultura.gov.it\/index.php?rest_route=%2Fwp%2Fv2%2Ftags&post=13475"}],"curies":[{"name":"wp","href":"https:\/\/api.w.org\/{rel}","templated":true}]}}