{"id":13543,"date":"2025-02-11T10:35:48","date_gmt":"2025-02-11T09:35:48","guid":{"rendered":"https:\/\/bollettinodarte.cultura.gov.it\/?page_id=13543"},"modified":"2025-04-15T12:11:39","modified_gmt":"2025-04-15T10:11:39","slug":"laura-cibrario-fabiola-jatta-una-nuova-lettura-dellaffresco-dopo-il-recente-intervento-di-restauro","status":"publish","type":"page","link":"https:\/\/bollettinodarte.cultura.gov.it\/?page_id=13543","title":{"rendered":"Laura Cibrario \u2013 Fabiola Jatta, Una nuova lettura dell\u2019affresco dopo il recente intervento di restauro"},"content":{"rendered":"<p><strong>Estratto dal fascicolo 59-60 (luglio-dicembre 2023)<\/strong><\/p>\n<p><strong><a href=\"http:\/\/bollettinodarte.cultura.gov.it\/wp-content\/uploads\/2025\/04\/Cibrario-Jatta-Tavv.-VI-IX.pdf\">Tavole<\/a><\/strong><\/p>\n<div align=\"justify\">\n<p>La scena che raffigura <em>Apollo alla guida del carro del sole preceduto dall\u2019Aurora<\/em>, dipinta da Guido Reni nel 1614 per il cardinale Scipione Borghese \u2014 come \u201cquadro riportato\u201d, chiuso nella sua ricca cornice in stucco dorato sul soffitto del Casino Pallavicini Rospigliosi \u2014 \u00e8 probabilmente una delle opere pi\u00f9 famose dell\u2019artista bolognese. Il presente contributo si propone l\u2019obiettivo di fissare alcuni punti fermi sulla tecnica pittorica e sulla storia conservativa dell\u2019opera, a partire dalle osservazioni rilevate nel corso del restauro (2021) e alla luce dei risultati emersi dalle analisi scientifiche, realizzate durante il cantiere. Tali novit\u00e0 sono suffragate anche dalla rilettura di alcuni documenti d\u2019archivio, mirata al recupero di informazioni tecniche, a loro volta integrate da studi precedenti, editi, qui sintetizzati. Il dipinto murale dell\u2019<em>Aurora<\/em> \u00e8 stato eseguito su una base ad affresco, con la presenza di diverse finiture \u201ca secco\u201d, utilizzando leganti quali la calce, le colle proteiche e l\u2019olio, a seconda degli effetti cromatici che l\u2019artista desiderava raggiungere. Il restauro \u00e8 stato motivato da problemi conservativi, riferibili pi\u00f9 alla superficie pittorica che al supporto murario, il quale non presentava particolari criticit\u00e0 dal punto di vista statico; tuttavia, la presenza superficiale di sali e di un vecchio fissativo, applicato alla superficie dipinta per consolidarne le aree pi\u00f9 fragili (quelle finite a secco), ha contribuito ad alterarne la corretta fruizione. Il recente intervento conservativo, oltre ad aver restituito all\u2019opera tutta l\u2019originale lucentezza e freschezza, ha permesso di ricostruire \u2014 attraverso le informazioni ricavate dalla superficie pittorica, dalle indagini scientifiche, dai documenti di archivio e dalle immagini fotografiche storiche \u2014 il riconoscimento di tre importanti restauri prima di quest\u2019ultimo, che ha interessato anche un pronto intervento sulla ricca cornice in stucco dorato, opera dello scultore lombardo Ambrogio Bonvicino.<\/p>\n<\/div>\n<p style=\"text-align: center;\"><em><strong>A fresh interpretation of the fresco following its recent restoration<\/strong><\/em><\/p>\n<div align=\"justify\">The scene of Apollo driving the chariot of the sun, preceded by Aurora, was painted by the Bolognese artist for Cardinal Scipione Borghese in 1614. It is probably one of Guido Reni\u2019s most renowned works. This \u201c<em>quadro riportato<\/em>\u201d sits within its richly gilded stucco frame on the ceiling of the Casino Pallavicini Rospigliosi. This paper looks into key points as to the technique used for the painting and how it has been conserved. The research draws on observations made during the recent, 2021, restoration and the results from the scientific analysis at the time.<br \/>\nFresh information has been gleaned from the archives, as to certain technical details, and data from previously published studies has been summarised and integrated into this paper. The <em>Aurora<\/em> was painted on to a fresco wall plaster foundation, followed by a combination of \u201cdry\u201d finishes. The binding media Reni used included lime, proteinaceous glues and oils to achieve his desired chromatic effects.<br \/>\nThe conservation issues that led to the restoration primarily focussed on the painted surface, rather than its wall support. The latter, for the most part, appeared intact. An advancing salty crust, and a fixative applied at some point to the painted surface in an attempt to stabilise the more fragile areas (those painted with dry techniques) had instead contributed to disrupting its intended stability. The recent restoration has brought back to life the painting\u2019s original vibrancy and freshness. On top of this, an analysis of the painted surface, scientific enquiry, archive research and the examination of old photographs has given a chance to identify three, or even four, major earlier restorations. These included work to rescue the Lombard sculptor Ambrogio Bonvicino\u2019s elaborate gilded stucco frame.<\/div>\n<p>&nbsp;<\/p>\n","protected":false},"excerpt":{"rendered":"<p>Estratto dal fascicolo 59-60 (luglio-dicembre 2023) Tavole La scena che raffigura Apollo alla guida del carro del sole preceduto dall\u2019Aurora, dipinta da Guido Reni nel 1614 per il cardinale Scipione Borghese \u2014 come \u201cquadro riportato\u201d, chiuso nella sua ricca cornice in stucco dorato sul soffitto del Casino Pallavicini Rospigliosi \u2014 \u00e8 probabilmente una delle opere pi\u00f9 famose dell\u2019artista bolognese.<\/p>\n","protected":false},"author":1,"featured_media":0,"parent":0,"menu_order":0,"comment_status":"closed","ping_status":"closed","template":"","meta":{"footnotes":""},"categories":[],"tags":[],"class_list":["post-13543","page","type-page","status-publish","hentry"],"_links":{"self":[{"href":"https:\/\/bollettinodarte.cultura.gov.it\/index.php?rest_route=\/wp\/v2\/pages\/13543","targetHints":{"allow":["GET"]}}],"collection":[{"href":"https:\/\/bollettinodarte.cultura.gov.it\/index.php?rest_route=\/wp\/v2\/pages"}],"about":[{"href":"https:\/\/bollettinodarte.cultura.gov.it\/index.php?rest_route=\/wp\/v2\/types\/page"}],"author":[{"embeddable":true,"href":"https:\/\/bollettinodarte.cultura.gov.it\/index.php?rest_route=\/wp\/v2\/users\/1"}],"replies":[{"embeddable":true,"href":"https:\/\/bollettinodarte.cultura.gov.it\/index.php?rest_route=%2Fwp%2Fv2%2Fcomments&post=13543"}],"version-history":[{"count":7,"href":"https:\/\/bollettinodarte.cultura.gov.it\/index.php?rest_route=\/wp\/v2\/pages\/13543\/revisions"}],"predecessor-version":[{"id":13774,"href":"https:\/\/bollettinodarte.cultura.gov.it\/index.php?rest_route=\/wp\/v2\/pages\/13543\/revisions\/13774"}],"wp:attachment":[{"href":"https:\/\/bollettinodarte.cultura.gov.it\/index.php?rest_route=%2Fwp%2Fv2%2Fmedia&parent=13543"}],"wp:term":[{"taxonomy":"category","embeddable":true,"href":"https:\/\/bollettinodarte.cultura.gov.it\/index.php?rest_route=%2Fwp%2Fv2%2Fcategories&post=13543"},{"taxonomy":"post_tag","embeddable":true,"href":"https:\/\/bollettinodarte.cultura.gov.it\/index.php?rest_route=%2Fwp%2Fv2%2Ftags&post=13543"}],"curies":[{"name":"wp","href":"https:\/\/api.w.org\/{rel}","templated":true}]}}