{"id":13582,"date":"2025-02-11T12:33:09","date_gmt":"2025-02-11T11:33:09","guid":{"rendered":"https:\/\/bollettinodarte.cultura.gov.it\/?page_id=13582"},"modified":"2025-02-11T12:33:09","modified_gmt":"2025-02-11T11:33:09","slug":"maria-elisa-tittoni-presenze-francesi-nel-giornale-di-pacetti-dalla-roma-pontificia-alla-romana-repubblica-giacobina-2","status":"publish","type":"page","link":"https:\/\/bollettinodarte.cultura.gov.it\/?page_id=13582","title":{"rendered":"Maria Elisa Tittoni: Presenze francesi nel Giornale di Pacetti: dalla Roma pontificia alla Romana Repubblica giacobina"},"content":{"rendered":"<p><strong>Estratto dal volume speciale\u00a0<em>Vincenzo Pacetti, Roma, L\u2019europa all\u2019epoca del Grand Tour\u00a0<\/em>(2017)<\/strong><\/p>\n<div align=\"justify\">\n<p>Nel <em>Giornale<\/em> si riscontra che poche e non sempre significative furono le frequentazioni di Pacetti connesse a collezionisti o artisti francesi a Roma. I grandi rivolgimenti, seguiti alla Rivoluzione francese e quindi alla prima Campagna d\u2019Italia e alla proclamazione della Repubblica Romana, gli fecero registrare, invece, con una certa regolarit\u00e0 i mutamenti politici e sociali che investirono la citt\u00e0. Dalle diverse e imprecise grafie usate da Pacetti per segnalare i suoi rapporti si \u00e8 ricostruita l\u2019effettiva identit\u00e0 dei personaggi e le ragioni della loro presenza nel suo <em>Giornale. <\/em>Queste furono dettate o da possibili committenze o da connessioni con il suo <em>status<\/em> di accademico di San Luca o dalla sua attivit\u00e0 di mercante, mentre i frequenti contatti con i diversi rappresentanti del Direttorio a Roma derivarono dall\u2019impegno messo nel difendere i suoi interessi.<\/p>\n<p>&nbsp;<\/p>\n<p style=\"text-align: center;\"><em><strong>The Presence of the French in Pacetti\u2019s Giornali: from papal Rome to the Jacobin Roman Republic<\/strong><\/em><\/p>\n<div align=\"justify\">\n<p>An in\u2013depth analysis of the Pacetti <em>Giornale<\/em> shows that he did not meet frequently French collectors or artists in Rome.<br \/>\nThe great upheavals following the French Revolution and then the first Italian Campaign and the proclamation of the Roman Republic effectively led him to record, however, the political and social changes that swept the city. The different and inaccurate handwritings used by Pacetti to report his contacts enables identification of the actual characters and the reasons for their presence in his <em>Giornale<\/em>. These stemmed either from commitments he presumably obtained either by way of his status within the Accademia di San Luca or from his activities as a dealer, whereas the frequent contacts with various representatives of the \u201cDirettorio\u201d in Rome derived from the need to defend his own interests.<\/p>\n<\/div>\n<\/div>\n","protected":false},"excerpt":{"rendered":"<p>Estratto dal volume speciale\u00a0Vincenzo Pacetti, Roma, L\u2019europa all\u2019epoca del Grand Tour\u00a0(2017) Nel Giornale si riscontra che poche e non sempre significative furono le frequentazioni di Pacetti connesse a collezionisti o artisti francesi a Roma.<\/p>\n","protected":false},"author":1,"featured_media":0,"parent":0,"menu_order":0,"comment_status":"closed","ping_status":"closed","template":"","meta":{"footnotes":""},"categories":[],"tags":[],"class_list":["post-13582","page","type-page","status-publish","hentry"],"_links":{"self":[{"href":"https:\/\/bollettinodarte.cultura.gov.it\/index.php?rest_route=\/wp\/v2\/pages\/13582","targetHints":{"allow":["GET"]}}],"collection":[{"href":"https:\/\/bollettinodarte.cultura.gov.it\/index.php?rest_route=\/wp\/v2\/pages"}],"about":[{"href":"https:\/\/bollettinodarte.cultura.gov.it\/index.php?rest_route=\/wp\/v2\/types\/page"}],"author":[{"embeddable":true,"href":"https:\/\/bollettinodarte.cultura.gov.it\/index.php?rest_route=\/wp\/v2\/users\/1"}],"replies":[{"embeddable":true,"href":"https:\/\/bollettinodarte.cultura.gov.it\/index.php?rest_route=%2Fwp%2Fv2%2Fcomments&post=13582"}],"version-history":[{"count":2,"href":"https:\/\/bollettinodarte.cultura.gov.it\/index.php?rest_route=\/wp\/v2\/pages\/13582\/revisions"}],"predecessor-version":[{"id":13584,"href":"https:\/\/bollettinodarte.cultura.gov.it\/index.php?rest_route=\/wp\/v2\/pages\/13582\/revisions\/13584"}],"wp:attachment":[{"href":"https:\/\/bollettinodarte.cultura.gov.it\/index.php?rest_route=%2Fwp%2Fv2%2Fmedia&parent=13582"}],"wp:term":[{"taxonomy":"category","embeddable":true,"href":"https:\/\/bollettinodarte.cultura.gov.it\/index.php?rest_route=%2Fwp%2Fv2%2Fcategories&post=13582"},{"taxonomy":"post_tag","embeddable":true,"href":"https:\/\/bollettinodarte.cultura.gov.it\/index.php?rest_route=%2Fwp%2Fv2%2Ftags&post=13582"}],"curies":[{"name":"wp","href":"https:\/\/api.w.org\/{rel}","templated":true}]}}