{"id":13588,"date":"2025-02-11T13:41:20","date_gmt":"2025-02-11T12:41:20","guid":{"rendered":"https:\/\/bollettinodarte.cultura.gov.it\/?page_id=13588"},"modified":"2025-02-18T09:27:17","modified_gmt":"2025-02-18T08:27:17","slug":"lucia-pirzio-biroli-stefanelli-vincenzo-pacetti-e-gli-inglesi-nathaniel-marchant-incisore-in-pietre-dure-intermediario-accompagnatore-2","status":"publish","type":"page","link":"https:\/\/bollettinodarte.cultura.gov.it\/?page_id=13588","title":{"rendered":"Lucia Pirzio Biroli Stefanelli: Vincenzo Pacetti e gli inglesi: Nathaniel Marchant incisore in pietre dure, intermediario, accompagnatore"},"content":{"rendered":"<p><strong>Estratto dal volume speciale\u00a0<em>Vincenzo Pacetti, Roma, L\u2019europa all\u2019epoca del Grand Tour\u00a0<\/em>(2017)<\/strong><\/p>\n<div align=\"justify\">\n<p>Oltre cinquanta nomi di personaggi britannici -inglesi, scozzesi, irlandesi- sono ricordati nel <em>Giornale<\/em> di Pacetti: artisti, antiquari, collezionisti, viaggiatori. L\u2019unico tra loro ad esercitare la professione di incisore in pietre dure \u00e8 Nathaniel Marchant (1730 circa-1816) che, giunto a Roma da Londra nel 1773, vi soggiorn\u00f2 per sedici anni, fino al 1788.<br \/>\nBen inserito nella comunit\u00e0 britannica, riesce a raggiungere una consolidata posizione tra i numerosi incisori attivi a Roma nella seconda met\u00e0 del XVIII secolo; \u00e8 in contatto sia con i pi\u00f9 eminenti tra i suoi connazionali residenti a Roma sia con visitatori e collezionisti di passaggio, per i quali, oltre ad incidere eleganti intagli in pietra dura con immagini dall\u2019antico, svolge anche funzioni di intermediario e accompagnatore. Negli ultimi anni prima del rientro a Londra, lasciata la sua residenza in via del Babuino, si trasferisce nel palazzo di Francesco Piranesi in strada Felice, stabilendo cos\u00ec un rapporto non superficiale con Pacetti.<br \/>\nIl contributo si propone di rileggere il periodo romano di Marchant, focalizzando l\u2019attenzione su alcuni dei \u201csignori e cavalieri Inglesi\u201d frequentati da entrambi.<\/p>\n<p>&nbsp;<\/p>\n<\/div>\n<p style=\"text-align: center;\"><strong><em>Vincenzo Pacetti and the English: <\/em><\/strong><\/p>\n<p style=\"text-align: center;\"><strong><em>Nathaniel Marchant, engraver of semi-precious stones, intermediary, and guide<\/em><\/strong><\/p>\n<div align=\"justify\">\n<p>The names of over fifty British subjects \u2014 English, Scottish and Irish \u2014 are recorded in Pacetti\u2019s Giornali: artists, antiquarians and dealers, collectors and travelers. The only one among them to practice the profession of stone and gem engraving was Nathaniel Marchant (1730\u2013ca.1816), who arrived in Rome from London in 1773, remaining there for sixteen years, until 1788.<br \/>\nWell integrated into the British community, he successfully consolidated a position among the multitude of engravers active in Rome during the second half of the eighteenth century. He was in contact with both the most eminent of his compatriots living in Rome and with visitors and sojourning collectors. In addition to engraving elegant pietra dura intaglios with all\u2019antica imagery for these clients, he also acted as an intermediary and guide. In the last years before his return to London, he left his residence in via del Babuino and moved to a palace in the Strada Felice in which Francesco Piranesi also lived. Through Piranesi Marchant established a relationship with Pacetti.<br \/>\nThe present study proposes a reinterpretation of Marchant\u2019s period in Rome, focusing on several of the \u00abgentlemen and English knights\u00bb frequented by both Marchant and Pacetti.<\/p>\n<\/div>\n","protected":false},"excerpt":{"rendered":"<p>Estratto dal volume speciale\u00a0Vincenzo Pacetti, Roma, L\u2019europa all\u2019epoca del Grand Tour\u00a0(2017) Oltre cinquanta nomi di personaggi britannici -inglesi, scozzesi, irlandesi- sono ricordati nel Giornale di Pacetti: artisti, antiquari, collezionisti, viaggiatori.<\/p>\n","protected":false},"author":1,"featured_media":0,"parent":0,"menu_order":0,"comment_status":"closed","ping_status":"closed","template":"","meta":{"footnotes":""},"categories":[],"tags":[],"class_list":["post-13588","page","type-page","status-publish","hentry"],"_links":{"self":[{"href":"https:\/\/bollettinodarte.cultura.gov.it\/index.php?rest_route=\/wp\/v2\/pages\/13588","targetHints":{"allow":["GET"]}}],"collection":[{"href":"https:\/\/bollettinodarte.cultura.gov.it\/index.php?rest_route=\/wp\/v2\/pages"}],"about":[{"href":"https:\/\/bollettinodarte.cultura.gov.it\/index.php?rest_route=\/wp\/v2\/types\/page"}],"author":[{"embeddable":true,"href":"https:\/\/bollettinodarte.cultura.gov.it\/index.php?rest_route=\/wp\/v2\/users\/1"}],"replies":[{"embeddable":true,"href":"https:\/\/bollettinodarte.cultura.gov.it\/index.php?rest_route=%2Fwp%2Fv2%2Fcomments&post=13588"}],"version-history":[{"count":4,"href":"https:\/\/bollettinodarte.cultura.gov.it\/index.php?rest_route=\/wp\/v2\/pages\/13588\/revisions"}],"predecessor-version":[{"id":13715,"href":"https:\/\/bollettinodarte.cultura.gov.it\/index.php?rest_route=\/wp\/v2\/pages\/13588\/revisions\/13715"}],"wp:attachment":[{"href":"https:\/\/bollettinodarte.cultura.gov.it\/index.php?rest_route=%2Fwp%2Fv2%2Fmedia&parent=13588"}],"wp:term":[{"taxonomy":"category","embeddable":true,"href":"https:\/\/bollettinodarte.cultura.gov.it\/index.php?rest_route=%2Fwp%2Fv2%2Fcategories&post=13588"},{"taxonomy":"post_tag","embeddable":true,"href":"https:\/\/bollettinodarte.cultura.gov.it\/index.php?rest_route=%2Fwp%2Fv2%2Ftags&post=13588"}],"curies":[{"name":"wp","href":"https:\/\/api.w.org\/{rel}","templated":true}]}}