{"id":13840,"date":"2025-07-16T11:40:26","date_gmt":"2025-07-16T09:40:26","guid":{"rendered":"https:\/\/bollettinodarte.cultura.gov.it\/?page_id=13840"},"modified":"2025-08-07T12:19:48","modified_gmt":"2025-08-07T10:19:48","slug":"cesare-crova-la-figura-di-pietro-fedele-e-il-suo-contributo-alla-tutela-del-patrimonio-culturale","status":"publish","type":"page","link":"https:\/\/bollettinodarte.cultura.gov.it\/?page_id=13840","title":{"rendered":"Cesare Crova, La figura di Pietro Fedele e il suo contributo alla tutela del patrimonio culturale"},"content":{"rendered":"<p><strong>Estratto dal fascicolo 61-62 (gennaio-giugno 2024)<\/strong><\/p>\n<div align=\"justify\">Questo testo delinea la figura poliedrica di Pietro Fedele storico, intellettuale e politico, Ministro della Pubblica Istruzione e Senatore del Regno. Nel contributo si approfondiscono alcune attivit\u00e0, fino a ora poco indagate, anche grazie allo studio delle carte d\u2019archivio in parte pubblicate in <em>Appendice<\/em>. Durante il periodo fecondo passato al Ministero (1925\u20131928), grazie alla stima che si era guadagnato presso il Capo di Governo e alla frequentazione con eminenti figure del mondo culturale come Gustavo Giovannoni, Gino Chierici, Amedeo Maiuri, attu\u00f2 la riforma della scuola; port\u00f2 avanti numerose campagne archeologiche, quali la ripresa degli scavi di Ercolano, quelli di <em>Minturnae<\/em> e il recupero delle navi di Nemi; commission\u00f2 molteplici restauri di architetture tra il basso Lazio e l\u2019alta Campania; infine, gett\u00f2 le basi per alcune grandi riforme nel campo della tutela del patrimonio culturale. Lavor\u00f2 alla ricostituzione del Consiglio Superiore delle Belle Arti (1926), che era stato soppresso nell\u2019immediato primo dopoguerra (1922), e diede grande impulso alla revisione delle leggi di tutela; il processo da lui iniziato porter\u00e0 alla modifica della Legge n. 364 del 1909 e alla promulgazione delle leggi del 1939: la n. 1497 sul paesaggio e la n. 1089 su beni storico\u2013artistici. Per quest\u2019ultima fu anche chiamato a presiedere la Commissione per la stesura del Regolamento di attuazione, che per\u00f2 non vedr\u00e0 la luce a causa dell\u2019arresto del Capo del Governo il 23 luglio 1943. In parallelo port\u00f2 avanti attivit\u00e0 di studio e ricopr\u00ec numerose cariche istituzionali: Presidente dell\u2019Istituto Storico Italiano per il Medio Evo (1935\u20131943) e direttore del Grande Dizionario Enciclopedico (1933\u20131940), gestendo lavori che ebbero un grande impatto sull\u2019opinione pubblica, come il caso della costruzione a Bolzano del Monumento alla Vittoria italiana per la Prima guerra mondiale. Nominato da Mussolini Presidente della Commissione si occup\u00f2 della sua costruzione, affidandone il progetto a Marcello Piacentini, un\u2019opera che oggi rappresenta un punto di riferimento per l\u2019architettura del periodo razionalista italiano in Alto Adige. Pietro Fedele scomparve il 9 gennaio 1943, pochi mesi prima della ritirata tedesca e non ebbe, dunque, modo di vedere la caduta del regime fascista, al quale aveva dedicato uno dei suoi ultimi pensieri nel testamento olografo. Le pesanti distruzioni perpetrate lungo la linea Gustav, che sul Tirreno passava proprio per la foce del fiume Garigliano, produssero la perdita e la razzia di alcune delle opere per le quali lui si era a lungo speso, come la Torre di Paldolfo Capodiferro, situata a poca distanza dall\u2019antica <em>Minturnae<\/em>, dove egli colloc\u00f2 il suo studiolo e allest\u00ec il Museo della civilt\u00e0 aurunca.<\/div>\n<div align=\"justify\"><\/div>\n<div align=\"justify\">\n<p>&nbsp;<\/p>\n<p style=\"text-align: center;\"><strong><em>Pietro Fedele and his contribution to the protection of cultural heritage<\/em><\/strong><\/p>\n<p>The paper gives a picture of the many sides to Pietro Fedele, a historian, intellectual and politician, the Minister of Education, and a Senator of the Kingdom of Italy. Some of his previously lesser known activities are looked into, partly from archival documents, some of which can be found in the <em>Appendix<\/em>. During a fruitful period at the Ministry (1925\u20131928), he gained the esteem of the Prime Minister and moved in the same circles as eminent cultural figures such as Gustavo Giovannoni, Gino Chierici and Amedeo Maiuri. It was in this period that he implemented school reform; carried out numerous archaeological campaigns, reopening the excavations at Herculaneum and <em>Minturnae<\/em>, and recuperating the Nemi ships; commissioned several architectural restorations in southern Lazio and northern Campania; and laid the foundations for several major reforms to protect cultural heritage. By 1926 he was working on reforming the Consiglio Superiore delle Belle Arti (Superior Council of Fine Arts), which had been abolished in 1922, after the First World War. His major emphasis was on adjusting the laws to protect cultural heritage. The process he put in motion led to the modification of Law 364 of 1909 and to the promulgation of the 1939 laws on landscape (1497) and historical\u2013artistic assets (1089). For the 1089 law, he chaired the Commission drafting the Implementation Regulation. The arrest of the Head of Government, on 23 July 1943, meant that this was never to see the light of day. At the same time, he was doing his own research and held numerous institutional roles: President of the Italian Historical Institute for the Middle Ages (1935\u20131943) and director of the Great Encyclopaedic Dictionary (1933\u20131940). He also managed projects very much in the public spotlight, such as the construction of the Monument to Italy\u2019s Victory in the First World War in Bolzano. As President of the Commission, appointed by Mussolini, he oversaw its construction and entrusted the project to Marcello Piacentini. The building still stands as a landmark for Italian Rationalist architecture in South Tyrol. Pietro Fedele died on January 9, 1943, a few months before the German withdrawal, not living to see the fall of the Fascist regime, to whom he dedicated some of his last thoughts in his hand penned will. Heavy damage along the Gustav Line, running from the Tyrrhenian Sea across to the mouth of the Garigliano River, had resulted in the loss and looting of some of the works he had dedicated much of his life to. The Tower of Paldolfo Capodiferro, just outside ancient <em>Minturnae<\/em>, which he had had restored and made home to his offices and the Museum of Aurunca Civilization was just one of the many victims of the war\u2019s destruction.<\/p>\n<\/div>\n","protected":false},"excerpt":{"rendered":"<p>Estratto dal fascicolo 61-62 (gennaio-giugno 2024) Questo testo delinea la figura poliedrica di Pietro Fedele storico, intellettuale e politico, Ministro della Pubblica Istruzione e Senatore del Regno.<\/p>\n","protected":false},"author":1,"featured_media":0,"parent":0,"menu_order":0,"comment_status":"closed","ping_status":"closed","template":"","meta":{"footnotes":""},"categories":[],"tags":[],"class_list":["post-13840","page","type-page","status-publish","hentry"],"_links":{"self":[{"href":"https:\/\/bollettinodarte.cultura.gov.it\/index.php?rest_route=\/wp\/v2\/pages\/13840","targetHints":{"allow":["GET"]}}],"collection":[{"href":"https:\/\/bollettinodarte.cultura.gov.it\/index.php?rest_route=\/wp\/v2\/pages"}],"about":[{"href":"https:\/\/bollettinodarte.cultura.gov.it\/index.php?rest_route=\/wp\/v2\/types\/page"}],"author":[{"embeddable":true,"href":"https:\/\/bollettinodarte.cultura.gov.it\/index.php?rest_route=\/wp\/v2\/users\/1"}],"replies":[{"embeddable":true,"href":"https:\/\/bollettinodarte.cultura.gov.it\/index.php?rest_route=%2Fwp%2Fv2%2Fcomments&post=13840"}],"version-history":[{"count":5,"href":"https:\/\/bollettinodarte.cultura.gov.it\/index.php?rest_route=\/wp\/v2\/pages\/13840\/revisions"}],"predecessor-version":[{"id":13842,"href":"https:\/\/bollettinodarte.cultura.gov.it\/index.php?rest_route=\/wp\/v2\/pages\/13840\/revisions\/13842"}],"wp:attachment":[{"href":"https:\/\/bollettinodarte.cultura.gov.it\/index.php?rest_route=%2Fwp%2Fv2%2Fmedia&parent=13840"}],"wp:term":[{"taxonomy":"category","embeddable":true,"href":"https:\/\/bollettinodarte.cultura.gov.it\/index.php?rest_route=%2Fwp%2Fv2%2Fcategories&post=13840"},{"taxonomy":"post_tag","embeddable":true,"href":"https:\/\/bollettinodarte.cultura.gov.it\/index.php?rest_route=%2Fwp%2Fv2%2Ftags&post=13840"}],"curies":[{"name":"wp","href":"https:\/\/api.w.org\/{rel}","templated":true}]}}