{"id":13938,"date":"2025-10-01T09:56:05","date_gmt":"2025-10-01T07:56:05","guid":{"rendered":"https:\/\/bollettinodarte.cultura.gov.it\/?page_id=13938"},"modified":"2025-10-01T10:33:14","modified_gmt":"2025-10-01T08:33:14","slug":"vincenzo-sorrentino-giovanni-antonio-dosio-e-la-cappella-del-riccio-in-san-giovanni-dei-fiorentini-a-napoli","status":"publish","type":"page","link":"https:\/\/bollettinodarte.cultura.gov.it\/?page_id=13938","title":{"rendered":"Vincenzo Sorrentino:\u00a0Giovanni Antonio Dosio e la cappella Del Riccio in San Giovanni dei Fiorentini a Napoli"},"content":{"rendered":"<p><strong>Estratto dal fascicolo 26 (aprile-giugno 2015)<\/strong><\/p>\n<div align=\"justify\">\n<p>L\u2019articolo presenta una commissione napoletana pressoch\u00e9 sconosciuta di Giovanni Antonio Dosio (1533-1611). Dopo le importanti imprese romane e le commissioni fiorentine, l\u2019architetto giunse a Napoli intorno al 1590. Se il suo coinvolgimento nel complesso dei Girolamini e nella Certosa di San Martino \u00e8 noto e documentato, la sua produzione \u201cminore\u201d deve ancora essere indagata. In questo contesto viene esaminato un disegno attribuibile all\u2019artista: raffigura la lastra tombale commissionata dal mercante fiorentino Luigi Del Riccio per la cappella di famiglia in San Giovanni dei Fiorentini a Napoli. Oltre alla lettera gi\u00e0 resa nota da Emanuele Barletti nel volume da lui curato sull\u2019architetto, si presentano in questa sede dei documenti inediti, che consistono in alcune lettere e un conto con diverse voci di spesa. In aggiunta, si discute un secondo disegno, autografo anch\u2019esso, eseguito come proposta di ammodernamento della cappella Del Riccio. Un pagamento rinvenuto nel libro della compagnia commerciale napoletana completa la ricostruzione documentaria e certifica l\u2019avvenuta esecuzione della lapide, mentre una lettera pi\u00f9 tarda e diretta al Granduca getta nuova luce sui rapporti mantenuti dal Dosio con la madrepatria. La <em>damnatio memoriae <\/em>di questo episodio, recuperato grazie alla documentazione conservata presso l\u2019Archivio Naldini del Riccio di Firenze, \u00e8 stata certamente facilitata dalla demolizione della chiesa napoletana nel 1953. Sopravvissuta pressoch\u00e9 indenne ai bombardamenti della seconda guerra mondiale, la demolizione della fabbrica ha privato la citt\u00e0 di un monumento insostituibile, banco di prova di numerosi artisti fiorentini, luogo di sepoltura della <em>natione<\/em> documento tangibile della complessa rete di rapporti esistenti tra questa e le altre comunit\u00e0 forestiere e Napoli.<\/p>\n<\/div>\n<p>&nbsp;<\/p>\n<p style=\"text-align: center;\"><em>Giovanni Antonio Dosio and the Del Riccio chapel in San Giovanni dei Fiorentini in Naples<\/em><\/p>\n<div align=\"justify\"> The article presents a little known Neapolitan commission by Giovanni Antonio Dosio (1533\u20131611). After his important works in Rome and commissions in Florence, the architect arrived in Naples around 1590. Although his involvement in the Girolamini and Certosa di San Martino complexes is well known and documented, his \u201clesser\u201d productions have yet to be investigated.<br \/>\nIn this context, the author examines a drawing attributable to Dosio, representing the tomb slab commissioned by the Florentine merchant Luigi Del Riccio for his family chapel in San Giovanni dei Fiorentini in Naples. In addition to the letter already published by Emanuele Barletti in his volume on the architect, a number of unpublished documents are presented here, in particular several letters and an accounting document listing various expenditures. Moreover, the author discusses a second drawing by the architect, executed as a proposal for the modernization of the Del Riccio chapel. A payment found in the account book of the Neapolitan commercial association concludes the documentary reconstruction and attests to the completed execution of the tomb slab, while a later letter addressed to the Grand Duke sheds new light on the relations Dosio maintained with the homeland. The damnatio memoriae of this episode, reconstructed here on the basis of documentation in the Naldini del Riccio archive in Florence, was certainly facilitated by the demolition of the Neapolitan church in 1953. After surviving World War II bombings almost unscathed, the regrettable destruction of the building has deprived the city of an irreplaceable monument, together the testing ground for numerous Florentine artists, place of burial for the natione and a tangible document of the complex web of relationships between this and the other foreign communities, and Naples.<\/p>\n","protected":false},"excerpt":{"rendered":"<p>Estratto dal fascicolo 26 (aprile-giugno 2015) L\u2019articolo presenta una commissione napoletana pressoch\u00e9 sconosciuta di Giovanni Antonio Dosio (1533-1611).<\/p>\n","protected":false},"author":1,"featured_media":0,"parent":0,"menu_order":0,"comment_status":"closed","ping_status":"closed","template":"","meta":{"footnotes":""},"categories":[],"tags":[],"class_list":["post-13938","page","type-page","status-publish","hentry"],"_links":{"self":[{"href":"https:\/\/bollettinodarte.cultura.gov.it\/index.php?rest_route=\/wp\/v2\/pages\/13938","targetHints":{"allow":["GET"]}}],"collection":[{"href":"https:\/\/bollettinodarte.cultura.gov.it\/index.php?rest_route=\/wp\/v2\/pages"}],"about":[{"href":"https:\/\/bollettinodarte.cultura.gov.it\/index.php?rest_route=\/wp\/v2\/types\/page"}],"author":[{"embeddable":true,"href":"https:\/\/bollettinodarte.cultura.gov.it\/index.php?rest_route=\/wp\/v2\/users\/1"}],"replies":[{"embeddable":true,"href":"https:\/\/bollettinodarte.cultura.gov.it\/index.php?rest_route=%2Fwp%2Fv2%2Fcomments&post=13938"}],"version-history":[{"count":9,"href":"https:\/\/bollettinodarte.cultura.gov.it\/index.php?rest_route=\/wp\/v2\/pages\/13938\/revisions"}],"predecessor-version":[{"id":13940,"href":"https:\/\/bollettinodarte.cultura.gov.it\/index.php?rest_route=\/wp\/v2\/pages\/13938\/revisions\/13940"}],"wp:attachment":[{"href":"https:\/\/bollettinodarte.cultura.gov.it\/index.php?rest_route=%2Fwp%2Fv2%2Fmedia&parent=13938"}],"wp:term":[{"taxonomy":"category","embeddable":true,"href":"https:\/\/bollettinodarte.cultura.gov.it\/index.php?rest_route=%2Fwp%2Fv2%2Fcategories&post=13938"},{"taxonomy":"post_tag","embeddable":true,"href":"https:\/\/bollettinodarte.cultura.gov.it\/index.php?rest_route=%2Fwp%2Fv2%2Ftags&post=13938"}],"curies":[{"name":"wp","href":"https:\/\/api.w.org\/{rel}","templated":true}]}}