{"id":3997,"date":"2023-04-26T15:08:31","date_gmt":"2023-04-26T13:08:31","guid":{"rendered":"http:\/\/bollettinodarte.cultura.gov.it\/?page_id=3997"},"modified":"2024-02-28T12:34:22","modified_gmt":"2024-02-28T11:34:22","slug":"mirella-serlorenzi-le-testimonianze-medievali-nei-cantieri-di-piazza-venezia","status":"publish","type":"page","link":"https:\/\/bollettinodarte.cultura.gov.it\/?page_id=3997","title":{"rendered":"Mirella Serlorenzi: Le Testimonianze Medievali Nei Cantieri Di Piazza Venezia"},"content":{"rendered":"<div align=\"justify\">\n<p><strong>Estratto dal volume speciale <span style=\"font-size: 12pt;\"><em>Archeologia E Infrastrutture. Il Tracciato Fondamentale Della Linea C Della Metropolitana Di Roma: Prime Indagini Archeologich<\/em>e (2010)<\/span><\/strong><\/p>\n<p>Le aree prese in considerazione in questo contributo si trovano in una zona abbastanza circoscritta e riguardano le indagini effettuate: a piazza Santi Apostoli e via Cesare Battisti, se pur con sondaggi ridotti; a piazza Venezia con un saggio dell\u2019estensione di circa mq 900 e a piazza Madonna di Loreto con uno scavo ancora in corso della dimensione di circa mq 500.<br \/>\nLa complessit\u00e0 dei rinvenimenti, e a volte la parzialit\u00e0 dell\u2019indagine, non permette di delineare un quadro topografico certo, tuttavia sono abbastanza chiare alcune dinamiche che hanno regolato l\u2019insediamento urbanistico nel periodo post antico.<br \/>\nL\u2019elemento determinante per lo sviluppo dell\u2019area di piazza Venezia \u00e8 costituito dalla presenza della via Lata, che senza soluzione di continuit\u00e0 giunge fino all\u2019inizio del XX secolo: il suo livello cresce nel corso del tempo per pi\u00f9 di m 3.<br \/>\nL\u2019inizio del VI secolo costituisce un periodo di degrado delle strutture romane dalle quali vengono asportati tutti i rivestimenti marmorei e riconvertiti ad altri usi. L\u2019unico sito che fa eccezione riguarda il complesso sulla via Lata che mantiene la funzione originaria.<br \/>\nPi\u00f9 complesse sono le trasformazioni che avvengono durante tutto l\u2019Alto Medioevo, periodo durante il quale continua l\u2019impoverimento del tessuto urbano a detrimento degli edifici classici. La rinascita carolingia vede una ripresa delle attivit\u00e0 costruttive ed una rioccupazione degli spazi, ma purtroppo il forte terremoto della met\u00e0 del IX secolo pone fine a questa vitalit\u00e0.<br \/>\nNel periodo compreso tra X\u2013XI secolo sono poche le tracce rinvenute nei cantieri di scavo, \u00e8 noto tuttavia, anche dalle fonti documentarie, che la riorganizzazione urbanistica della citt\u00e0 nasce proprio in questo periodo.<br \/>\nA partire dal XII secolo e in particolar modo nel XIII, in tutte le aree indagate sono presenti nuove strutture murarie che indicano una urbanizzazione assai articolata. Tali edifici sono poi successivamente cancellati dai poderosi resti delle cantine dei palazzi rinascimentali; tra essi si ricorda come caso emblematico l\u2019edificazione del primo Palazzo Vescovile: il Palazzetto Venezia.<br \/>\nTali strutture sono giunte fino al XX secolo quando, in particolare con la costruzione del Vittoriano e di piazza Venezia, furono demoliti una grande quantit\u00e0 di edifici.<\/p>\n<p>&nbsp;<\/p>\n<p style=\"text-align: center;\"><strong>The medieval remains found in the excavations in Piazza Venezia<\/strong><\/p>\n<p>The article reviews the findings of the excavations conducted during building work for the construction of Line C of the metropolitana in a fairly circumscribed zone in Piazza Venezia and its vicinity. They concern the excavations of limited extent conducted in Piazza Santi Apostoli and Via Cesare Battisti; the excavations covering an area of c. 900 sq m in Piazza Venezia itself; and the excavation still in progress covering an area of c.500 sq m in Piazza Madonna di Loreto.<br \/>\nThe complexity of the finds and at times the partial nature of the explorations do not permit a reliable topographical picture as yet to be defined. Yet some dynamics that regulated the urban settlement in the post\u2013antique period seem fairly clear.<br \/>\nThe decisive factor for the urban development of the Piazza Venezia area consists of the presence of the ancient via Lata, which survived without interruption until the early years of the 20th century: its level rose by over 3 m in the course of time.<br \/>\nThe early 6th century represented a period of the deterioration of Roman structures, which were spoliated of all their marble revetments and reconverted to other uses. The one site that formed an exception was the complex on the via Lata which maintained its original function.<br \/>\nMore complex are the transformations that took place through the Dark Ages, a period during which the impoverishment of the urban fabric to the detriment of the classical buildings continued.<br \/>\nThe Carolingian renaissance was marked by a resumption of some building activity and a re\u2013occupation of abandoned spaces, but unfortunately the powerful earthquake of the mid\u20139th century put an end to this revival. Few traces dating to the period between the 10th and 11th century have been found in the excavations; but that the urban reorganization of the city began during this period is known from the documentary sources.<br \/>\nSigns of a revival in building from the early 12th and especially in the 13th century are confirmed by the structural remains dating to this period that were found during all the areas explored. They point to a wide\u2013ranging process of urban regeneration. These buildings were later demolished to make way for the massive foundations of the Renaissance palaces in the area; emblematic among them is the building of the first bishop\u2019s palace: the Palazzetto Venezia.<br \/>\nThese structures survived until the early 20th century when many buildings were demolished in the wave of urbanization at the turn of the century, in particular with the construction of the Vittoriano and the laying out of Piazza Venezia<\/p>\n<\/div>\n","protected":false},"excerpt":{"rendered":"<p>Estratto dal volume speciale Archeologia E Infrastrutture.<\/p>\n","protected":false},"author":1,"featured_media":0,"parent":0,"menu_order":0,"comment_status":"closed","ping_status":"closed","template":"","meta":{"footnotes":""},"categories":[],"tags":[],"class_list":["post-3997","page","type-page","status-publish","hentry"],"_links":{"self":[{"href":"https:\/\/bollettinodarte.cultura.gov.it\/index.php?rest_route=\/wp\/v2\/pages\/3997","targetHints":{"allow":["GET"]}}],"collection":[{"href":"https:\/\/bollettinodarte.cultura.gov.it\/index.php?rest_route=\/wp\/v2\/pages"}],"about":[{"href":"https:\/\/bollettinodarte.cultura.gov.it\/index.php?rest_route=\/wp\/v2\/types\/page"}],"author":[{"embeddable":true,"href":"https:\/\/bollettinodarte.cultura.gov.it\/index.php?rest_route=\/wp\/v2\/users\/1"}],"replies":[{"embeddable":true,"href":"https:\/\/bollettinodarte.cultura.gov.it\/index.php?rest_route=%2Fwp%2Fv2%2Fcomments&post=3997"}],"version-history":[{"count":6,"href":"https:\/\/bollettinodarte.cultura.gov.it\/index.php?rest_route=\/wp\/v2\/pages\/3997\/revisions"}],"predecessor-version":[{"id":13188,"href":"https:\/\/bollettinodarte.cultura.gov.it\/index.php?rest_route=\/wp\/v2\/pages\/3997\/revisions\/13188"}],"wp:attachment":[{"href":"https:\/\/bollettinodarte.cultura.gov.it\/index.php?rest_route=%2Fwp%2Fv2%2Fmedia&parent=3997"}],"wp:term":[{"taxonomy":"category","embeddable":true,"href":"https:\/\/bollettinodarte.cultura.gov.it\/index.php?rest_route=%2Fwp%2Fv2%2Fcategories&post=3997"},{"taxonomy":"post_tag","embeddable":true,"href":"https:\/\/bollettinodarte.cultura.gov.it\/index.php?rest_route=%2Fwp%2Fv2%2Ftags&post=3997"}],"curies":[{"name":"wp","href":"https:\/\/api.w.org\/{rel}","templated":true}]}}