{"id":4029,"date":"2023-04-26T15:29:43","date_gmt":"2023-04-26T13:29:43","guid":{"rendered":"http:\/\/bollettinodarte.cultura.gov.it\/?page_id=4029"},"modified":"2024-02-28T12:35:52","modified_gmt":"2024-02-28T11:35:52","slug":"anna-buccellato-la-linea-c-nel-vi-municipio-note-sul-paesaggio-suburbano-e-la-metodologia-di-scavo-archeologico","status":"publish","type":"page","link":"https:\/\/bollettinodarte.cultura.gov.it\/?page_id=4029","title":{"rendered":"Anna Buccellato: La Linea C Nel Vi Municipio. Note Sul Paesaggio Suburbano E La Metodologia Di Scavo Archeologico"},"content":{"rendered":"<div align=\"justify\">\n<p><strong>Estratto dal volume speciale <span style=\"font-size: 12pt;\"><em>Archeologia E Infrastrutture. Il Tracciato Fondamentale Della Linea C Della Metropolitana Di Roma: Prime Indagini Archeologich<\/em>e (2010)<\/span><\/strong><\/p>\n<p>Le indagini preventive, realizzate nel 1999, hanno individuato nelle aree destinate alle infrastrutture della nuova linea C della metropolitana, contesti archeologici che raccontano il paesaggio antico.<br \/>\nPertanto il parere favorevole da parte della Soprintendenza \u00e8 stato condizionato alla valorizzazione dei manufatti, attraverso il recupero del dato scientifico attuato dal 2000 e tutt\u2019ora in corso, con lo scavo integrale e la catalogazione e lo studio dei materiali, sino all\u2019edizione scientifica, con previsione di allestimenti museali anche all\u2019interno delle stazioni di progetto.<br \/>\nIn un settore fortemente caratterizzato dal tessuto tardo antico, \u00e8 stato possibile documentare archeologicamente le strategie di sfruttamento capillare del suolo gi\u00e0 in atto dall\u2019epoca repubblicana e note fino ad oggi su basi storiche e letterarie.<br \/>\nSe da un lato sono stati rimessi in luce i fondi destinati a produzioni agricole su larga scala, con complessi apprestamenti idrici, dall\u2019altra le attestazioni di attivit\u00e0 estrattive per la fornitura di materiale arido da costruzione hanno evidenziato una singolare continuit\u00e0 d\u2019uso con l\u2019epoca moderna. Tale continuit\u00e0 si evidenzia sia nella parziale sovrapposizione nelle varie fasi dell\u2019attivit\u00e0, sia nella riconversione, gi\u00e0 in et\u00e0 antica, con ritombamento delle cave attraverso materiale di risulta dalle aree urbane.<br \/>\n\u00c8 da sottolineare come non sarebbe stato possibile effettuare scavi di tali dimensioni in un\u2019area urbanizzata, se non coordinando le indagini con gli apprestamenti di sicurezza e con una quotidiana sinergia tra risorse tecniche e le esigenze scientifiche.<\/p>\n<p>&nbsp;<\/p>\n<p style=\"text-align: center;\"><strong>Line C in Municipio VI. Notes on the suburban landscape<br \/>\nand archaeological excavation methodology<\/strong><\/p>\n<p>Preventive exploration of the areas earmarked for the infrastructures of the new Metro Line C in 1999 identified archaeological contexts that provide important information about the ancient landscape.<br \/>\nThe project\u2019s approval by the Soprintendenza Speciale per i Beni Archeologici di Roma was therefore conditional on the proper study and conservation of the archaeological finds made during the rescue campaign begun in 2000 and still in progress; this ranged from the complete excavation of the sites, the cataloguing and analysis of the artefacts, their scientific publication, and plans to display some of the finds in the subway stations.<br \/>\nIn an area so strongly characterized by late antiquity, it was possible to document in archaeological terms the strategies for intensive land use already in the Roman republican period and hitherto known only on the basis of the historical and literary sources.<br \/>\nThe excavations revealed traces not only of Roman estates for large-scale agricultural production, with complex irrigation systems, but also evidence of quarrying activity for the supply of building materials, with a striking continuity of use with the modern period. This continuity is shown both by a partial overlap in the various phases of quarrying, and by the reconversion, already in antiquity, of quarries into landfill sites for the dumping of waste materials from urban areas.<br \/>\nIt should be stressed that it would not have been possible to conduct excavations on this scale in an urbanized area without their proper coordination with the necessary safety measures and a daily synergy between technical resources and scientific requirements.<\/p>\n<\/div>\n","protected":false},"excerpt":{"rendered":"<p>Estratto dal volume speciale Archeologia E Infrastrutture.<\/p>\n","protected":false},"author":1,"featured_media":0,"parent":0,"menu_order":0,"comment_status":"closed","ping_status":"closed","template":"","meta":{"footnotes":""},"categories":[],"tags":[],"class_list":["post-4029","page","type-page","status-publish","hentry"],"_links":{"self":[{"href":"https:\/\/bollettinodarte.cultura.gov.it\/index.php?rest_route=\/wp\/v2\/pages\/4029","targetHints":{"allow":["GET"]}}],"collection":[{"href":"https:\/\/bollettinodarte.cultura.gov.it\/index.php?rest_route=\/wp\/v2\/pages"}],"about":[{"href":"https:\/\/bollettinodarte.cultura.gov.it\/index.php?rest_route=\/wp\/v2\/types\/page"}],"author":[{"embeddable":true,"href":"https:\/\/bollettinodarte.cultura.gov.it\/index.php?rest_route=\/wp\/v2\/users\/1"}],"replies":[{"embeddable":true,"href":"https:\/\/bollettinodarte.cultura.gov.it\/index.php?rest_route=%2Fwp%2Fv2%2Fcomments&post=4029"}],"version-history":[{"count":9,"href":"https:\/\/bollettinodarte.cultura.gov.it\/index.php?rest_route=\/wp\/v2\/pages\/4029\/revisions"}],"predecessor-version":[{"id":13193,"href":"https:\/\/bollettinodarte.cultura.gov.it\/index.php?rest_route=\/wp\/v2\/pages\/4029\/revisions\/13193"}],"wp:attachment":[{"href":"https:\/\/bollettinodarte.cultura.gov.it\/index.php?rest_route=%2Fwp%2Fv2%2Fmedia&parent=4029"}],"wp:term":[{"taxonomy":"category","embeddable":true,"href":"https:\/\/bollettinodarte.cultura.gov.it\/index.php?rest_route=%2Fwp%2Fv2%2Fcategories&post=4029"},{"taxonomy":"post_tag","embeddable":true,"href":"https:\/\/bollettinodarte.cultura.gov.it\/index.php?rest_route=%2Fwp%2Fv2%2Ftags&post=4029"}],"curies":[{"name":"wp","href":"https:\/\/api.w.org\/{rel}","templated":true}]}}