{"id":47,"date":"2022-07-29T12:05:23","date_gmt":"2022-07-29T10:05:23","guid":{"rendered":"http:\/\/bollettinodarte.cultura.gov.it\/?page_id=47"},"modified":"2023-09-13T14:09:36","modified_gmt":"2023-09-13T12:09:36","slug":"note-legali","status":"publish","type":"page","link":"https:\/\/bollettinodarte.cultura.gov.it\/?page_id=47","title":{"rendered":"Note Legali"},"content":{"rendered":"<table width=\"100%\">\n<tbody>\n<tr>\n<td colspan=\"3\"><strong>COPYRIGHT<\/strong><\/p>\n<p align=\"JUSTIFY\">Fatti salvi i diritti morali degli autori, il\u00a0<em>Ministero della cultura<\/em>\u00a0\u00e8 titolare del copyright sui testi pubblicati nel\u00a0<em>Bollettino d\u2019Arte<\/em>\u00a0e consultabili anche on line. Lo stesso vale per le banche dati e i testi firmati all\u2019interno del Sito.<br \/>\nIl copyright sulle immagini appartenenti ad enti pubblici o a privati spetta ai rispettivi titolari menzionati nelle didascalie delle immagini.<br \/>\nIl loro utilizzo \u00e8 consentito esclusivamente per uso scientifico e didattico, non finalizzato a scopo di lucro [Legge 9 gennaio 2008, n. 2 \u201cDisposizioni concernenti\u00a0la Societ\u00e0\u00a0italiana degli autori e degli editori\u201d, Art. 2\u00a0<em>(Usi liberi didattici e scientifici<\/em>):\u00a0<em>\u00ab1-bis. \u00c8 consentita la libera pubblicazione attraverso la rete internet, a titolo gratuito, di immagini e musiche a bassa risoluzione o degradate, per uso didattico o scientifico e solo nel caso in cui tale utilizzo non sia\u00a0\u00a0a scopo di lucro. \u2026<\/em>\u00bb].<br \/>\nSono consentite le citazioni a titolo di cronaca, studio, critica o recensione, purch\u00e9 accompagnate dal nome dell\u2019autore dell\u2019articolo, dall\u2019indicazione della fonte \u201cBollettino d\u2019Arte\u201d, integrati rispettivamente dal numero del volume, dall\u2019anno di pubblicazione e dall\u2019indirizzo telematico del Sito web <a href=\"https:\/\/bollettinodarte.cultura.gov.it\">https:\/\/bollettinodarte.cultura.gov.it<\/a> .<\/p>\n<p>&nbsp;<\/p>\n<p><strong>LIBERATORIA PER L\u2019USO DI IMMAGINI, TESTI, E CONTENUTI AUDIO E VIDEO PRESENTI SUL SITO WEB DEL BOLLETTINO D\u2019ARTE DEL MINISTERO PER I BENI E LE ATTIVIT\u00c0<\/strong>\u00a0<strong>CULTURALI\u00a0 E PER IL TURISMO<\/strong><\/p>\n<p align=\"JUSTIFY\">Il sito web\u00a0<a href=\"https:\/\/bollettinodarte.cultura.gov.it\/\">https:\/\/bollettinodarte.cultura.gov.it<\/a>\u00a0(&#8220;Sito&#8221;), e tutti i contenuti (testi, audio, video, immagini, prodotti e servizi, collettivamente \u201cContenuti\u201d) accessibili su o attraverso di esso, sono messi a disposizione degli utenti senza in alcun modo avallare gli usi che gli utenti stessi ne possano fare.<br \/>\nI diritti riguardanti l&#8217;uso delle immagini di opere d&#8217;arte esposte in ogni pagina del Sito appartengono ai rispettivi proprietari.<\/p>\n<p>&nbsp;<\/p>\n<p><strong>Download<\/strong><\/p>\n<p align=\"JUSTIFY\">Chi scarica, usa o trasmette Contenuti reperiti su o attraverso il Sito non pu\u00f2 ritenere in nessun modo assolte le competenze spettanti ai detentori dei rispettivi diritti di tali Contenuti; salvo diversa indicazione, gli oggetti e i materiali eventualmente presenti nelle pagine del Sito sono disponibili alle condizioni stabilite dai rispettivi titolari.<\/p>\n<p>&nbsp;<\/p>\n<p><strong>Clausole di esclusione della responsabilit\u00e0<\/strong><\/p>\n<p align=\"JUSTIFY\">Il Sito web <a href=\"https:\/\/bollettinodarte.cultura.gov.it\">https:\/\/bollettinodarte.cultura.gov.it<\/a> pu\u00f2 contenere collegamenti o essere a sua volta inserito in link a Contenuti creati o caricati da terze parti (\u201cContenuti di terze parti\u201d). I Contenuti di terze parti non rappresentano necessariamente le opinioni dei responsabili del \u201cSito\u201d, n\u00e9 della redazione generale direttiva, n\u00e9 delle altre redazioni, n\u00e9 dei suoi collaboratori.<br \/>\nI responsabili del Sito non controllano, monitorano, avallano o garantiscono in alcun modo i Contenuti di terze parti. In nessun caso i responsabili del Sito potranno essere ritenuti responsabili, direttamente o indirettamente, per danni o perdite causate o che si pensa possano essere state causate dall\u2019uso o dal riferimento a Contenuti reperiti su o attraverso il nostro Sito.<br \/>\nI responsabili del Sito non si ritengono responsabili per attivit\u00e0 dolose risultate dallo scaricamento o dall\u2019utilizzo di \u201cContenuti\u201d presenti sul proprio Sito web o accessibili attraverso di esso.<br \/>\nI Contenuti presenti sul Sito possono essere cambiati o rimossi senza notizia preventiva.<\/p>\n<p>&nbsp;<\/p>\n<p><strong>PRIVACY<\/strong><\/p>\n<p align=\"JUSTIFY\">I responsabili del Sito web <a href=\"https:\/\/bollettinodarte.cultura.gov.it\">https:\/\/bollettinodarte.cultura.gov.it<\/a>, garantiscono che il trattamento dei dati pervenuti via posta elettronica o moduli elettronici di richiesta, \u00e8 conforme a quanto previsto dalla normativa vigente sulla privacy (GDPR 2016\/679). Tutto quanto dovesse pervenire all\u2019indirizzo di posta elettronica bollettinodarte@cultura.gov.it non sar\u00e0 considerato informazione o dato di natura confidenziale, non dovr\u00e0 violare diritti altrui e dovr\u00e0 contenere informazioni valide, veritiere e non lesive di diritti altrui. In ogni caso, non potr\u00e0 essere attribuita a questo Sito responsabilit\u00e0 alcuna sul contenuto dei messaggi pervenuti all\u2019indirizzo di posta elettronica di questo Sito.<\/p>\n<\/td>\n<\/tr>\n<\/tbody>\n<\/table>\n<p>&nbsp;<\/p>\n","protected":false},"excerpt":{"rendered":"<p>COPYRIGHT Fatti salvi i diritti morali degli autori, il\u00a0Ministero della cultura\u00a0\u00e8 titolare del copyright sui testi pubblicati nel\u00a0Bollettino d\u2019Arte\u00a0e consultabili anche on line.<\/p>\n","protected":false},"author":1,"featured_media":0,"parent":0,"menu_order":0,"comment_status":"closed","ping_status":"closed","template":"","meta":{"footnotes":""},"categories":[],"tags":[],"class_list":["post-47","page","type-page","status-publish","hentry"],"_links":{"self":[{"href":"https:\/\/bollettinodarte.cultura.gov.it\/index.php?rest_route=\/wp\/v2\/pages\/47","targetHints":{"allow":["GET"]}}],"collection":[{"href":"https:\/\/bollettinodarte.cultura.gov.it\/index.php?rest_route=\/wp\/v2\/pages"}],"about":[{"href":"https:\/\/bollettinodarte.cultura.gov.it\/index.php?rest_route=\/wp\/v2\/types\/page"}],"author":[{"embeddable":true,"href":"https:\/\/bollettinodarte.cultura.gov.it\/index.php?rest_route=\/wp\/v2\/users\/1"}],"replies":[{"embeddable":true,"href":"https:\/\/bollettinodarte.cultura.gov.it\/index.php?rest_route=%2Fwp%2Fv2%2Fcomments&post=47"}],"version-history":[{"count":6,"href":"https:\/\/bollettinodarte.cultura.gov.it\/index.php?rest_route=\/wp\/v2\/pages\/47\/revisions"}],"predecessor-version":[{"id":11466,"href":"https:\/\/bollettinodarte.cultura.gov.it\/index.php?rest_route=\/wp\/v2\/pages\/47\/revisions\/11466"}],"wp:attachment":[{"href":"https:\/\/bollettinodarte.cultura.gov.it\/index.php?rest_route=%2Fwp%2Fv2%2Fmedia&parent=47"}],"wp:term":[{"taxonomy":"category","embeddable":true,"href":"https:\/\/bollettinodarte.cultura.gov.it\/index.php?rest_route=%2Fwp%2Fv2%2Fcategories&post=47"},{"taxonomy":"post_tag","embeddable":true,"href":"https:\/\/bollettinodarte.cultura.gov.it\/index.php?rest_route=%2Fwp%2Fv2%2Ftags&post=47"}],"curies":[{"name":"wp","href":"https:\/\/api.w.org\/{rel}","templated":true}]}}