{"id":5457,"date":"2023-05-25T14:28:53","date_gmt":"2023-05-25T12:28:53","guid":{"rendered":"http:\/\/bollettinodarte.cultura.gov.it\/?page_id=5457"},"modified":"2023-11-03T10:45:22","modified_gmt":"2023-11-03T09:45:22","slug":"nicole-dacos-dubois-dumonstier-duval-tous-en-italie-pour-apprendre-estratto-dal-fasc-4-serie-vii","status":"publish","type":"page","link":"https:\/\/bollettinodarte.cultura.gov.it\/?page_id=5457","title":{"rendered":"Nicole Dacos: Dubois, Dumonstier, Duval &#8230;: tous en Italie pour apprendre"},"content":{"rendered":"<div align=\"justify\"><strong>Estratto dal fascicolo 4 (ottobre-dicembre 2009)\u00a0<\/strong><\/p>\n<div align=\"justify\"><\/div>\n<div align=\"justify\">Nel corso del secolo XVI,\u00a0gli artisti francesi sono venuti a completare la loro formazione in Italia, specialmente a Roma , allo stesso titolo di quelli provenienti dagli antichi Paesi Bassi o dalla penisola iberica, ma il loro viaggio \u00e8 stato meno studiato. Questo studio prende in considerazione tre casi.<\/div>\n<div align=\"justify\">1. \u2013 Geoffroy Dumonstier , uno dei membri della bottega francese del Rosso Fiorentino, deve essere partito poco dopo la morte del maestro. Le sue incisioni rivelano particolarmente la conoscenza di Polidoro da Caravaggio. Nell\u2019articolo viene pubblicato un disegno inedito dell\u2019artista tratto dalla volta della Cappella Sistina, non ripreso per\u00f2 direttamente dall\u2019affresco ma attraverso un progetto alternativo o una copia variata.<\/div>\n<div align=\"justify\">2. &#8211; La participazione di Marc Duval agli affreschi di Palazzo Ricci-Sacchetti a Roma nel 1553, a suo tempo proposta da Edith Hewett, trova conferma nel confronto con le incisioni dell\u2019artista. L\u2019Autore gli restituisce anche un dipinto prossimo a Perin del Vaga, eseguito probabilmente a Genova , al momento della sua discesa in Italia.<\/div>\n<div align=\"justify\">\n<p>3. &#8211; Ambroise Dubois, che ha lavorato negli anni 1609-1610 nel Cabinet de Th\u00e9ag\u00e8ne a Fontainebleau, pu\u00f2 essere identificato con il pittore indicato convenzionalmente da Carl Van de Velde come \u00ab\u00a0Pseudo-Marten de Vos\u00a0\u00bb. Egli \u00e8, inoltre, l\u2019autore a Roma degli affreschi con\u00a0gli \u2018Amori degli Dei\u2019 nel Palazzo Ricci-Sacchetti, nell\u2019ala aggiunta dopo il\u00a01575 da Tiberio Ceuli. Quando, dopo il rientro ad Anversa, Dubois \u00e8 andato a stabilirsi in Francia, ha studiato Primaticcio, come dimostra, tra le altre cose, un disegno inedito tratto dalla Galerie d\u2019Ulysse.<\/p>\n<p>&nbsp;<\/p>\n<div align=\"justify\"><\/div>\n<p style=\"text-align: center;\"><strong>Dubois, Dumonstier, Duval \u2026: French artists in Italy to study<\/strong><\/p>\n<div align=\"justify\">During the 16th century, many French artists came to complete their training in Italy, especially in Rome, in just the same way as those from the Low Countries and the Iberian peninsula, but their Italian journeys have been less studied. This study examines three cases.<\/div>\n<div align=\"justify\">\n<div align=\"justify\">1. \u2013 Geoffroy Dumonstier, one of the members of the French workshop of Rosso Fiorentino, must have left for Italy shortly after the death of the master in 1540. His engravings reveal in particular knowledge of the works of Polidoro da Caravaggio. An unpublished drawing of the artist, inspired by the ceiling of the Sistine Chapel, is published in the article; it is not based directly on Michelangelo\u2019s fresco, but on an alternative project or variant copy.<br \/>\n2. \u2013 The participation of Marc Duval in the frescoes of the Palazzo Ricci\u2013Sacchetti in Rome in 1553, as already proposed by Edith Hewett, is confirmed by comparison with the artist\u2019s prints. The author also attributes to him a painting close to Perin del Vaga, probably executed in Genoa, at the time of Duval\u2019s journey south to Italy.<br \/>\n3. \u2013 Ambroise Dubois, who worked in the Cabinet de Th\u00e9ag\u00e8ne at Fontainebleau in the years 1609\u20131610, can be identified with the painter indicated conventionally by Carl Van de Velde as the \u201cPseudo\u2013Marten de Vos\u201d. He too was active in the Palazzo Ricci\u2013Sacchetti in Rome, where he painted the frescoes of the \u2018Loves of the Gods\u2019 in the wing added by Tiberio Ceuli after 1575. Following his return to Antwerp, Dubois later settled in France, where he studied Primaticcio at Fontainebleau, as demonstrated, among other things, by an unpublished drawing based on the Galerie d\u2019Ulysse.<\/div>\n<\/div>\n<\/div>\n","protected":false},"excerpt":{"rendered":"<p>Estratto dal fascicolo 4 (ottobre-dicembre 2009)\u00a0 Nel corso del secolo XVI,\u00a0gli artisti francesi sono venuti a completare la loro formazione in Italia, specialmente a Roma , allo stesso titolo di quelli provenienti dagli antichi Paesi Bassi o dalla penisola iberica, ma il loro viaggio \u00e8 stato meno studiato.<\/p>\n","protected":false},"author":1,"featured_media":0,"parent":0,"menu_order":0,"comment_status":"closed","ping_status":"closed","template":"","meta":{"footnotes":""},"categories":[],"tags":[],"class_list":["post-5457","page","type-page","status-publish","hentry"],"_links":{"self":[{"href":"https:\/\/bollettinodarte.cultura.gov.it\/index.php?rest_route=\/wp\/v2\/pages\/5457","targetHints":{"allow":["GET"]}}],"collection":[{"href":"https:\/\/bollettinodarte.cultura.gov.it\/index.php?rest_route=\/wp\/v2\/pages"}],"about":[{"href":"https:\/\/bollettinodarte.cultura.gov.it\/index.php?rest_route=\/wp\/v2\/types\/page"}],"author":[{"embeddable":true,"href":"https:\/\/bollettinodarte.cultura.gov.it\/index.php?rest_route=\/wp\/v2\/users\/1"}],"replies":[{"embeddable":true,"href":"https:\/\/bollettinodarte.cultura.gov.it\/index.php?rest_route=%2Fwp%2Fv2%2Fcomments&post=5457"}],"version-history":[{"count":7,"href":"https:\/\/bollettinodarte.cultura.gov.it\/index.php?rest_route=\/wp\/v2\/pages\/5457\/revisions"}],"predecessor-version":[{"id":6018,"href":"https:\/\/bollettinodarte.cultura.gov.it\/index.php?rest_route=\/wp\/v2\/pages\/5457\/revisions\/6018"}],"wp:attachment":[{"href":"https:\/\/bollettinodarte.cultura.gov.it\/index.php?rest_route=%2Fwp%2Fv2%2Fmedia&parent=5457"}],"wp:term":[{"taxonomy":"category","embeddable":true,"href":"https:\/\/bollettinodarte.cultura.gov.it\/index.php?rest_route=%2Fwp%2Fv2%2Fcategories&post=5457"},{"taxonomy":"post_tag","embeddable":true,"href":"https:\/\/bollettinodarte.cultura.gov.it\/index.php?rest_route=%2Fwp%2Fv2%2Ftags&post=5457"}],"curies":[{"name":"wp","href":"https:\/\/api.w.org\/{rel}","templated":true}]}}