{"id":5580,"date":"2023-05-31T12:08:11","date_gmt":"2023-05-31T10:08:11","guid":{"rendered":"http:\/\/bollettinodarte.cultura.gov.it\/?page_id=5580"},"modified":"2023-11-03T10:46:38","modified_gmt":"2023-11-03T09:46:38","slug":"laura-de-fuccia-qualche-precisazione-a-proposito-di-cochin-de-venise-estratto-dal-fasc-4-serie-vii","status":"publish","type":"page","link":"https:\/\/bollettinodarte.cultura.gov.it\/?page_id=5580","title":{"rendered":"Laura de Fuccia: Qualche precisazione a proposito di Cochin de Venise"},"content":{"rendered":"<p align=\"justify\"><strong>Estratto dal fascicolo 4 (ottobre-dicembre 2009)\u00a0<\/strong><\/p>\n<p align=\"justify\">Personalit\u00e0 di spicco della pittura di paesaggio nella Venezia del Seicento, dove questo genere era una specialit\u00e0 dei \u201cforesti\u201d (stranieri),\u00a0Cochin de Venise (Troyes, 1622- Venezia, 1679) \u00e8 rimasto a lungo una figura enigmatica, confusa con quella degli omonimi incisori No\u00ebl e No\u00ebl Robert Cochin gi\u00e0 a partire dal Settecento. All\u2019incertezza sull\u2019identit\u00e0 dell\u2019artista, si aggiungevano anche i vaghi indizi sulla cronologia della sua vita e la rarit\u00e0 delle opere attribuitegli. Celebrato da conoscitori come Marco Boschini, Quintiliano Rezzonico e Pierre-Jean Mariette, sollecitato da committenti come Giacomo Correr, Jean-Baptiste Colbert e Louis Le Vau, il pittore \u00e8 stato poi progressivamente relegato in un oblio quasi completo che ne rendeva la fisionomia leggendaria. Nuovi ritrovamenti archivistici permettono ormai di delineare pi\u00f9 chiaramente il profilo biografico di questo artista e di definire l\u2019aspetto della sua produzione. Le opere che gli si attribuiscono permettono ora di valutare quale sia stato l\u2019esito della sua formazione tra Roma e le lagune \u2014 sulla scia di Carracci, Gaspard Dughet e dei paesaggi tizianeschi \u2014 e di comprendere come l\u2019artista si sia ritagliato un ruolo di tutto rilievo nella diffusione della paesaggio classico a Venezia e in Europa.<\/p>\n<p>&nbsp;<\/p>\n<p style=\"text-align: center;\"><strong>Some remarks on Cochin de Venise<\/strong><\/p>\n<div align=\"justify\">Leading exponent of landscape painting in Seicento Venice, where this genre was a speciality of \u201cforesti\u201d (foreigners), Cochin de Venise (Troyes, 1622\u2013Venice, 1679) long remained an enigmatic figure; already in the 18th century he was confused with the printmakers of the same name, No\u00ebl and No\u00ebl Robert Cochin. Uncertainty, or confusion, about the artist\u2019s identity has been compounded by the vague information available about the chronology of his life and the rarity of the works attributed to him. Celebrated by connoisseurs such as Marco Boschini, Quintiliano Rezzonico and Pierre\u2013Jean Mariette, courted by patrons such as Giacomo Correr, Jean\u2013Baptiste Colbert and Louis Le Vau, the painter was then progressively relegated to almost complete oblivion. He became a figure of legend. But new archival finds now enable us more clearly to reconstruct his biographical profile and define his oeuvre. The works attributed to him also permit us to evaluate the roots of his art: his training in Rome and Venice \u2014 in the footsteps of Carracci, Gaspard Dughet and the landscapes of Titian and his school \u2014 and to grasp how the artist created for himself a distinctive and significant role in the dissemination of the classical landscape in Venice and in Europe.<\/div>\n","protected":false},"excerpt":{"rendered":"<p>Estratto dal fascicolo 4 (ottobre-dicembre 2009)\u00a0 Personalit\u00e0 di spicco della pittura di paesaggio nella Venezia del Seicento, dove questo genere era una specialit\u00e0 dei \u201cforesti\u201d (stranieri),\u00a0Cochin de Venise (Troyes, 1622- Venezia, 1679) \u00e8 rimasto a lungo una figura enigmatica, confusa con quella degli omonimi incisori No\u00ebl e No\u00ebl Robert Cochin gi\u00e0 a partire dal Settecento.<\/p>\n","protected":false},"author":1,"featured_media":0,"parent":0,"menu_order":0,"comment_status":"closed","ping_status":"closed","template":"","meta":{"footnotes":""},"categories":[],"tags":[],"class_list":["post-5580","page","type-page","status-publish","hentry"],"_links":{"self":[{"href":"https:\/\/bollettinodarte.cultura.gov.it\/index.php?rest_route=\/wp\/v2\/pages\/5580","targetHints":{"allow":["GET"]}}],"collection":[{"href":"https:\/\/bollettinodarte.cultura.gov.it\/index.php?rest_route=\/wp\/v2\/pages"}],"about":[{"href":"https:\/\/bollettinodarte.cultura.gov.it\/index.php?rest_route=\/wp\/v2\/types\/page"}],"author":[{"embeddable":true,"href":"https:\/\/bollettinodarte.cultura.gov.it\/index.php?rest_route=\/wp\/v2\/users\/1"}],"replies":[{"embeddable":true,"href":"https:\/\/bollettinodarte.cultura.gov.it\/index.php?rest_route=%2Fwp%2Fv2%2Fcomments&post=5580"}],"version-history":[{"count":9,"href":"https:\/\/bollettinodarte.cultura.gov.it\/index.php?rest_route=\/wp\/v2\/pages\/5580\/revisions"}],"predecessor-version":[{"id":5811,"href":"https:\/\/bollettinodarte.cultura.gov.it\/index.php?rest_route=\/wp\/v2\/pages\/5580\/revisions\/5811"}],"wp:attachment":[{"href":"https:\/\/bollettinodarte.cultura.gov.it\/index.php?rest_route=%2Fwp%2Fv2%2Fmedia&parent=5580"}],"wp:term":[{"taxonomy":"category","embeddable":true,"href":"https:\/\/bollettinodarte.cultura.gov.it\/index.php?rest_route=%2Fwp%2Fv2%2Fcategories&post=5580"},{"taxonomy":"post_tag","embeddable":true,"href":"https:\/\/bollettinodarte.cultura.gov.it\/index.php?rest_route=%2Fwp%2Fv2%2Ftags&post=5580"}],"curies":[{"name":"wp","href":"https:\/\/api.w.org\/{rel}","templated":true}]}}