{"id":770,"date":"2022-10-06T13:35:53","date_gmt":"2022-10-06T11:35:53","guid":{"rendered":"http:\/\/bollettinodarte.cultura.gov.it\/?page_id=770"},"modified":"2025-06-24T09:33:18","modified_gmt":"2025-06-24T07:33:18","slug":"bollettino-darte-i-vii-serie-la-storia","status":"publish","type":"page","link":"https:\/\/bollettinodarte.cultura.gov.it\/?page_id=770","title":{"rendered":"Bollettino d&#8217;Arte &#8211; La storia"},"content":{"rendered":"<p><img loading=\"lazy\" decoding=\"async\" class=\" wp-image-11240 alignleft\" src=\"http:\/\/bollettinodarte.cultura.gov.it\/wp-content\/uploads\/2023\/09\/1291390561789_copertine_I-VII_serie-300x195.jpg\" alt=\"\" width=\"346\" height=\"225\" srcset=\"https:\/\/bollettinodarte.cultura.gov.it\/wp-content\/uploads\/2023\/09\/1291390561789_copertine_I-VII_serie-300x195.jpg 300w, https:\/\/bollettinodarte.cultura.gov.it\/wp-content\/uploads\/2023\/09\/1291390561789_copertine_I-VII_serie.jpg 500w\" sizes=\"auto, (max-width: 346px) 100vw, 346px\" \/><\/p>\n<p align=\"justify\">Il\u00a0<strong>BdA<\/strong> nasce nel 1907 con la guida di <strong>Corrado Ricci<\/strong>, allora Direttore Generale dell&#8217;Amministrazione di Antichit\u00e0 e Belle Arti, come organo mensile d&#8217;informazione del settore del patrimonio artistico nazionale, perlopi\u00f9 a cura dei funzionari interni al settore dell&#8217;amministrazione, poi via via aperto a collaboratori esterni.<\/p>\n<p align=\"justify\">L&#8217;informazione sulle attivit\u00e0, con prevalente funzione di rapida messa a conoscenza di acquisti, restauri e importanti ritrovamenti, una sorta di notiziario, venne ben presto riassorbita all&#8217;interno della pi\u00f9 ampia fisionomia di rivista di arte antica e moderna, caratteristica confermata con la seconda serie che si avvia nel 1921 sotto la direzione di <strong>Arduino Colasanti<\/strong>; e, pi\u00f9 marcatamente, con <strong>Roberto Paribeni<\/strong> (direttore dal 1928), che si propone di estendere l&#8217;interesse e l&#8217;attenzione anche a quel settore della produzione artistica solitamente non considerata dall&#8217;ottica idealista allora dominante in Italia, vale dire alla categoria di oggetti come ceramiche, vetri, stoffe, mobili: un&#8217;apertura che si dispieg\u00f2, inoltre, nell&#8217;allargare ulteriormente la schiera di studiosi anche stranieri che furono invitati a collaborare al <strong>BdA<\/strong>.<\/p>\n<p align=\"justify\">Dopo un periodo \u2013 quello bellico\u00a0\u00a0\u2013\u00a0di attivit\u00e0 con il nome mutato in <strong>Le Arti <\/strong>(dal 1938 al 1944), nel 1948 il periodico (edito a partire da quell&#8217;anno dall&#8217;Istituto Poligrafico dello Stato) riprendeva l&#8217;originale testata dando luogo sotto la guida di <strong>Guglielmo De Angelis d&#8217;Ossat<\/strong> alla quarta serie, che idealmente riprendeva il filo riallacciandosi alle due prime serie, mantenendone sostanzialmente invariato il carattere di rivista di storia delle arti e di rendiconto delle attivit\u00e0 istituzionali di tutela e valorizzazione, con periodicit\u00e0 anzich\u00e9 mensile, trimestrale.<\/p>\n<p align=\"justify\">Analogamente strutturata come la precedente anche la quinta serie (1965-1976), che si distingue per una diversa veste tipografica.<\/p>\n<p align=\"justify\">La sesta serie, varata sotto la direzione dell&#8217;Ufficio Centrale per i Beni Ambientali, Architettonici, Archeologici, Artistici e Storici, decorre a partire dal 1979; la periodicit\u00e0 diviene bimestrale a partire dal 1983, salvo poi ritornare trimestrale dal n. 95 (1996).<\/p>\n<p align=\"justify\">Il crescere, con le nuove tecnologie di conservazione e restauro applicate ai beni d&#8217;arte, di una esigenza largamente avvertita di presentazione e di riflessione sui materiali oggetto di interventi conservativi e su altre questioni di rilevante interesse per il\u00a0patrimonio artistico nazionale, ha portato ad estendere, su numeri appositi (<strong>Supplementi, Serie speciale, Volumi speciali, Monografie<\/strong> ed anche <strong>Allegati<\/strong>), raccolte di saggi tematici che attengono alle tre discipline (archeologia, storia dell&#8217;arte, architettura)\u00a0rappresentate sul <strong>BdA<\/strong> che altrimenti avrebbero trovato poco spazio all&#8217;interno del periodico, solitamente destinato ad accogliere contributi di argomento vario e di taglio pi\u00f9 breve.<\/p>\n<p align=\"justify\">Sono cambiamenti che hanno investito in primis la veste grafica a partire dalla copertina, con cui il periodico si \u00e8 presentato, introducendo la \u201cfinestra\u201d con un\u2019immagine che funge da richiamo visivo ai testi, aprendo cos\u00ec la strada ad un nuovo modo di presentarsi delle riviste specialistiche. Anche l\u2019uso del colore nelle fotografie che illustrano gli articoli \u00e8 sempre pi\u00f9 diffuso, cos\u00ec come l\u2019introduzione di grafici esplicativi, di tabelle e documentazioni scientifiche (radiografie, stratigrafie, diagrammi), a corredo delle tematiche sempre pi\u00f9 specialistiche delle indagini legate alla conservazione e alla tutela.<\/p>\n<div align=\"justify\"><\/div>\n<div align=\"justify\">\n<p><strong>Il Bollettino d\u2019Arte ha celebrato nel 2007 il suo primo secolo di vita<\/strong><\/p>\n<\/div>\n<div align=\"justify\">Parallelamente, sono cresciuti l\u2019apprezzamento e l\u2019interesse del pubblico nei confronti della rivista; non solo tra gli studiosi e gli specialisti, ma anche tra gli appassionati e cultori delle materie trattate che vanno dall\u2019archeologia all\u2019arte moderna.<\/div>\n<div align=\"justify\">Per venire incontro ad una esigenza di maggiore diffusione e visibilit\u00e0 della Rivista e per garantire una migliore regolarit\u00e0 nella pubblicazione \u00e8 stata <strong>varata una nuova serie, la settima<\/strong>, che dal 2009 \u00e8 stata stampata e distribuita da diverse case editrici:<a href=\"http:\/\/www.olschki.it\/pagina.htm\"> Leo S. Olschki<\/a>,\u00a0 <a href=\"http:\/\/www.delucaeditori.com\/\">De Luca Editori d&#8217;Arte <\/a>, <a href=\"http:\/\/www.lerma.it\/\">\u00abL&#8217;Erma\u00bb di Bretschneider <\/a>e infine nuovamente affidata a De Luca.<br \/>\nAttualmente, la stampa e la distribuzione della Rivista \u00e8 stata affidata a <a href=\"https:\/\/gangemi.com\/\">Gangemi Editore<\/a>.<\/div>\n<p>&nbsp;<\/p>\n<p>&nbsp;<\/p>\n","protected":false},"excerpt":{"rendered":"<p>Il\u00a0BdA nasce nel 1907 con la guida di Corrado Ricci, allora Direttore Generale dell&#8217;Amministrazione di Antichit\u00e0 e Belle Arti, come organo mensile d&#8217;informazione del settore del patrimonio artistico nazionale, perlopi\u00f9 a cura dei funzionari interni al settore dell&#8217;amministrazione, poi via via aperto a collaboratori esterni.<\/p>\n","protected":false},"author":1,"featured_media":0,"parent":0,"menu_order":0,"comment_status":"closed","ping_status":"closed","template":"","meta":{"footnotes":""},"categories":[],"tags":[],"class_list":["post-770","page","type-page","status-publish","hentry"],"_links":{"self":[{"href":"https:\/\/bollettinodarte.cultura.gov.it\/index.php?rest_route=\/wp\/v2\/pages\/770","targetHints":{"allow":["GET"]}}],"collection":[{"href":"https:\/\/bollettinodarte.cultura.gov.it\/index.php?rest_route=\/wp\/v2\/pages"}],"about":[{"href":"https:\/\/bollettinodarte.cultura.gov.it\/index.php?rest_route=\/wp\/v2\/types\/page"}],"author":[{"embeddable":true,"href":"https:\/\/bollettinodarte.cultura.gov.it\/index.php?rest_route=\/wp\/v2\/users\/1"}],"replies":[{"embeddable":true,"href":"https:\/\/bollettinodarte.cultura.gov.it\/index.php?rest_route=%2Fwp%2Fv2%2Fcomments&post=770"}],"version-history":[{"count":12,"href":"https:\/\/bollettinodarte.cultura.gov.it\/index.php?rest_route=\/wp\/v2\/pages\/770\/revisions"}],"predecessor-version":[{"id":13800,"href":"https:\/\/bollettinodarte.cultura.gov.it\/index.php?rest_route=\/wp\/v2\/pages\/770\/revisions\/13800"}],"wp:attachment":[{"href":"https:\/\/bollettinodarte.cultura.gov.it\/index.php?rest_route=%2Fwp%2Fv2%2Fmedia&parent=770"}],"wp:term":[{"taxonomy":"category","embeddable":true,"href":"https:\/\/bollettinodarte.cultura.gov.it\/index.php?rest_route=%2Fwp%2Fv2%2Fcategories&post=770"},{"taxonomy":"post_tag","embeddable":true,"href":"https:\/\/bollettinodarte.cultura.gov.it\/index.php?rest_route=%2Fwp%2Fv2%2Ftags&post=770"}],"curies":[{"name":"wp","href":"https:\/\/api.w.org\/{rel}","templated":true}]}}