{"id":8351,"date":"2023-07-18T16:24:40","date_gmt":"2023-07-18T14:24:40","guid":{"rendered":"http:\/\/bollettinodarte.cultura.gov.it\/?page_id=8351"},"modified":"2025-02-17T09:53:29","modified_gmt":"2025-02-17T08:53:29","slug":"sabine-frommel-gli-hotels-particuliers-a-parigi-dal-xv-al-xvii-secolo","status":"publish","type":"page","link":"https:\/\/bollettinodarte.cultura.gov.it\/?page_id=8351","title":{"rendered":"Sabine Frommel: Gli H\u00f4tels Particuliers A Parigi Dal XV Al XVII Secolo"},"content":{"rendered":"<div align=\"justify\"><strong>Estratto dal volume speciale <span style=\"font-size: 12pt;\"><em>Palazzi del Cinquecento a Roma<\/em> (2016)<\/span><\/strong><\/div>\n<div align=\"justify\">Nella capitale francese l&#8217;evoluzione degli\u00a0<em>h\u00f4tels particuliers<\/em>, palazzi urbani, inizia alla fine del XV secolo, con edifici come l&#8217;Hotel de Cluny. Un confronto con i palazzi romani contemporanei mostra forti differenze nell&#8217;organizzazione degli spazi e dei volumi, come nel Palazzo della Cancelleria, segnati da regolarit\u00e0, simmetria, aspetto\u00a0monumentale. Gli edifici parigini sono molto influenzati dall\u2019architettura dei castelli e cercano di traslarne l\u2019aspetto nel contesto pi\u00f9 ristretto della citt\u00e0. Purtroppo pochi di questi edifici si sono conservati nell\u2019aspetto\u00a0originale e si possono conoscere solo parzialmente dalle stampe. Nel bel mezzo del Cinquecento, il terreno edificabile delle residenze medievali fu suddiviso in lotti pi\u00f9 piccoli, come alla\u00a0<em>coutures Sainte\u2013Catherine<\/em>\u00a0(Marais), con l\u2019invito a realizzare ambiziose ed eleganti dimore di un nuovo aspetto classico con un linguaggio architettonico sempre pi\u00f9 influenzato da idiomi del Rinascimento romano, contemperato, per\u00f2, dalla sussistenza delle forme locali. Infatti, edifici come l\u2019Hotel Ligneris, attribuito a Pierre\u00a0Lescot, e l\u2019Hotel d\u2019Angouleme, pianificato ed eretto da Thibault M\u00e9tezeau pi\u00f9 di trenta anni pi\u00f9 tardi, rivelano come le influenze teoriche e pratiche di Serlio, come altre influenze italiane sono fuse alle impostazioni autoctone. Committenti italiani protetti da Caterina de\u2019 Medici, come il Gondi o Gonzaga, adottano tuttavia modelli francesi di Pierre Lescot e altri architetti di corte, mostrando la volont\u00e0\u00a0di assimilazione, pur mantenendo alcune tradizioni tipiche del proprio paese, come la forma regolare del cortile o le pseudo-facciate monumentali sulla strada. Sembra che l&#8217;edificio del Concini, inoltre, abbia influenzato anche il vicino sito di Saint-Germain-des-Pr\u00e9s e le scelte stilistiche per il Palazzo del Luxemburg di Maria de\u2019 Medici, che contribuisce a formare un nuovo prototipo. La distribuzione delle abitazioni rivela anche cambiamenti nella vita sociale, come l&#8217;uso sia di spazi pi\u00f9 rappresentativi, insieme alla presenza di sale pi\u00f9 piccole per ritirarsi dalla vita ufficiale, per rilassarsi o per studiare.<br \/>\nL&#8217;Hotel de Sully mostra che la tendenza ad una maggiore regolarit\u00e0 e la scelta di una facciata monumentale sulla strada sono temi importanti per gli architetti del XVII secolo, in coincidenza con la ricerca di nuove soluzioni anche negli spazi interni, per la sala e gli appartamenti privati. Gli edifici sono di una variet\u00e0 straordinaria; Antoine Le Pautre, presso l&#8217;Hotel de Beauvais, condizionato dalla difficolt\u00e0 del terreno su cui costruisce, escogita un\u2019abile soluzione architettonica ispirandosi a modelli originali romani. Princ\u00eepi italiani, come il cortile circondato da pareti ornate da ordini classici omogenei o il corridoio centrale, sono utilizzati da Pierre Le Muet, presso l&#8217;Hotel di Saint-Aignan, che combina in modo spettacolare la tradizione francese con quella italiana. Durante questa lunga evoluzione fino all&#8217;inizio della seconda met\u00e0 del Seicento, tuttavia, i modelli francesi del Cinquecento, come il primo progetto per la ricostruzione dell&#8217;ala occidentale del Louvre del 1545\u20131546 di Pierre Lescot, non perdono mai la loro attualit\u00e0.<\/p>\n<p style=\"font-weight: 400; text-align: center;\"><strong>The h\u00f4tels particuliers of Paris from the fifteenth to the seventeenth century<\/strong><\/p>\n<div align=\"justify\">In the French capital, the evolution of urban palaces known as \u201ch\u00f4tels particuliers\u201d began at the end of the 15th century with buildings such as the H\u00f4tel de Cluny. A comparison with contemporary Roman palaces reveals significant differences in the organization of spaces and volumes, as may be see in the Palazzo della Cancelleria with its regularity, symmetry, and monumental appearance. The Parisian palaces were strongly influenced by castle architecture and attempted to translate the appearance of the latter into the restricted context of the city. Unfortunately, the original appearance of very few of these buildings is preserved, and they are only partially known from prints. In the mid\u201316th century, the building land of medieval residences was subdivided into smaller lots, for example at the\u00a0coutures Sainte\u2013Catherine\u00a0(Marais), with the incitement to create sumptuous and elegant dwellings in the new classical style using an architectural language increasingly influenced by the idioms of the Renaissance in Rome, though balanced with subsisting local forms. In fact, structures such as the H\u00f4tel Ligneris, attributed to Pierre Lescot, and the H\u00f4tel d\u2019Angoul\u00eame, planned and erected by Thibault M\u00e9tezeau more than thirty years later, reveal how the theoretical and practical influence of Serlio, as well as that of other Italians, was fused with autochthonous formulations. Italian clients protected by Caterina de\u2019 Medici, such as Gondi and Gonzaga, however, adopted French models by Pierre Lescot and other court architects, exhibiting the wish to assimilate while also maintaining some traditions typical of their homeland, such as the regular shape of the courtyard and the monumental pseudo\u2013fa\u00e7ades on the street. It would seem that the Concini palace furthermore influenced the nearby site of Saint\u2013Germain\u2013des\u2013Pr\u00e9s as well as Marie de\u2019 Medici\u2019s stylistic choices for the Palais du Luxembourg, contributing to the formation of a new prototype. The spatial organization of the residences also reveals changes in the contemporary social life, for instance both with the use of spaces that were more formally representative and smaller rooms offering refuge from public formalities, for relaxation and study.<br \/>\nThe H\u00f4tel de Sully demonstrates that the trend towards greater regularity and the choice of a monumental fa\u00e7ade facing the street were important themes for the architects of the 17th century, coinciding with the quest for new solutions for the interior spaces, including the hall and the private apartments. The palaces now reveal extraordinary diversity. Antoine Le Pautre, conditioned by the difficulty of the terrain on which he was constructing the H\u00f4tel de Beauvais, devised an architectural solution inspired by models originating in Rome. Italian principles, such as the courtyard surrounded by walls adorned with consistent classical orders, and the central corridor, are used by Pierre Le Muet at the H\u00f4tel Saint\u2013Aignan, in which French and Italian traditions are combined in a spectacular manner. During this long evolution up to the start of the second half of the 17th century, however, French models of the preceding century, such as the first project (1545\u20131546) by Pierre Lescot for the reconstruction of the west wing of the Louvre, do not fail to maintain their currency.<\/div>\n<\/div>\n","protected":false},"excerpt":{"rendered":"<p>Estratto dal volume speciale Palazzi del Cinquecento a Roma (2016) Nella capitale francese l&#8217;evoluzione degli\u00a0h\u00f4tels particuliers, palazzi urbani, inizia alla fine del XV secolo, con edifici come l&#8217;Hotel de Cluny.<\/p>\n","protected":false},"author":1,"featured_media":0,"parent":0,"menu_order":0,"comment_status":"closed","ping_status":"closed","template":"","meta":{"footnotes":""},"categories":[],"tags":[],"class_list":["post-8351","page","type-page","status-publish","hentry"],"_links":{"self":[{"href":"https:\/\/bollettinodarte.cultura.gov.it\/index.php?rest_route=\/wp\/v2\/pages\/8351","targetHints":{"allow":["GET"]}}],"collection":[{"href":"https:\/\/bollettinodarte.cultura.gov.it\/index.php?rest_route=\/wp\/v2\/pages"}],"about":[{"href":"https:\/\/bollettinodarte.cultura.gov.it\/index.php?rest_route=\/wp\/v2\/types\/page"}],"author":[{"embeddable":true,"href":"https:\/\/bollettinodarte.cultura.gov.it\/index.php?rest_route=\/wp\/v2\/users\/1"}],"replies":[{"embeddable":true,"href":"https:\/\/bollettinodarte.cultura.gov.it\/index.php?rest_route=%2Fwp%2Fv2%2Fcomments&post=8351"}],"version-history":[{"count":6,"href":"https:\/\/bollettinodarte.cultura.gov.it\/index.php?rest_route=\/wp\/v2\/pages\/8351\/revisions"}],"predecessor-version":[{"id":13626,"href":"https:\/\/bollettinodarte.cultura.gov.it\/index.php?rest_route=\/wp\/v2\/pages\/8351\/revisions\/13626"}],"wp:attachment":[{"href":"https:\/\/bollettinodarte.cultura.gov.it\/index.php?rest_route=%2Fwp%2Fv2%2Fmedia&parent=8351"}],"wp:term":[{"taxonomy":"category","embeddable":true,"href":"https:\/\/bollettinodarte.cultura.gov.it\/index.php?rest_route=%2Fwp%2Fv2%2Fcategories&post=8351"},{"taxonomy":"post_tag","embeddable":true,"href":"https:\/\/bollettinodarte.cultura.gov.it\/index.php?rest_route=%2Fwp%2Fv2%2Ftags&post=8351"}],"curies":[{"name":"wp","href":"https:\/\/api.w.org\/{rel}","templated":true}]}}