{"id":8492,"date":"2023-07-20T10:55:07","date_gmt":"2023-07-20T08:55:07","guid":{"rendered":"http:\/\/bollettinodarte.cultura.gov.it\/?page_id=8492"},"modified":"2023-11-03T10:46:13","modified_gmt":"2023-11-03T09:46:13","slug":"pierluigi-leone-de-castris-franzesi-e-fiamenghi-che-vanno-e-vengono-fra-roma-e-napoli-1600-1630-2","status":"publish","type":"page","link":"https:\/\/bollettinodarte.cultura.gov.it\/?page_id=8492","title":{"rendered":"Pierluigi Leone De Castris: &#8220;Franzesi e Fiamenghi che vanno e vengono&#8221; fra Roma e Napoli: 1600-1630"},"content":{"rendered":"<div align=\"justify\"><strong>Estratto dal fascicolo 4 (ottobre-dicembre 2009)\u00a0<\/strong><\/p>\n<div align=\"justify\"><\/div>\n<div align=\"justify\">Mentre gli studi sulla pittura a Roma nei primi trent\u2019anni del Seicento hanno messo a fuoco molti degli artisti\u00a0provenienti\u00a0dalla Francia e dalle Fiandre e attivi nella capitale papale, e le relazioni che li collegavano, meno si conosce su tali presenze straniere a Napoli nello stesso periodo. Pi\u00f9 noto e studiato il caso dei fiamminghi, uniti in una colonia forte e compatta, dove gli artisti appaiono legati da rapporti professionali, ma anche\u00a0privati e familiari ; mentre nel caso degli artisti francesi si sono esaminate le singole personalit\u00e0, senza preoccuparsi di indagare se anche per loro si possa parlare di un gruppo collegato da relazioni interne. Un esempio \u00e8 quello fornito dai lorenesi: Fran\u00e7ois de Nom\u00e9 appare collegato non solo al suocero, il pittore fiammingo Loise Croys, ma anche a presenze lorenesi, anche se non si tratta di pittori; Didier Barra \u00e8 documentato stabilmente a Napoli, ma anche Claude Lorrain soggiorna pochi anni dopo il suo arrivo in Italia nella citt\u00e0, lavorando con un\u00a0artista identificabile con il fiammingo Goffredo Wals. Gli archivi napoletani conservano notizia di un folto numero di presenze di artisti francesi , tra cui incisori, pittori e anche di uno scultore, Cristoforo Corset, che risulta attivo nella Cappella del Tesoro di San Gennaro e che nel 1627 realizza il modello per il busto del poeta Giovan Battista Marino (Napoli, San Domenico Maggiore). I pittori caravaggeschi francesi sono pi\u00f9 presenti a Napoli\u00a0con opere inviate da Roma che di persona (vedi il caso di Simon Vouet): ma alcuni quadri anonimi di sicura provenienza napoletana\u00a0mostrano caratteristiche pi\u00f9 francesi che italiane, e invitano a riconsiderare la questione.<\/div>\n<div align=\"justify\"><\/div>\n<div align=\"justify\"><\/div>\n<div align=\"justify\">\n<div style=\"text-align: center;\">\n<p>&nbsp;<\/p>\n<p><strong>\u201cFranzesi e fiamenghi che vanno e vengono\u201d between Rome and Naples: 1660\u20131630<\/strong><\/p>\n<div align=\"justify\">\n<p>While the studies on painting in Rome in the first three decades of the 17th century have elucidated the activities of many of the transalpine artists from France and Flanders who flocked to the papal capital, and the relations that linked them, much less is known about such foreign presences at Naples during the same period. Better known and studied is the case of the Flemish artists, united in a strong and compact colony in which the artists were linked not only by professional relations, but also by private and family ties. In the case of French artists, their individual personalities have been examined, without any attempt to investigate whether in their case too we can speak of a group linked by internal relations. One exception is that of artists from Lorraine: Fran\u00e7ois de Nom\u00e9 seems linked not only with his father\u2013in\u2013law, the Flemish painter Loise Croys, but also with other immigrants from Lorraine, even if not painters; the Metz\u2013born Didier Barra is documented as permanently resident in Naples, while Claude Lorrain too stayed in the city for a few years after his arrival in Italy, working there with an artist identifiable with the Fleming Goffredo Wals. The Neapolitan archives contain documentation on a sizeable number of French artists, including painters, engravers and also a sculptor, Cristoforo Corset, who was active in the Cappella del Tesoro di San Gennaro and who realized the model for the bust of the poet Giovan Battista Marino in 1627 (Naples, San Domenico Maggiore). The French Caravaggesque painters seem to have been present in Naples more in the form of works sent down from Rome than in person (e.g. Simon Vouet): but some anonymous pictures with a secure Neapolitan provenance reveal characteristics that are more French than Italian, and invite a reconsideration of the question.<\/p>\n<\/div>\n<\/div>\n<\/div>\n","protected":false},"excerpt":{"rendered":"<p>Estratto dal fascicolo 4 (ottobre-dicembre 2009)\u00a0 Mentre gli studi sulla pittura a Roma nei primi trent\u2019anni del Seicento hanno messo a fuoco molti degli artisti\u00a0provenienti\u00a0dalla Francia e dalle Fiandre e attivi nella capitale papale, e le relazioni che li collegavano, meno si conosce su tali presenze straniere a Napoli nello stesso periodo.<\/p>\n","protected":false},"author":1,"featured_media":0,"parent":0,"menu_order":0,"comment_status":"closed","ping_status":"closed","template":"","meta":{"footnotes":""},"categories":[],"tags":[],"class_list":["post-8492","page","type-page","status-publish","hentry"],"_links":{"self":[{"href":"https:\/\/bollettinodarte.cultura.gov.it\/index.php?rest_route=\/wp\/v2\/pages\/8492","targetHints":{"allow":["GET"]}}],"collection":[{"href":"https:\/\/bollettinodarte.cultura.gov.it\/index.php?rest_route=\/wp\/v2\/pages"}],"about":[{"href":"https:\/\/bollettinodarte.cultura.gov.it\/index.php?rest_route=\/wp\/v2\/types\/page"}],"author":[{"embeddable":true,"href":"https:\/\/bollettinodarte.cultura.gov.it\/index.php?rest_route=\/wp\/v2\/users\/1"}],"replies":[{"embeddable":true,"href":"https:\/\/bollettinodarte.cultura.gov.it\/index.php?rest_route=%2Fwp%2Fv2%2Fcomments&post=8492"}],"version-history":[{"count":5,"href":"https:\/\/bollettinodarte.cultura.gov.it\/index.php?rest_route=\/wp\/v2\/pages\/8492\/revisions"}],"predecessor-version":[{"id":8495,"href":"https:\/\/bollettinodarte.cultura.gov.it\/index.php?rest_route=\/wp\/v2\/pages\/8492\/revisions\/8495"}],"wp:attachment":[{"href":"https:\/\/bollettinodarte.cultura.gov.it\/index.php?rest_route=%2Fwp%2Fv2%2Fmedia&parent=8492"}],"wp:term":[{"taxonomy":"category","embeddable":true,"href":"https:\/\/bollettinodarte.cultura.gov.it\/index.php?rest_route=%2Fwp%2Fv2%2Fcategories&post=8492"},{"taxonomy":"post_tag","embeddable":true,"href":"https:\/\/bollettinodarte.cultura.gov.it\/index.php?rest_route=%2Fwp%2Fv2%2Ftags&post=8492"}],"curies":[{"name":"wp","href":"https:\/\/api.w.org\/{rel}","templated":true}]}}