{"id":8595,"date":"2023-07-20T12:59:14","date_gmt":"2023-07-20T10:59:14","guid":{"rendered":"http:\/\/bollettinodarte.cultura.gov.it\/?page_id=8595"},"modified":"2023-11-03T11:55:30","modified_gmt":"2023-11-03T10:55:30","slug":"amalia-pacia-david-loreti-pittore-a-pie-di-marmo-in-roma-e-alcune-precisazioni-in-margine-al-suo-catalogo","status":"publish","type":"page","link":"https:\/\/bollettinodarte.cultura.gov.it\/?page_id=8595","title":{"rendered":"Amalia Pacia: David Loreti \u00abPittore a pi\u00e8 di marmo in Roma\u00bb e alcune precisazioni in margine al suo catalogo"},"content":{"rendered":"<div align=\"center\">\n<div align=\"left\">\n<p align=\"justify\"><strong>Estratto dal fascicolo 12 (ottobre-dicembre 2011)<\/strong><\/p>\n<p align=\"justify\">L\u2019attivit\u00e0 di ritrattista del pittore marchigiano David Loreti (Fabriano 1708 \u2013 Roma 1768), finora nota per alcuni dipinti della collezione Pallavicini di Roma riferiti al pittore da Federico Zeri e per altri della collezione Chigi di Ariccia di recente attribuitigli, si \u00e8 da poco arricchita grazie al ritrovamento di due ritratti rinvenuti in Lombardia. Il primo, inedito, scoperto a seguito di un restauro, raffigura il\u00a0<em>Ritratto del carmelitano Angelo Torriani<\/em>\u00a0(Clusone, Bergamo, Museo Arte Tempo) (1743 \u2013 1746), che pu\u00f2 a ragione considerarsi la sua opera pi\u00f9 felice, straordinaria per esecuzione e resa naturalistica del personaggio. Il secondo dipinto, il\u00a0<em>Ritratto del Vescovo Giuseppe<\/em>\u00a0<em>Maria Scarampi<\/em>\u00a0(Vigevano, collezione dell\u2019Ospedale civico), (1757), pure notevole per qualit\u00e0 pittorica, pubblicato di recente ma non indagato, ha messo in luce le doti del Loreti quale specialista di ritratti di religiosi, ampliandone il catalogo con l\u2019attribuzione e l\u2019analisi di opere conservate nelle Marche, che convalidano una certa disinvolta condotta esecutiva, gi\u00e0 emersa nel\u00a0<em>Ritratto del<\/em>\u00a0<em>cardinale Flavio Chigi<\/em>, di certa autografia. A confronto con il gruppo di ritratti di ecclesiastici, obbedienti ad una coerente ispirazione pittorica, le effigi pi\u00f9 celebrative dell\u2019aristocrazia romana rivelano soluzioni compositive pi\u00f9 deboli e un linguaggio pittorico decisamente incerto, s\u00ec da mettere in discussione la paternit\u00e0 di opere gi\u00e0 riferite a David Loreti, proponendone invece l\u2019appartenenza o alla bottega del suocero, Andrea Piserni, o alla mano del figlio, Camillo Loreti, anch\u2019egli dedito al ritratto.<\/p>\n<\/div>\n<p><strong><em><br \/>\n<\/em>David Loreti, \u201cPittore \u00e0 Pi\u00e8 di Marmo in Rome\u201d. A clarification of the artist\u2019s work<\/strong><\/p>\n<\/div>\n<div align=\"center\"><\/div>\n<div align=\"justify\">The recent discovery of two portraits in Lombardy by the painter David Loreti (Fabriano 1708 \u2013Rome 1768) has enriched what we know of the portrait activity of this artist from the region of the Marche, until now noted only for a few paintings in the Pallavicini collection in Rome identified by Federico Zeri, and a few others in the Chigi collection in Ariccia, only recently attributed to him. The first, which has never been published and was discovered following its restoration, depicts the \u2018Portrait of the Carmelite Angelo Torriani\u2019 (Clusone, Bergamo, Museo Arte Tempo) (1743\u20131746). This work may very well be considered his most successful given its extraordinary and very natural execution. The second painting, the \u2018Portrait of Bishop Giuseppe Maria Scarampi\u2019 (Vigevano, collection of the Ospedale Civico) (1775), recently published but without further research, is also noteworthy for its pictorial quality and sheds light on Loreti\u2019s gifts, particularly as a specialist in portraits of ecclesiastics. These recent finds expand the catalogue of his portraits with the attributions and analyses of works located in the region of the Marche, which confirm a certain fluidity of execution, already apparent in the \u2018Portrait of Cardinal Flavio Chigi\u2019, whose authorship is certain. In comparison with the group of ecclesiastic portraits that demonstrate a coherent pictorial inspiration, the more celebratory pictures of the Roman aristocracy reveal far weaker compositional solutions and a decidedly uncertain pictorial language, so much so that the paternity of these works ascribed to David Loreti may be put in question. The article instead proposes that they belong either to the workshop of Loreti\u2019s father\u2013in\u2013law, Andrea Piserni, or the hand of his son, Camillo Loreti, who was also a portraitist.<\/div>\n","protected":false},"excerpt":{"rendered":"<p>Estratto dal fascicolo 12 (ottobre-dicembre 2011) L\u2019attivit\u00e0 di ritrattista del pittore marchigiano David Loreti (Fabriano 1708 \u2013 Roma 1768), finora nota per alcuni dipinti della collezione Pallavicini di Roma riferiti al pittore da Federico Zeri e per altri della collezione Chigi di Ariccia di recente attribuitigli, si \u00e8 da poco arricchita grazie al ritrovamento di due ritratti rinvenuti in Lombardia.<\/p>\n","protected":false},"author":1,"featured_media":0,"parent":0,"menu_order":0,"comment_status":"closed","ping_status":"closed","template":"","meta":{"footnotes":""},"categories":[],"tags":[],"class_list":["post-8595","page","type-page","status-publish","hentry"],"_links":{"self":[{"href":"https:\/\/bollettinodarte.cultura.gov.it\/index.php?rest_route=\/wp\/v2\/pages\/8595","targetHints":{"allow":["GET"]}}],"collection":[{"href":"https:\/\/bollettinodarte.cultura.gov.it\/index.php?rest_route=\/wp\/v2\/pages"}],"about":[{"href":"https:\/\/bollettinodarte.cultura.gov.it\/index.php?rest_route=\/wp\/v2\/types\/page"}],"author":[{"embeddable":true,"href":"https:\/\/bollettinodarte.cultura.gov.it\/index.php?rest_route=\/wp\/v2\/users\/1"}],"replies":[{"embeddable":true,"href":"https:\/\/bollettinodarte.cultura.gov.it\/index.php?rest_route=%2Fwp%2Fv2%2Fcomments&post=8595"}],"version-history":[{"count":3,"href":"https:\/\/bollettinodarte.cultura.gov.it\/index.php?rest_route=\/wp\/v2\/pages\/8595\/revisions"}],"predecessor-version":[{"id":12037,"href":"https:\/\/bollettinodarte.cultura.gov.it\/index.php?rest_route=\/wp\/v2\/pages\/8595\/revisions\/12037"}],"wp:attachment":[{"href":"https:\/\/bollettinodarte.cultura.gov.it\/index.php?rest_route=%2Fwp%2Fv2%2Fmedia&parent=8595"}],"wp:term":[{"taxonomy":"category","embeddable":true,"href":"https:\/\/bollettinodarte.cultura.gov.it\/index.php?rest_route=%2Fwp%2Fv2%2Fcategories&post=8595"},{"taxonomy":"post_tag","embeddable":true,"href":"https:\/\/bollettinodarte.cultura.gov.it\/index.php?rest_route=%2Fwp%2Fv2%2Ftags&post=8595"}],"curies":[{"name":"wp","href":"https:\/\/api.w.org\/{rel}","templated":true}]}}