{"id":8746,"date":"2023-07-21T12:12:51","date_gmt":"2023-07-21T10:12:51","guid":{"rendered":"http:\/\/bollettinodarte.cultura.gov.it\/?page_id=8746"},"modified":"2023-11-03T13:33:26","modified_gmt":"2023-11-03T12:33:26","slug":"mirella-marini-calvani-piacenza-frammento-di-rilievo-da-un-sarcofago-a-soggetto-dionisiaco-con-appendice-di-francesca-origlia-christian-martinelli-maurizio-gemelli","status":"publish","type":"page","link":"https:\/\/bollettinodarte.cultura.gov.it\/?page_id=8746","title":{"rendered":"Mirella Marini Calvani:\u00a0Piacenza &#8211; Frammento di rilievo da un sarcofago a soggetto dionisiaco\u00a0con Appendice di\u00a0Francesca Origlia, Christian Martinelli, Maurizio Gemelli"},"content":{"rendered":"<div align=\"left\">\n<div align=\"justify\">\n<p><strong>Estratto dal fascicolo 14 (aprile-giugno 2012)<\/strong><\/p>\n<p>Il rilievo a soggetto dionisiaco apparso reimpiegato a Piacenza in uno scavo in piazza Duomo proviene da un sarcofago a cassa con fregio figurato, un unicum per ora tra quelli ritrovati in territorio piacentino.<br \/>\n\u00c8 in marmo proconnesio, materiale spesso impiegato nei sarcofagi cisalpini. La scena di cui faceva parte \u00e8 quella del ritrovamento di Arianna a Nasso, tra i pi\u00f9 diffusi. Ne restano quattro figure, Dioniso sorretto da un satiro, Pan e una menade tympanistria. Il blocco marmoreo da cui fu tratto il sarcofago venne verosimilmente importato per il tramite di Aquileia o di un altro porto alto-adriatico. Ma \u00e8 in una serie di sarcofagi urbani datati tra la seconda met\u00e0 del II e gli inizi del III secolo d.C. che la scena trova i pi\u00f9 stretti confronti. La caratteristica desinenza apicale dei tralci di vite sullo sfondo contribuisce ad assegnare il rilievo a una bottega locale, condizionata, probabilmente, dalla committenza e da maestranze urbane immigrate.<\/p>\n<div><\/div>\n<p><em><strong>\u00a0<\/strong><\/em><\/p>\n<\/div>\n<div align=\"center\">\n<p><strong>Piacenza \u2013 Fragment of a Dionysian Relief from a Sarcophagus<\/strong><\/p>\n<div align=\"center\"><\/div>\n<div align=\"justify\">The apparently re\u2013used marble fragment with Dionysian subject matter found in an excavation in Piacenza in piazza Duomo comes from a box\u2013shaped sarcophagus with a figurative frieze, to date a unique find among archaeological remains in the area.<\/div>\n<\/div>\n<div align=\"justify\">The fragment is of Proconnesian marble, which was often used for sarcophagi in the plain south of the Alps. The scene of which it is a part, one of the most common depicted, is Dionysos\u2019 discovery of Ariadne at Naxos. Four of the figures remain, Dionysos supported by a satyr, Pan and a maenad playing a tympanum. The block of marble from which the sarcophagus was carved was probably imported via Aquileia or another northern Adriatic port. However, our scene finds its closest comparisons in a series of urban sarcophagi dating from the second half of the second and the beginning of the third century AD. The characteristic treatment of the tops of the branches of grape vines in the background contribute to its attribution to a local workshop, most likely influenced by the person who commissioned the work and artisans who had migrated to the area from a larger urban center.<\/div>\n<\/div>\n","protected":false},"excerpt":{"rendered":"<p>Estratto dal fascicolo 14 (aprile-giugno 2012) Il rilievo a soggetto dionisiaco apparso reimpiegato a Piacenza in uno scavo in piazza Duomo proviene da un sarcofago a cassa con fregio figurato, un unicum per ora tra quelli ritrovati in territorio piacentino.<\/p>\n","protected":false},"author":1,"featured_media":0,"parent":0,"menu_order":0,"comment_status":"closed","ping_status":"closed","template":"","meta":{"footnotes":""},"categories":[],"tags":[],"class_list":["post-8746","page","type-page","status-publish","hentry"],"_links":{"self":[{"href":"https:\/\/bollettinodarte.cultura.gov.it\/index.php?rest_route=\/wp\/v2\/pages\/8746","targetHints":{"allow":["GET"]}}],"collection":[{"href":"https:\/\/bollettinodarte.cultura.gov.it\/index.php?rest_route=\/wp\/v2\/pages"}],"about":[{"href":"https:\/\/bollettinodarte.cultura.gov.it\/index.php?rest_route=\/wp\/v2\/types\/page"}],"author":[{"embeddable":true,"href":"https:\/\/bollettinodarte.cultura.gov.it\/index.php?rest_route=\/wp\/v2\/users\/1"}],"replies":[{"embeddable":true,"href":"https:\/\/bollettinodarte.cultura.gov.it\/index.php?rest_route=%2Fwp%2Fv2%2Fcomments&post=8746"}],"version-history":[{"count":4,"href":"https:\/\/bollettinodarte.cultura.gov.it\/index.php?rest_route=\/wp\/v2\/pages\/8746\/revisions"}],"predecessor-version":[{"id":12066,"href":"https:\/\/bollettinodarte.cultura.gov.it\/index.php?rest_route=\/wp\/v2\/pages\/8746\/revisions\/12066"}],"wp:attachment":[{"href":"https:\/\/bollettinodarte.cultura.gov.it\/index.php?rest_route=%2Fwp%2Fv2%2Fmedia&parent=8746"}],"wp:term":[{"taxonomy":"category","embeddable":true,"href":"https:\/\/bollettinodarte.cultura.gov.it\/index.php?rest_route=%2Fwp%2Fv2%2Fcategories&post=8746"},{"taxonomy":"post_tag","embeddable":true,"href":"https:\/\/bollettinodarte.cultura.gov.it\/index.php?rest_route=%2Fwp%2Fv2%2Ftags&post=8746"}],"curies":[{"name":"wp","href":"https:\/\/api.w.org\/{rel}","templated":true}]}}