{"id":9012,"date":"2023-07-26T11:19:31","date_gmt":"2023-07-26T09:19:31","guid":{"rendered":"http:\/\/bollettinodarte.cultura.gov.it\/?page_id=9012"},"modified":"2023-11-03T14:44:15","modified_gmt":"2023-11-03T13:44:15","slug":"massimo-de-vico-fallani-suggestioni-per-nuovi-studi-e-ricerche-di-architettura-e-restauro-del-giardino-zoologico-di-roma","status":"publish","type":"page","link":"https:\/\/bollettinodarte.cultura.gov.it\/?page_id=9012","title":{"rendered":"Massimo de Vico Fallani: Suggestioni per nuovi studi e ricerche di architettura e restauro del giardino zoologico di Roma"},"content":{"rendered":"<div align=\"justify\">\n<p><strong>Estratto dal fascicolo 19-20 (luglio-dicembre 2013)<\/strong><\/p>\n<div align=\"justify\">Mentre in altre citt\u00e0 europee gi\u00e0 alla fine del XIX secolo i Giardini Zoologici costituivano importanti strutture, floride anche dal punto di vista economico, a Roma, solo ai primi del XX secolo, sulla scia dell\u2019Esposizione internazionale del 1911 e dopo precedenti tentativi di minore importanza, fu realizzato un grande Giardino Zoologico ad opera di privati.<br \/>\nTale ritardo fu compensato da un aspetto di assoluta originalit\u00e0: nella capitale italiana, per la prima volta, venivano applicati i nuovi principi e le tecniche del cosiddetto \u201czoo senza sbarre\u201d formulate in quegli anni dal mercante di animali Carlo Hagenbeck che, insieme ai suoi collaboratori, cur\u00f2 il piano di massima del nuovo impianto e forn\u00ec anche tutti gli animali.<br \/>\nFino ad allora in tutti gli zoo del mondo, gli animali erano separati dal pubblico e imprigionati dietro pesanti sbarre di ferro, mentre con il nuovo sistema era possibile osservare animali, anche pericolosi come i leoni, in uno stato di apparente libert\u00e0.<br \/>\nNonostante tali premesse, la vita del Giardino Zoologico di Roma fu costellata di difficolt\u00e0. La scarsa affluenza di pubblico nel periodo che preludeva la prima guerra mondiale fece saltare le previsioni economiche degli organizzatori, e presto si arriv\u00f2 al fallimento (1915). Ma anche dopo che il Comune di Roma subentr\u00f2 nella gestione e nella propriet\u00e0 dell\u2019impianto (1917), le cose non cambiarono in meglio.<br \/>\nSoltanto durante gli anni Trenta, il Giardino Zoologico visse un periodo florido, perch\u00e9 il regime fascista vedeva nell\u2019impianto un utile strumento di propaganda, dove la grandezza dell\u2019Italia si manifestava attraverso l\u2019esibizione di alcuni animali delle colonie. I problemi di bilancio erano risolti con i finanziamenti del regime, e lo zoo, ampliato verso Villa Borghese con il progetto di Raffaele de Vico, torn\u00f2 ad essere fra i pi\u00f9 importanti al mondo o almeno in Europa.<br \/>\nMa dopo la caduta del fascismo, il giardino torn\u00f2 nelle condizioni precarie di sempre, alle quali, verso gli anni Settanta, si aggiunse la polemica mossa dal movimento animalista, contrario a tale tipo di struttura.<br \/>\nNel frattempo il progetto originale di Hagenbeck era stato modificato con l\u2019inserimento di nuovi recinti e la demolizione di altri, inaugurando una consuetudine progressivamente peggiorata fino ad oggi.<br \/>\nDal 1998 la gestione dello zoo \u00e8 passata a una SpA, trasformata poi in Fondazione nel 2003, che ha inaugurato la trasformazione dello zoo in Bioparco.<\/p>\n<div align=\"center\"><\/div>\n<div align=\"center\"><\/div>\n<p>&nbsp;<\/p>\n<div align=\"center\"><strong>Some suggestions for new studies and research on the architecture and restoration of Rome\u2019s Giardino Zoologico<\/strong><\/p>\n<div align=\"justify\"><\/div>\n<div align=\"justify\">While zoological gardens in other European cities had already become important and economically flourishing institutions by the end of the nineteenth century, Rome did not gain a large Zoological Garden until the beginning of the twentieth century, in the wake of the Esposizione Internazionale of 1911, and then only thanks to a private initiative. This delay brought with it a unique and original compensation: all the latest principles and techniques of the so\u2013called \u201czoo without bars\u201d developed in those years by the animal merchant Carlo Hagenbeck could be applied for the first time in the Italian capital. Hagenbeck and his collaborators drew up a master plan for the new initiative and supplied all of the animals.<br \/>\nUp until this time, the visiting public and animals were strictly separated in zoos around the world, with animals imprisoned behind heavy iron bars. The new system, however, allowed visitors to observe even dangerous animals in a seemingly natural and free state. In spite of these exciting new premises, Rome\u2019s Giardino Zoologico was mired in difficulty. Poor attendance on the eve of the outbreak of World War 1 undermined all of the organizers\u2019 financial estimates, and soon after the initiative went bankrupt (1915). The situation did not improve, not even after the municipality took over the property and its management (1917).<br \/>\nIt was not until the 1930s that the Zoological Garden would prosper. Its success was due in large part to the Fascist regime\u2019s interest in the zoo, as an instrument of propaganda. Animals from the colonies could be living demonstrations of the greatness of Italy. All the problems of making ends meet were resolved with financing from the regime, and the zoo was expanded toward Villa Borghese according to the designs of Raffaele de Vico. The zoo thus became one of the most important in Europe, if not in the world. Soon after the collapse of the Fascist regime, however, the garden returned to its previous precarious existence. The chronic financial problems were not helped by pressure, in the 1970s, from the animal rights movement, highly critical of this kind of institution. In the meantime, the original Hagenbeck project had been substantially modified with the construction of new enclosures and the demolition of others, adding to the progressive decline of the garden to this day. In 1998, management of the zoo was transferred to a private corporation, which inaugurated the zoo\u2019s transformation into a Biopark. The corporation became a Foundation in 2003.<\/div>\n<\/div>\n<\/div>\n<\/div>\n","protected":false},"excerpt":{"rendered":"<p>Estratto dal fascicolo 19-20 (luglio-dicembre 2013) Mentre in altre citt\u00e0 europee gi\u00e0 alla fine del XIX secolo i Giardini Zoologici costituivano importanti strutture, floride anche dal punto di vista economico, a Roma, solo ai primi del XX secolo, sulla scia dell\u2019Esposizione internazionale del 1911 e dopo precedenti tentativi di minore importanza, fu realizzato un grande Giardino Zoologico ad opera di privati.<\/p>\n","protected":false},"author":1,"featured_media":0,"parent":0,"menu_order":0,"comment_status":"closed","ping_status":"closed","template":"","meta":{"footnotes":""},"categories":[],"tags":[],"class_list":["post-9012","page","type-page","status-publish","hentry"],"_links":{"self":[{"href":"https:\/\/bollettinodarte.cultura.gov.it\/index.php?rest_route=\/wp\/v2\/pages\/9012","targetHints":{"allow":["GET"]}}],"collection":[{"href":"https:\/\/bollettinodarte.cultura.gov.it\/index.php?rest_route=\/wp\/v2\/pages"}],"about":[{"href":"https:\/\/bollettinodarte.cultura.gov.it\/index.php?rest_route=\/wp\/v2\/types\/page"}],"author":[{"embeddable":true,"href":"https:\/\/bollettinodarte.cultura.gov.it\/index.php?rest_route=\/wp\/v2\/users\/1"}],"replies":[{"embeddable":true,"href":"https:\/\/bollettinodarte.cultura.gov.it\/index.php?rest_route=%2Fwp%2Fv2%2Fcomments&post=9012"}],"version-history":[{"count":6,"href":"https:\/\/bollettinodarte.cultura.gov.it\/index.php?rest_route=\/wp\/v2\/pages\/9012\/revisions"}],"predecessor-version":[{"id":12187,"href":"https:\/\/bollettinodarte.cultura.gov.it\/index.php?rest_route=\/wp\/v2\/pages\/9012\/revisions\/12187"}],"wp:attachment":[{"href":"https:\/\/bollettinodarte.cultura.gov.it\/index.php?rest_route=%2Fwp%2Fv2%2Fmedia&parent=9012"}],"wp:term":[{"taxonomy":"category","embeddable":true,"href":"https:\/\/bollettinodarte.cultura.gov.it\/index.php?rest_route=%2Fwp%2Fv2%2Fcategories&post=9012"},{"taxonomy":"post_tag","embeddable":true,"href":"https:\/\/bollettinodarte.cultura.gov.it\/index.php?rest_route=%2Fwp%2Fv2%2Ftags&post=9012"}],"curies":[{"name":"wp","href":"https:\/\/api.w.org\/{rel}","templated":true}]}}