{"id":9064,"date":"2023-07-26T14:57:07","date_gmt":"2023-07-26T12:57:07","guid":{"rendered":"http:\/\/bollettinodarte.cultura.gov.it\/?page_id=9064"},"modified":"2023-11-06T11:29:35","modified_gmt":"2023-11-06T10:29:35","slug":"paolo-cova-nuove-indagini-sulla-pittura-gotica-in-san-domenico-a-bologna-jacopo-benintendi-detto-il-biondo-e-la-decorazione-della-cappella-di-taddeo-pepoli","status":"publish","type":"page","link":"https:\/\/bollettinodarte.cultura.gov.it\/?page_id=9064","title":{"rendered":"Paolo Cova: Nuove indagini sulla pittura gotica in San Domenico a Bologna: Jacopo Benintendi detto \u201cil Biondo\u201d e la decorazione della cappella di Taddeo Pepoli"},"content":{"rendered":"<div align=\"justify\"><strong>Estratto dal fascicolo 21 (gennaio-marzo 2014)<\/strong><\/div>\n<div align=\"justify\">Lo studio che qui presentiamo \u00e8 l&#8217;occasione per ritornare su una notevole testimonianza pittorica relativa alla decorazione parietale\u00a0gotica\u00a0della basilica di San Domenico a Bologna. L\u2019affresco strappato con\u00a0le immagini\u00a0di\u00a0<em>San Tommaso d&#8217;Aquino<\/em>\u00a0e probabilmente di\u00a0<em>Sant&#8217;Antonio Abate<\/em>\u00a0proviene dalla prestigiosa cappella di San Michele e rappresenta l\u2019unica testimonianza superstite della sua decorazione pittorica. La motivazione di un suo recupero critico \u00e8 duplice: prima di tutto per la qualit\u00e0 stilistica intrinseca che l&#8217;opera ricopre e, in secondo luogo, per il prestigio della committenza che molto probabilmente sottese alla sua realizzazione. Infatti, la cappella di San Michele in San Domenico ospit\u00f2 il famoso sepolcro marmoreo di Taddeo Pepoli, e forse anche il\u00a0<em>Polittico degli Angeli<\/em>\u00a0di Giotto. Il rapporto con questa prestigiosa committenza offre la possibilit\u00e0 di una circostanziata datazione dell&#8217;affresco tra l&#8217;anno della morte del signore di Bologna (1347) e la fine del regime dei suoi figli, costretti in un primo momento a vendere la citt\u00e0 ai Visconti (1350) e poi esiliati e imprigionati. Il dipinto murale era gi\u00e0 noto, ma con un\u2019attribuzione diversa da quella che si argomenta nel presente lavoro. Il suo spostamento nell&#8217;orbita di Jacopo Benintendi detto \u2018il Biondo\u2019 \u00e8 anche l&#8217;occasione per ragionare sull&#8217;attivit\u00e0 di questo importante pittore, padre di Cristoforo, attivo nel contesto bolognese negli ani di Vitale degli Equi. Altres\u00ec, il recupero del grande lacerto pittorico strappato e della relativa sinopia, totalmente inedita,\u00a0ha permesso di elaborare una serie di riflessioni\u00a0sulla pittura bolognese del Trecento e sulle sue tangenze con la scuola giottesca.<\/div>\n<p>&nbsp;<\/p>\n<div align=\"center\">\n<p><strong>New research on the Gothic painting in the church of San Domenico, Bologna: Jacopo Benintendi (known as \u201cil Biondo\u201d)<\/strong><strong>\u00a0and the pictorial decoration of the chapel of Taddeo Pepoli<\/strong><\/p>\n<div align=\"justify\">The study presented here is an opportunity to revisit remarkable pictorial evidence of the Gothic wall decoration of the Basilica of San Domenico in Bologna. The detached fresco with the images of\u00a0<em>Saint Thomas Aquinas<\/em>\u00a0and (probably)\u00a0<em>Saint Anthony Abbot<\/em>\u00a0is from the prestigious chapel of Saint Michael, and represents the unique surviving evidence of its pictorial decoration. The motivation for its critical recovery is two\u2013fold: firstly, for its intrinsic stylistic quality, and secondly for the prestige of the patronage that most probably backed its realization. Indeed, the chapel of Saint Michael in San Domenico contained the famous marble tomb of Taddeo Pepoli, and perhaps also Giotto\u2019s\u00a0Polyptych of the Angels.\u00a0The relationship with this prestigious clientele offers the possibility of circumscribing the date of the fresco to the period between the death of the lord of Bologna (1347) and the end of the regime of his heirs, who were first forced to sell the city to the Visconti (1350), and were then exiled and imprisoned.The mural painting is already known, but with a different attribution than what is sustained in the present study. Its shift into the orbit of Jacopo Benintendi called \u2018il Biondo\u2019 also provides the opportunity to rethink the career of this important artist, father of Cristoforo and a painter active in the Bolognese context during the period of Vitale degli Equi. In addition, the recovery of the large detached pictorial fragment and its relative\u00a0sinopia\u00a0\u2014 the latter completely new to the literature \u2014 permits the author to advance a series of considerations on Bolognese Trecento painting and its points of contact with the school of Giotto.<\/div>\n<\/div>\n","protected":false},"excerpt":{"rendered":"<p>Estratto dal fascicolo 21 (gennaio-marzo 2014) Lo studio che qui presentiamo \u00e8 l&#8217;occasione per ritornare su una notevole testimonianza pittorica relativa alla decorazione parietale\u00a0gotica\u00a0della basilica di San Domenico a Bologna.<\/p>\n","protected":false},"author":1,"featured_media":0,"parent":0,"menu_order":0,"comment_status":"closed","ping_status":"closed","template":"","meta":{"footnotes":""},"categories":[],"tags":[],"class_list":["post-9064","page","type-page","status-publish","hentry"],"_links":{"self":[{"href":"https:\/\/bollettinodarte.cultura.gov.it\/index.php?rest_route=\/wp\/v2\/pages\/9064","targetHints":{"allow":["GET"]}}],"collection":[{"href":"https:\/\/bollettinodarte.cultura.gov.it\/index.php?rest_route=\/wp\/v2\/pages"}],"about":[{"href":"https:\/\/bollettinodarte.cultura.gov.it\/index.php?rest_route=\/wp\/v2\/types\/page"}],"author":[{"embeddable":true,"href":"https:\/\/bollettinodarte.cultura.gov.it\/index.php?rest_route=\/wp\/v2\/users\/1"}],"replies":[{"embeddable":true,"href":"https:\/\/bollettinodarte.cultura.gov.it\/index.php?rest_route=%2Fwp%2Fv2%2Fcomments&post=9064"}],"version-history":[{"count":2,"href":"https:\/\/bollettinodarte.cultura.gov.it\/index.php?rest_route=\/wp\/v2\/pages\/9064\/revisions"}],"predecessor-version":[{"id":12198,"href":"https:\/\/bollettinodarte.cultura.gov.it\/index.php?rest_route=\/wp\/v2\/pages\/9064\/revisions\/12198"}],"wp:attachment":[{"href":"https:\/\/bollettinodarte.cultura.gov.it\/index.php?rest_route=%2Fwp%2Fv2%2Fmedia&parent=9064"}],"wp:term":[{"taxonomy":"category","embeddable":true,"href":"https:\/\/bollettinodarte.cultura.gov.it\/index.php?rest_route=%2Fwp%2Fv2%2Fcategories&post=9064"},{"taxonomy":"post_tag","embeddable":true,"href":"https:\/\/bollettinodarte.cultura.gov.it\/index.php?rest_route=%2Fwp%2Fv2%2Ftags&post=9064"}],"curies":[{"name":"wp","href":"https:\/\/api.w.org\/{rel}","templated":true}]}}