{"id":9104,"date":"2023-07-26T16:12:46","date_gmt":"2023-07-26T14:12:46","guid":{"rendered":"http:\/\/bollettinodarte.cultura.gov.it\/?page_id=9104"},"modified":"2023-11-06T11:40:46","modified_gmt":"2023-11-06T10:40:46","slug":"serafina-giannetti-santuario-di-ercole-vincitore-a-tivoli-ii-le-sculture-di-eta-imperiale","status":"publish","type":"page","link":"https:\/\/bollettinodarte.cultura.gov.it\/?page_id=9104","title":{"rendered":"Serafina Giannetti: Santuario di Ercole Vincitore a Tivoli. II. Le sculture di et\u00e0 imperiale"},"content":{"rendered":"<div align=\"justify\"><strong>Estratto dal fascicolo 22-23 (aprile-settembre 2014)<\/strong><\/div>\n<div align=\"justify\">L\u2019articolo completa l\u2019analisi del notevole patrimonio scultoreo rinvenuto all\u2019interno del santuario d\u2019Ercole Vincitore a Tivoli prendendo in esame i reperti di et\u00e0 imperiale. A differenza delle sculture repubblicane, i rinvenimenti di et\u00e0 imperiale sono numericamente meno consistenti, presentano uno stato di conservazione pi\u00f9 frammentario e caratteristiche stilistiche e tecniche pi\u00f9 disomogenee. Lo studio tenta una lettura dei materiali in relazione con gli interventi edilizi e gli apparati decorativi realizzati nel santuario in epoca successiva alla grande fase di monumentalizzazione repubblicana, alla luce dei dati emersi durante gli ultimi lavori di restauro e valorizzazione del complesso.<br \/>\nTra i pezzi esaminati emerge la statua iconica in vesti di Afrodite del tipo Louvre\u2013Napoli, attribuita ad una bottega di copisti di et\u00e0 medio\u2013imperiale, la cui produzione era caratterizzata dall\u2019uso esclusivo del marmo tasio. Si propone inoltre una nuova interpretazione iconografica della nota testa colossale, detta di Alessandro \u2013 Ercole, rinvenuta nel 1902 nei pressi del tempio e oggi nel Museo Nazionale Romano, per la quale si ipotizza la pertinenza alla statua di culto.<br \/>\nRicerche correlate allo studio delle sculture provenienti da santuario hanno permesso all\u2019autrice di rintracciare una statua di Ercole rinvenuta nel 1886 presso il ponte dell\u2019Acquoria, a valle del santuario, e andata dispersa sul mercato antiquario. La statua, oggi alla Ny Carlsberg Glyptotek di Copenaghen, probabilmente parte integrate dell\u2019arredo del santuario, offre un\u2019ulteriore testimonianza della iconografia dell\u2019Ercole Vincitore a Tivoli.<\/p>\n<div align=\"center\"><strong><\/p>\n<p>The Sanctuary of Hercules Victor in Tivoli. II. The Sculpture of the Imperial Period<\/strong><\/p>\n<div align=\"center\"><\/div>\n<div align=\"justify\">\n<p>This article completes the analysis of the remarkable sculptural appanage excavated on the interior of the sanctuary of Hercules Victor at Tivoli, focusing on the finds from the Roman imperial period. In comparison with the Republican sculptures, the archaeological finds of the imperial period are numerically fewer, and present a more fragmented state of conservation as well as greater dissimilarities in terms of stylistic and technical features. In the light of new finds that emerged during the most recent excavation and restoration campaigns conducted at the archaeological complex, the study proposes an interpretation of the materials in connection with the construction phases and the decoration of the sanctuary from a later stage with respect to the monumental building period of the Republican epoch.<\/p>\n<div align=\"justify\">Among the pieces examined, the iconic Aphrodite statue of the Louvre\u2013Naples type stands out. The author assigns it to a workshop of copyists from the middle imperial period whose production was characterized by the exclusive use of Thasos marble. The study also advances a new iconographic interpretation of the noted colossal head referred to as \u201cAlexander\u2013Hercules\u201d discovered in 1902 near the temple and now in the Museo Nazionale Romano, that the author hypothesizes belong to the cult statue.<br \/>\nResearch related to the study of the Tivoli sanctuary sculpture has enabled the author to trace a statue of Hercules discovered in 1886 near the Acquoria bridge downstream from the sanctuary and subsequently sold on the art market. The statue, presently in the Ny Carlsberg Glyptotek in Copenhagen and probably an integral part of the sanctuary furnishings, offers further evidence of the Hercules Victor iconography at Tivoli.<\/div>\n<\/div>\n<\/div>\n<\/div>\n","protected":false},"excerpt":{"rendered":"<p>Estratto dal fascicolo 22-23 (aprile-settembre 2014) L\u2019articolo completa l\u2019analisi del notevole patrimonio scultoreo rinvenuto all\u2019interno del santuario d\u2019Ercole Vincitore a Tivoli prendendo in esame i reperti di et\u00e0 imperiale.<\/p>\n","protected":false},"author":1,"featured_media":0,"parent":0,"menu_order":0,"comment_status":"closed","ping_status":"closed","template":"","meta":{"footnotes":""},"categories":[],"tags":[],"class_list":["post-9104","page","type-page","status-publish","hentry"],"_links":{"self":[{"href":"https:\/\/bollettinodarte.cultura.gov.it\/index.php?rest_route=\/wp\/v2\/pages\/9104","targetHints":{"allow":["GET"]}}],"collection":[{"href":"https:\/\/bollettinodarte.cultura.gov.it\/index.php?rest_route=\/wp\/v2\/pages"}],"about":[{"href":"https:\/\/bollettinodarte.cultura.gov.it\/index.php?rest_route=\/wp\/v2\/types\/page"}],"author":[{"embeddable":true,"href":"https:\/\/bollettinodarte.cultura.gov.it\/index.php?rest_route=\/wp\/v2\/users\/1"}],"replies":[{"embeddable":true,"href":"https:\/\/bollettinodarte.cultura.gov.it\/index.php?rest_route=%2Fwp%2Fv2%2Fcomments&post=9104"}],"version-history":[{"count":5,"href":"https:\/\/bollettinodarte.cultura.gov.it\/index.php?rest_route=\/wp\/v2\/pages\/9104\/revisions"}],"predecessor-version":[{"id":12208,"href":"https:\/\/bollettinodarte.cultura.gov.it\/index.php?rest_route=\/wp\/v2\/pages\/9104\/revisions\/12208"}],"wp:attachment":[{"href":"https:\/\/bollettinodarte.cultura.gov.it\/index.php?rest_route=%2Fwp%2Fv2%2Fmedia&parent=9104"}],"wp:term":[{"taxonomy":"category","embeddable":true,"href":"https:\/\/bollettinodarte.cultura.gov.it\/index.php?rest_route=%2Fwp%2Fv2%2Fcategories&post=9104"},{"taxonomy":"post_tag","embeddable":true,"href":"https:\/\/bollettinodarte.cultura.gov.it\/index.php?rest_route=%2Fwp%2Fv2%2Ftags&post=9104"}],"curies":[{"name":"wp","href":"https:\/\/api.w.org\/{rel}","templated":true}]}}