{"id":9120,"date":"2023-07-27T10:13:13","date_gmt":"2023-07-27T08:13:13","guid":{"rendered":"http:\/\/bollettinodarte.cultura.gov.it\/?page_id=9120"},"modified":"2023-11-06T11:42:09","modified_gmt":"2023-11-06T10:42:09","slug":"antonio-cuccia-una-proposta-per-francesco-di-valdambrino-a-palermo-un-crocifisso-e-il-suo-tramite-pisano","status":"publish","type":"page","link":"https:\/\/bollettinodarte.cultura.gov.it\/?page_id=9120","title":{"rendered":"Antonio Cuccia:\u00a0Una proposta per Francesco di Valdambrino a Palermo: un Crocifisso e il suo tramite pisano"},"content":{"rendered":"<div align=\"justify\">\n<p><strong>Estratto dal fascicolo 22-23 (aprile-settembre 2014)<\/strong><\/p>\n<p>La conoscenza di sculture pisane in Sicilia, che aveva individuato un consistente numero di opere medioevali sembrava ormai esaurita; alcuni ultimi studi invece, hanno richiamato l\u2019attenzione su due sculture, questa volta rinascimentali &#8211;\u00a0provenienti dallo stesso ambito pisano &#8211; , con la scoperta di un gruppo ligneo di \u201cDolenti\u201d a Collesano (Palermo), riferiti a Francesco di Valdambrino e alla sua cerchia. Ma, successivamente, ancora pi\u00f9 sorprendente si \u00e8 rivelato il ritrovamento di un Crocifisso ligneo in un ripostiglio della chiesa palermitana di San Domenico, che, dopo un primo intervento di pulitura, ha evidenziato insospettate qualit\u00e0 compositive esternando il suo carattere rinascimentale. \u00c8 apparso altres\u00ec evidente il richiamo, per motivi stilistici ma anche somatici, alla produzione di crocifissi del Valdambrino. La ricerca, in questa sede allargata a tutta la sua produzione e riconsiderata cronologicamente, consente una nuova proposta attributiva del Crocifisso di Palermo allo stesso Valdambrino, probabilmente eseguito a Pisa tra la fine del XIV secolo e gli inizi del XV in concomitanza col gruppo dell\u2019Annunciazione al Museo Nazionale di San Matteo a Pisa ed alle prime opere della sua attivit\u00e0. Alquanto problematica si \u00e8 rivelata la ricostruzione del percorso seguito dall\u2019opera risultata decontestualizzata dal convento domenicano dove attualmente si trova, ivi pervenuta a seguito dello \u201csfoltimento\u201d delle innumerevoli opere d\u2019arte pervenute all\u2019allora Museo Nazionale di Palermo a seguito delle leggi di soppressione. Attendibilmente il Crocifisso fu prelevato dalla chiesa dei santi Quaranta Martiri e di San Ranieri alla Guilla ma proviene, a sua volta, dall\u2019omonimo Oratorio dei Nobili Pisani, sempre a Palermo, gi\u00e0 ubicato nei pressi dell\u2019antica zona portuale. Proprio alla confraternita che gestiva tale oratorio spetterebbe la committenza significativa di quest\u2019opera direttamente alla madrepatria, con il contributo della cospicua colonia pisana presente a Palermo, dove deteneva il controllo delle attivit\u00e0 commerciali grazie ai capitali messi quivi al sicuro dall\u2019imminente caduta di Pisa nel 1406 nelle mani di Firenze.<\/p>\n<p>&nbsp;<\/p>\n<div align=\"center\">\n<p><strong>A Proposal for Francesco di Valdambrino in Palermo: a\u00a0Crucifix\u00a0and Its Pisan Intermediary<\/strong><\/p>\n<div align=\"justify\">\n<p>Scholarship on Pisan sculpture in Sicily, after the individuation of a significant number of medieval works, had appeared dormant. Recently, however, new studies have drawn attention to wood sculptures from the Pisan ambit, though this time from the Renaissance period, with the discovery of a wooden group, Dolenti, in Collesano (Palermo) assigned to Francesco di Valdambrino and his circle. Even more remarkable has been the subsequent discovery of a wooden\u00a0Crucifix\u00a0in a storage room of the church of San Domenico in Palermo, with after an initial cleaning revealed unexpectedly uncovered unmistakable Renaissance compositional qualities. Both for its style and somatic features, the relationship of this work to the crucifixes of Valdambrino has become equally evident. Research on this material, expanded in the article to encompass the whole of the latter\u2019s production as well as its chronology, has enabled the author to propose a new attribution to Valdambrino of the\u00a0Crucifix\u00a0in Palermo, a work probably executed in Pisa at the end of the fourteenth and beginning of the fifteenth century in conjunction with the Annunciation group in the Museo Nazionale di San Matteo in Pisa, as well as with other early works by the artist. The provenance of the\u00a0Crucifix\u00a0has been problematic to reconstruct given its current decontextualized presence in the Dominican convent where it was brought in the period following the suppression of religious institutions when innumerable works of art were amassed in Museo Nazionale di Palermo and then redistributed. It is likely that the Crucifix was taken from the church of the Santi Quaranta Martiri e di San Ranieri alla Guilla, but that it had been previously brought there from the homonymous Oratorio dei Nobili Pisani in Palermo, originally located near the old harbor. The confraternity in charge of the oratory was likely responsible for the commission of this important work directly from the mainland, with the financial support of the sizeable colony of Pisans then present in Palermo, which controlled commerce underwritten by capital transferred to Palermo from Pisa for safekeeping prior to the city\u2019s fall to the Florentines in 1406.<\/p>\n<\/div>\n<\/div>\n<\/div>\n","protected":false},"excerpt":{"rendered":"<p>Estratto dal fascicolo 22-23 (aprile-settembre 2014) La conoscenza di sculture pisane in Sicilia, che aveva individuato un consistente numero di opere medioevali sembrava ormai esaurita; alcuni ultimi studi invece, hanno richiamato l\u2019attenzione su due sculture, questa volta rinascimentali &#8211;\u00a0provenienti dallo stesso ambito pisano &#8211; , con la scoperta di un gruppo ligneo di \u201cDolenti\u201d a Collesano (Palermo), riferiti a Francesco di Valdambrino e alla sua cerchia.<\/p>\n","protected":false},"author":1,"featured_media":0,"parent":0,"menu_order":0,"comment_status":"closed","ping_status":"closed","template":"","meta":{"footnotes":""},"categories":[],"tags":[],"class_list":["post-9120","page","type-page","status-publish","hentry"],"_links":{"self":[{"href":"https:\/\/bollettinodarte.cultura.gov.it\/index.php?rest_route=\/wp\/v2\/pages\/9120","targetHints":{"allow":["GET"]}}],"collection":[{"href":"https:\/\/bollettinodarte.cultura.gov.it\/index.php?rest_route=\/wp\/v2\/pages"}],"about":[{"href":"https:\/\/bollettinodarte.cultura.gov.it\/index.php?rest_route=\/wp\/v2\/types\/page"}],"author":[{"embeddable":true,"href":"https:\/\/bollettinodarte.cultura.gov.it\/index.php?rest_route=\/wp\/v2\/users\/1"}],"replies":[{"embeddable":true,"href":"https:\/\/bollettinodarte.cultura.gov.it\/index.php?rest_route=%2Fwp%2Fv2%2Fcomments&post=9120"}],"version-history":[{"count":11,"href":"https:\/\/bollettinodarte.cultura.gov.it\/index.php?rest_route=\/wp\/v2\/pages\/9120\/revisions"}],"predecessor-version":[{"id":12211,"href":"https:\/\/bollettinodarte.cultura.gov.it\/index.php?rest_route=\/wp\/v2\/pages\/9120\/revisions\/12211"}],"wp:attachment":[{"href":"https:\/\/bollettinodarte.cultura.gov.it\/index.php?rest_route=%2Fwp%2Fv2%2Fmedia&parent=9120"}],"wp:term":[{"taxonomy":"category","embeddable":true,"href":"https:\/\/bollettinodarte.cultura.gov.it\/index.php?rest_route=%2Fwp%2Fv2%2Fcategories&post=9120"},{"taxonomy":"post_tag","embeddable":true,"href":"https:\/\/bollettinodarte.cultura.gov.it\/index.php?rest_route=%2Fwp%2Fv2%2Ftags&post=9120"}],"curies":[{"name":"wp","href":"https:\/\/api.w.org\/{rel}","templated":true}]}}