{"id":9246,"date":"2023-07-27T14:53:17","date_gmt":"2023-07-27T12:53:17","guid":{"rendered":"http:\/\/bollettinodarte.cultura.gov.it\/?page_id=9246"},"modified":"2025-02-17T11:09:11","modified_gmt":"2025-02-17T10:09:11","slug":"silvio-leydi-susanna-zanuso-pietro-paolo-tomei-detto-romano-la-ritrovata-identita-del-medaglista-ppr","status":"publish","type":"page","link":"https:\/\/bollettinodarte.cultura.gov.it\/?page_id=9246","title":{"rendered":"Silvio Leydi, Susanna Zanuso: Pietro Paolo Tomei detto Romano: la ritrovata identit\u00e0 del medaglista \u00abPPR\u00bb"},"content":{"rendered":"<div align=\"justify\"><strong>Estratto dal fascicolo 25 (gennaio-marzo 2015)<\/strong><\/div>\n<div align=\"justify\">Il Pietro Paolo Romano che firma o sigla con le iniziali \u00abPPR\u00bb una serie di medaglie tra le pi\u00f9 belle realizzate nella seconda met\u00e0 del XVI secolo, nonch\u00e9 un monumentale busto in bronzo, \u00e8 stato finora identificato con Pietro Paolo Galeotti detto il Romano (1520 circa -1584), artista originario di Monterotondo nei pressi di Roma, allievo di Cellini e a lungo attivo in Toscana al servizio dei Medici. Come dimostrano fonti e documenti qui presentati, si tratta di invece di Pietro Paolo Tomei detto Romano (circa 1525 &#8211; post 1567), medaglista e scultore milanese in contatto con Leone Leoni, figlio di un noto intagliatore di cristalli e pietre dure. Sono cinquantanove i personaggi ritratti nelle medaglie firmate o documentate di Pietro Paolo Tomei. Nel catalogo in coda al testo si \u00e8 voluto porre l\u2019accento, con argomenti ignorati dai repertori numismatici, sulla loro identificazione e sulle loro vicende biografiche. Salvo pochissime eccezioni, sono tutti personaggi milanesi, lombardi o comunque legati in qualche modo al mondo dell\u2019amministrazione dello Stato, o ancora persone transitate anche per brevi periodi nella capitale del ducato. Il risultato \u00e8 una galleria iconografica &#8220;trasversale&#8221; della societ\u00e0 milanese di quegli anni che, oltre ad essere unica nel suo genere, si lega in modo stringente alla ritrovata identit\u00e0 di Pietro Paolo Romano.<\/div>\n<p>&nbsp;<\/p>\n<div align=\"justify\">\n<div align=\"center\">\n<p><strong>Pietro Paolo Tomei called \u201cRomano\u201d: The Rediscovered Identity of the Medalist \u00abPPR\u00bb<\/strong><\/p>\n<div align=\"center\"><\/div>\n<div align=\"justify\">The Pietro Paolo Romano who signed or initialed many of the finest medals produced in the second half of the sixteenth century using the initials \u00abPPR\u00bb, as well as a monumental bronze bust, has up to now been identified as Pietro Paolo Galeotti called \u201cRomano\u201d (1520\u20131584) from the town of Monterotondo near Rome, a student of Cellini and artist long active in Tuscany in the service of the Medici.<br \/>\nAs shown by the sources and documents presented here, the artist in question is instead Pietro Paolo Tomei called \u201cRomano\u201d (ca. 1525 \u2013 after 1567) a Milanese sculptor and medalist in contact with Leone Leoni, and the son of a well\u2013known gem and semi\u2013precious stone carver.<br \/>\nThe personages who figure on extant or documented medals signed by Pietro Paolo Tomei number fifty\u2013nine. At the end of the text of each catalogue entry, emphasis has been brought to their identities and biographical vicissitudes, subjects previously untreated in the numismatic repertories. With rare exceptions, all are individuals from Milan or Lombardy, or who are otherwise related in some capacity to the State administration, or are persons who transited for brief periods in the ducal capital. The result is indirectly an iconographic gallery of Milanese society of this period, which in addition to being unique, is compellingly bound to the rediscovered identity of Pietro Paolo Romano.<\/div>\n<\/div>\n<\/div>\n","protected":false},"excerpt":{"rendered":"<p>Estratto dal fascicolo 25 (gennaio-marzo 2015) Il Pietro Paolo Romano che firma o sigla con le iniziali \u00abPPR\u00bb una serie di medaglie tra le pi\u00f9 belle realizzate nella seconda met\u00e0 del XVI secolo, nonch\u00e9 un monumentale busto in bronzo, \u00e8 stato finora identificato con Pietro Paolo Galeotti detto il Romano (1520 circa -1584), artista originario di Monterotondo nei pressi di Roma, allievo di Cellini e a lungo attivo in Toscana al servizio dei Medici.<\/p>\n","protected":false},"author":1,"featured_media":0,"parent":0,"menu_order":0,"comment_status":"closed","ping_status":"closed","template":"","meta":{"footnotes":""},"categories":[],"tags":[],"class_list":["post-9246","page","type-page","status-publish","hentry"],"_links":{"self":[{"href":"https:\/\/bollettinodarte.cultura.gov.it\/index.php?rest_route=\/wp\/v2\/pages\/9246","targetHints":{"allow":["GET"]}}],"collection":[{"href":"https:\/\/bollettinodarte.cultura.gov.it\/index.php?rest_route=\/wp\/v2\/pages"}],"about":[{"href":"https:\/\/bollettinodarte.cultura.gov.it\/index.php?rest_route=\/wp\/v2\/types\/page"}],"author":[{"embeddable":true,"href":"https:\/\/bollettinodarte.cultura.gov.it\/index.php?rest_route=\/wp\/v2\/users\/1"}],"replies":[{"embeddable":true,"href":"https:\/\/bollettinodarte.cultura.gov.it\/index.php?rest_route=%2Fwp%2Fv2%2Fcomments&post=9246"}],"version-history":[{"count":9,"href":"https:\/\/bollettinodarte.cultura.gov.it\/index.php?rest_route=\/wp\/v2\/pages\/9246\/revisions"}],"predecessor-version":[{"id":13662,"href":"https:\/\/bollettinodarte.cultura.gov.it\/index.php?rest_route=\/wp\/v2\/pages\/9246\/revisions\/13662"}],"wp:attachment":[{"href":"https:\/\/bollettinodarte.cultura.gov.it\/index.php?rest_route=%2Fwp%2Fv2%2Fmedia&parent=9246"}],"wp:term":[{"taxonomy":"category","embeddable":true,"href":"https:\/\/bollettinodarte.cultura.gov.it\/index.php?rest_route=%2Fwp%2Fv2%2Fcategories&post=9246"},{"taxonomy":"post_tag","embeddable":true,"href":"https:\/\/bollettinodarte.cultura.gov.it\/index.php?rest_route=%2Fwp%2Fv2%2Ftags&post=9246"}],"curies":[{"name":"wp","href":"https:\/\/api.w.org\/{rel}","templated":true}]}}