{"id":9441,"date":"2023-07-28T12:12:29","date_gmt":"2023-07-28T10:12:29","guid":{"rendered":"http:\/\/bollettinodarte.cultura.gov.it\/?page_id=9441"},"modified":"2023-11-06T12:22:22","modified_gmt":"2023-11-06T11:22:22","slug":"cairoli-fulvio-giuliani-e-alessandra-ten-santuario-di-ercole-vincitore-a-tivoli-iii-larchitettura","status":"publish","type":"page","link":"https:\/\/bollettinodarte.cultura.gov.it\/?page_id=9441","title":{"rendered":"Cairoli Fulvio Giuliani e Alessandra Ten:\u00a0Santuario di Ercole Vincitore a Tivoli. III. L\u2019architettura"},"content":{"rendered":"<div align=\"justify\"><strong>Estratto dal fascicolo 30 (aprile-giugno 2016)<\/strong><\/div>\n<div align=\"justify\">Nel panorama dei grandi complessi cultuali della tarda repubblica, il santuario di Ercole Vincitore a Tivoli resta, per molti aspetti, tra i meno conosciuti. La ragione di questo stato di fatto va senza dubbio attribuita alle sue caratteristiche costruttive che, presentandolo come uno schema palaziale, hanno per secoli fatto pensare pi\u00f9 ad una villa che ad un luogo di culto. Ma le cause principali vanno senza dubbio ricercate nella sua precoce trasformazione in impianto industriale, favorita dall\u2019asse viario che lo attraversava in galleria, dal considerevole numero di grandi vani affacciati sulla strada e dall\u2019energia idraulica fornita dall\u2019acquedotto derivato dall\u2019Aniene. Le trasformazioni susseguitesi nei secoli, a partire dal 1612 (Armeria Pontificia) fino agli anni Sessanta del secolo scorso, ne modificarono non solo la funzione ma anche la stessa struttura, alterando profondamente i caratteri distributivi e danneggiando irreparabilmente le caratteristiche principali; i danni maggiori furono perpetrati alla fine del XIX secolo, e poi ancora negli anni Venti del secolo scorso. Ne risulta oggi un quadro di difficilissima lettura, a partire dalle incrostazioni di calcare, spesse a volte fino a dieci cm, che impediscono una concreta analisi delle superfici antiche, fino alle fodere di laterizi tessute per mascherare i vuoti lasciati dagli apprestamenti industriali e alla complessa rete di canali idraulici ricavati nelle ossature antiche. Paradossalmente, per\u00f2, furono proprio le necessit\u00e0 manutentive dell\u2019industria a garantire la conservazione strutturale per una cospicua parte dell\u2019impianto originario. Sullo studio complessivo e le possibilit\u00e0 di ricostruzione pesa inoltre la scelta poco felice della localizzazione, in parte sul ciglio di una terrazza fluviale; questa circostanza pregiudic\u00f2 la statica dell\u2019organismo gi\u00e0 in costruzione con cedimenti, peraltro ancora attivi, che imposero modifiche di grande peso al progetto originario, come la realizzazione del teatro a valle del tempio. Districarsi in un groviglio di questo genere, in assenza di un intervento sistematico di saggi programmati e, soprattutto, di restauri delle strutture la cui stabilit\u00e0 \u00e8 ancora oggi problematica, \u00e8 impresa davvero difficile. Di questo complesso quadro si offre in questa sede una sintesi dei risultati raggiunti in quasi trenta anni di ricerche e studio di dati utili alla comprensione delle complesse vicende che portarono alla realizzazione del pi\u00f9 imponente santuario repubblicano.<\/div>\n<p>&nbsp;<\/p>\n<div align=\"justify\"><\/div>\n<div align=\"center\"><strong><em>\u00a0<\/em><\/strong><\/div>\n<div align=\"center\">\n<p><strong>The Sanctuary of Hercules Victor in Tivoli. III. The Architecture<\/strong><\/p>\n<div align=\"center\"><\/div>\n<div align=\"justify\">Among the great cult complexes of the late Republican era, the sanctuary of Hercules Victor in Tivoli is in many respects one of the least well\u2013known. The reason for this is certainly ascribable to features of its construction that suggest a palatial design, causing it to be considered for centuries resembling a villa rather than a place of worship. The other chief cause for its neglect, however, was undoubtedly its early modern transformation into an industrial site, favored by the presence of the covered roadway that passes below it, the substantial number of large cubicles opening onto the road, and by the hydraulic energy provided by the aqueduct fed by the Aniene River. Continuous transformations over the last centuries, from 1612 (Pontifical Armory) up to the 1960s, modified not only the function but also the very structure of the Roman sacred site, profoundly altering its layout and irreparably damaging its main features; the greatest damage was perpetrated at the end of the 19th century, and then again in the twenties of the last century. The picture that emerges today is extremely difficult to interpret, due to limestone deposits up to ten centimeters thick that inhibit accurate analysis of the ancient wall surfaces, the brickwork used to mask the gaps left by the industrial use of the structure, and the complex network of hydraulic channels hollowed into the ancient framework. Paradoxically, however, it was exactly the industry\u2019s maintenance needs that ensured the structural conservation of a substantial portion of the ancient complex. Another hindrance to the comprehensive study and reconstruction of the site is the unfortunate choice of its position on the edge of a river terrace; even at the time of its construction this circumstance jeopardized the structural statics of the complex with subsidence, furthermore still in progress today, a condition that forced major alterations to be made to the original design, such as the construction of the theater downhill from the temple.<br \/>\nThe untangling of so complex a knot, failing a systematic intervention with organized excavations and, above all, the restoration of structures that are still unstable, is a highly challenging enterprise. Offered here is a summation of the results achieved in nearly thirty years of research and study of data useful for understanding the complex history of the realization of the most impressive Republican sanctuary.<\/div>\n<\/div>\n","protected":false},"excerpt":{"rendered":"<p>Estratto dal fascicolo 30 (aprile-giugno 2016) Nel panorama dei grandi complessi cultuali della tarda repubblica, il santuario di Ercole Vincitore a Tivoli resta, per molti aspetti, tra i meno conosciuti.<\/p>\n","protected":false},"author":1,"featured_media":0,"parent":0,"menu_order":0,"comment_status":"closed","ping_status":"closed","template":"","meta":{"footnotes":""},"categories":[],"tags":[],"class_list":["post-9441","page","type-page","status-publish","hentry"],"_links":{"self":[{"href":"https:\/\/bollettinodarte.cultura.gov.it\/index.php?rest_route=\/wp\/v2\/pages\/9441","targetHints":{"allow":["GET"]}}],"collection":[{"href":"https:\/\/bollettinodarte.cultura.gov.it\/index.php?rest_route=\/wp\/v2\/pages"}],"about":[{"href":"https:\/\/bollettinodarte.cultura.gov.it\/index.php?rest_route=\/wp\/v2\/types\/page"}],"author":[{"embeddable":true,"href":"https:\/\/bollettinodarte.cultura.gov.it\/index.php?rest_route=\/wp\/v2\/users\/1"}],"replies":[{"embeddable":true,"href":"https:\/\/bollettinodarte.cultura.gov.it\/index.php?rest_route=%2Fwp%2Fv2%2Fcomments&post=9441"}],"version-history":[{"count":3,"href":"https:\/\/bollettinodarte.cultura.gov.it\/index.php?rest_route=\/wp\/v2\/pages\/9441\/revisions"}],"predecessor-version":[{"id":12271,"href":"https:\/\/bollettinodarte.cultura.gov.it\/index.php?rest_route=\/wp\/v2\/pages\/9441\/revisions\/12271"}],"wp:attachment":[{"href":"https:\/\/bollettinodarte.cultura.gov.it\/index.php?rest_route=%2Fwp%2Fv2%2Fmedia&parent=9441"}],"wp:term":[{"taxonomy":"category","embeddable":true,"href":"https:\/\/bollettinodarte.cultura.gov.it\/index.php?rest_route=%2Fwp%2Fv2%2Fcategories&post=9441"},{"taxonomy":"post_tag","embeddable":true,"href":"https:\/\/bollettinodarte.cultura.gov.it\/index.php?rest_route=%2Fwp%2Fv2%2Ftags&post=9441"}],"curies":[{"name":"wp","href":"https:\/\/api.w.org\/{rel}","templated":true}]}}