{"id":9484,"date":"2023-07-28T13:36:28","date_gmt":"2023-07-28T11:36:28","guid":{"rendered":"http:\/\/bollettinodarte.cultura.gov.it\/?page_id=9484"},"modified":"2023-11-06T12:35:15","modified_gmt":"2023-11-06T11:35:15","slug":"carlo-gasparri-avanzi-del-palazzo-dei-cesari-sul-monte-palatino-1817-un-rame-di-luigi-rossini-ritrovato","status":"publish","type":"page","link":"https:\/\/bollettinodarte.cultura.gov.it\/?page_id=9484","title":{"rendered":"Carlo Gasparri: \u00abAvanzi del Palazzo dei Cesari sul Monte Palatino, 1817\u00bb. Un rame di Luigi Rossini ritrovato"},"content":{"rendered":"<div align=\"justify\">\n<p><strong>Estratto dal fascicolo 31 (luglio-settembre 2016)<\/strong><\/p>\n<p style=\"font-weight: 400;\">In propriet\u00e0 privata a Roma \u00e8 conservato un rame di Luigi Rossini appartenente alla sua prima fase di attivit\u00e0 come incisore: la \u201cVeduta degli avanzi del Palazzo dei Cesari sul Monte Palatino\u201d, firmata e datata\u00a0<em>&#8220;L. Rossini fece in Roma 1817<\/em>&#8220;, che fu inserita nelle prime due serie di incisioni di Rossini, il\u00a0<em>Frontespizio delle Antichit\u00e0 di Roma divise in quaranta vedute<\/em>, e la\u00a0<em>Raccolta di Cinquanta Principali Vedute di Antichit\u00e0 tratte dai scavi fatti in Roma in questi ultimi tempi,<\/em>\u00a0edite tra il 1818-19, e come \u00e8 noto non incluse nel fondo conservato oggi presso l\u2019Istituto Nazionale per la Grafica. La veduta riproduce un settore delle rovine della residenza imperiale sul Palatino, le c.d. Arcate Severiane, scarsamente considerato nella vedutistica moderna, con le aggiunte moderne, oggi rimosse. \u00c8 pertanto un importante documento delle trasformazioni subite dal complesso imperiale, e insieme testimonia un interesse verso soggetti poco frequentati, caratteristico della prima fase di attivit\u00e0 di Rossini come incisore.<\/p>\n<p>&nbsp;<\/p>\n<p style=\"font-weight: 400; text-align: center;\"><strong>\u00abAvanzi del Palazzo dei Cesari sul Monte Palatino, 1817\u00bb. A Rediscovered Copperplate by Luigi Rossini<\/strong><\/p>\n<div align=\"justify\">\n<p style=\"font-weight: 400;\">In a private collection in Rome is a copperplate by Luigi Rossini from the first phase of his activity as an engraver: \u201cView of the Ruins of the Palace of the Caesars on the Palatine Hill\u201d. The plate carries the signature and date\u00a0\u201c<em>L. Rossini fece in Roma 1817<\/em>\u201d,\u00a0and the image was included in the first two series of engravings by Rossini \u2014 the\u00a0<em>Frontespizio delle Antichit\u00e0 di Roma<\/em> divise in quaranta vedute\u00a0(Frontispiece of the antiquities of Rome divided into forty views), and the\u00a0Raccolta di <em>Cinquanta Principali Vedute di Antichit\u00e0<\/em> tratte dai scavi fatti in Roma in questi ultimi tempi\u00a0(Collection of fifty important views of antiquities from excavations recently carried out in Rome) \u2014 published 1818\u20131819. As is known, it is absent from the present day collection of the Istituto Nazionale per la Grafica.<br \/>\nThe view presents a portion of the ruins of the imperial residence on the Palatine, the so\u2013called Arcate Severiane, that was rarely depicted in modern views and which appears here with modern additions since removed. The image is thus an important document of transformations the imperial complex has undergone, at the same time demonstrating the artist\u2019s interest in uncommon subjects, a characteristic of the early phase of Rossini\u2019s activity as an engraver.<em><br \/>\n<\/em><\/p>\n<\/div>\n<\/div>\n","protected":false},"excerpt":{"rendered":"<p>Estratto dal fascicolo 31 (luglio-settembre 2016) In propriet\u00e0 privata a Roma \u00e8 conservato un rame di Luigi Rossini appartenente alla sua prima fase di attivit\u00e0 come incisore: la \u201cVeduta degli avanzi del Palazzo dei Cesari sul Monte Palatino\u201d, firmata e datata\u00a0&#8220;L.<\/p>\n","protected":false},"author":1,"featured_media":0,"parent":0,"menu_order":0,"comment_status":"closed","ping_status":"closed","template":"","meta":{"footnotes":""},"categories":[],"tags":[],"class_list":["post-9484","page","type-page","status-publish","hentry"],"_links":{"self":[{"href":"https:\/\/bollettinodarte.cultura.gov.it\/index.php?rest_route=\/wp\/v2\/pages\/9484","targetHints":{"allow":["GET"]}}],"collection":[{"href":"https:\/\/bollettinodarte.cultura.gov.it\/index.php?rest_route=\/wp\/v2\/pages"}],"about":[{"href":"https:\/\/bollettinodarte.cultura.gov.it\/index.php?rest_route=\/wp\/v2\/types\/page"}],"author":[{"embeddable":true,"href":"https:\/\/bollettinodarte.cultura.gov.it\/index.php?rest_route=\/wp\/v2\/users\/1"}],"replies":[{"embeddable":true,"href":"https:\/\/bollettinodarte.cultura.gov.it\/index.php?rest_route=%2Fwp%2Fv2%2Fcomments&post=9484"}],"version-history":[{"count":3,"href":"https:\/\/bollettinodarte.cultura.gov.it\/index.php?rest_route=\/wp\/v2\/pages\/9484\/revisions"}],"predecessor-version":[{"id":12279,"href":"https:\/\/bollettinodarte.cultura.gov.it\/index.php?rest_route=\/wp\/v2\/pages\/9484\/revisions\/12279"}],"wp:attachment":[{"href":"https:\/\/bollettinodarte.cultura.gov.it\/index.php?rest_route=%2Fwp%2Fv2%2Fmedia&parent=9484"}],"wp:term":[{"taxonomy":"category","embeddable":true,"href":"https:\/\/bollettinodarte.cultura.gov.it\/index.php?rest_route=%2Fwp%2Fv2%2Fcategories&post=9484"},{"taxonomy":"post_tag","embeddable":true,"href":"https:\/\/bollettinodarte.cultura.gov.it\/index.php?rest_route=%2Fwp%2Fv2%2Ftags&post=9484"}],"curies":[{"name":"wp","href":"https:\/\/api.w.org\/{rel}","templated":true}]}}