{"id":9604,"date":"2023-08-03T14:51:23","date_gmt":"2023-08-03T12:51:23","guid":{"rendered":"http:\/\/bollettinodarte.cultura.gov.it\/?page_id=9604"},"modified":"2023-11-06T15:33:16","modified_gmt":"2023-11-06T14:33:16","slug":"veronica-merlo-giovanni-piacere-un-pittore-romano-tra-pintoricchio-e-antoniazzo-documenti-fonti-e-ipotesi","status":"publish","type":"page","link":"https:\/\/bollettinodarte.cultura.gov.it\/?page_id=9604","title":{"rendered":"Veronica Merlo:\u00a0Giovanni Piacere, un pittore romano tra Pintoricchio e Antoniazzo. Documenti, fonti e ipotesi"},"content":{"rendered":"<div align=\"justify\">\n<p><strong>Estratto dal fascicolo 35-36 (luglio-dicembre 2017)<\/strong><\/p>\n<p class=\"ListParagraph\">Tra le numerose personalit\u00e0 artistiche attive a Roma tra il Quattrocento e il Cinquecento una delle pi\u00f9 misteriose \u00e8 quella del pittore romano Giovanni Piacere. Le uniche notizie note dell\u2019artista erano finora relative ad un ciclo di affreschi, purtroppo perduto, che Giovanni Piacere esegu\u00ec nel 1487 in una sala dell\u2019antico Palazzo dei Priori a Viterbo e alla sua attivit\u00e0 nella chiesa di Santa Maria del Popolo, dove la fonte seicentesca Benedetto Mellini, erudito della cerchia di Alessandro VII Chigi, lo ricordava accanto a Pintoricchio. Ulteriori memorie della sua attivit\u00e0 romana sono, tuttavia, contenute in un\u2019altra opera manoscritta di Mellini e in quella anonima di\u00a0<em>San Jacomo degli Spagnuoli<\/em>. Secondo queste due fonti seicentesche Giovanni Piacere avrebbe lavorato a Roma nelle chiese di Santa Croce in Gerusalemme, di San Vito e Modesto, di Sant\u2019Antonio Abate, di San Pietro in Montorio, di San Lorenzo fuori le mura e di San Giacomo degli Spagnoli. Un nodo interessante della ricerca \u00e8 la sua presenza nelle chiese iberiche di San Pietro in Montorio e di San Giacomo degli Spagnoli, dove pare abbia lavorato per lo stesso committente Garsias de Gibraleon. La scoperta di queste nuove fonti e l\u2019analisi di alcuni dipinti consentono di far riemergere la personalit\u00e0 di questo misterioso artista attivo a Roma tra Antoniazzo e Pintoricchio.<\/p>\n<p>&nbsp;<\/p>\n<p class=\"ListParagraph\" style=\"text-align: center;\"><strong>Giovanni Piacere, a Roman painter between Pintoricchio and Antoniazzo.\u00a0Documents, fonts and hypotheses<\/strong><\/p>\n<div align=\"justify\">\n<p class=\"ListParagraph\">Of the various characters artistically active in Rome between the fifteenth and sixteenth centuries one about whom very little is known is the Roman painter Giovanni Piacere. Until now the only known traces of his activity were to be found in an archive document of 1487. It records that Giovanni Piacere had painted a series of frescoes, unfortunately destroyed, in the ancient Palazzo dei Priori, and in the church of Santa Maria del Popolo. A manuscript by Benedetto Mellini, a scholar in the entourage of Pope Alexander VII Chigi, records that he worked there alongside Pintoricchio. However, a record of his activity in Rome is to be found in another of Mellini\u2019s manuscripts, as well as in the anonymous<em>\u00a0San Jacomo degli Spagnuoli<\/em>. They report that the artist worked on several important churches in Rome: Santa Croce in Gerusalemme, San Vito e Modesto, Sant\u2019Antonio Abate, San Pietro in Montorio, San Lorenzo fuori le Mura and San Giacomo degli Spagnoli. One of the most interesting aspects of this research is his work in the Spanish churches of San Giacomo degli Spagnoli and San Pietro in Montorio. Apparently his patron in both churches was Garsias de Gibraleon. These new fonts and analysis of some of his paintings shed light on the personality of this mysterious artist active in Rome between Antoniazzo and Pintoricchio.<em><br \/>\n<\/em><\/p>\n<\/div>\n<\/div>\n","protected":false},"excerpt":{"rendered":"<p>Estratto dal fascicolo 35-36 (luglio-dicembre 2017) Tra le numerose personalit\u00e0 artistiche attive a Roma tra il Quattrocento e il Cinquecento una delle pi\u00f9 misteriose \u00e8 quella del pittore romano Giovanni Piacere.<\/p>\n","protected":false},"author":1,"featured_media":0,"parent":0,"menu_order":0,"comment_status":"closed","ping_status":"closed","template":"","meta":{"footnotes":""},"categories":[],"tags":[],"class_list":["post-9604","page","type-page","status-publish","hentry"],"_links":{"self":[{"href":"https:\/\/bollettinodarte.cultura.gov.it\/index.php?rest_route=\/wp\/v2\/pages\/9604","targetHints":{"allow":["GET"]}}],"collection":[{"href":"https:\/\/bollettinodarte.cultura.gov.it\/index.php?rest_route=\/wp\/v2\/pages"}],"about":[{"href":"https:\/\/bollettinodarte.cultura.gov.it\/index.php?rest_route=\/wp\/v2\/types\/page"}],"author":[{"embeddable":true,"href":"https:\/\/bollettinodarte.cultura.gov.it\/index.php?rest_route=\/wp\/v2\/users\/1"}],"replies":[{"embeddable":true,"href":"https:\/\/bollettinodarte.cultura.gov.it\/index.php?rest_route=%2Fwp%2Fv2%2Fcomments&post=9604"}],"version-history":[{"count":4,"href":"https:\/\/bollettinodarte.cultura.gov.it\/index.php?rest_route=\/wp\/v2\/pages\/9604\/revisions"}],"predecessor-version":[{"id":12403,"href":"https:\/\/bollettinodarte.cultura.gov.it\/index.php?rest_route=\/wp\/v2\/pages\/9604\/revisions\/12403"}],"wp:attachment":[{"href":"https:\/\/bollettinodarte.cultura.gov.it\/index.php?rest_route=%2Fwp%2Fv2%2Fmedia&parent=9604"}],"wp:term":[{"taxonomy":"category","embeddable":true,"href":"https:\/\/bollettinodarte.cultura.gov.it\/index.php?rest_route=%2Fwp%2Fv2%2Fcategories&post=9604"},{"taxonomy":"post_tag","embeddable":true,"href":"https:\/\/bollettinodarte.cultura.gov.it\/index.php?rest_route=%2Fwp%2Fv2%2Ftags&post=9604"}],"curies":[{"name":"wp","href":"https:\/\/api.w.org\/{rel}","templated":true}]}}