{"id":9724,"date":"2023-08-22T14:38:33","date_gmt":"2023-08-22T12:38:33","guid":{"rendered":"http:\/\/bollettinodarte.cultura.gov.it\/?page_id=9724"},"modified":"2023-11-06T15:44:23","modified_gmt":"2023-11-06T14:44:23","slug":"marta-novello-il-nuovo-museo-archeologico-nazionale-di-aquileia-primi-risultati-e-riflessioni-in-corso-dopera","status":"publish","type":"page","link":"https:\/\/bollettinodarte.cultura.gov.it\/?page_id=9724","title":{"rendered":"Marta Novello: Il \u201cnuovo\u201d Museo Archeologico Nazionale di Aquileia. Primi risultati e riflessioni in corso d\u2019opera"},"content":{"rendered":"<div align=\"justify\"><strong>Estratto dal fascicolo 37-38 (gennaio-giugno 2018)<\/strong><\/div>\n<div align=\"justify\"><\/div>\n<div align=\"justify\">Il Museo Archeologico Nazionale di Aquileia ha di recente attuato un ampio intervento di riorganizzazione, che ha previsto la riprogettazione dell\u2019intero percorso di visita. Il criterio espositivo, per decenni improntato sulla classificazione tipologica dei reperti, \u00e8 stato completamente ripensato; i materiali, sottoposti a un\u2019attenta opera di selezione, vengono ora presentati nel loro contesto d\u2019uso, nell\u2019intento di offrire un pi\u00f9 coinvolgente percorso narrativo, in grado di consentire una maggiore comprensione della realt\u00e0 cosmopolita della citt\u00e0 antica. Il fine ultimo del progetto, elaborato da un articolato gruppo di lavoro, \u00e8 stato quello di fare del complesso aquileiese un luogo vivo e aperto a tutti, non solo ai cultori dell\u2019archeologia, un luogo capace di mettere il visitatore, attraverso nuove strategie di comunicazione e di allestimento, al centro di un percorso di conoscenza e di condivisione del contesto storico e culturale di cui il suo ricco patrimonio \u00e8 espressione e interprete.<\/div>\n<div align=\"center\"><em><strong>\u00a0<\/strong><\/em><\/div>\n<div>\n<div align=\"center\"><\/div>\n<div align=\"center\">\n<p><strong>The \u201cnew\u201d Museo Archeologico Nazionale di Aquileia<\/strong><\/p>\n<div align=\"justify\">Aquileia\u2019s National Archaeological Museum has recently undergone a considerable renovation. The new project has completely changed the museum\u2019s layout. For decades, thinking behind the exhibition had been based on the typological classification of the items on display. This has been totally changed. Now, carefully selected objects are displayed according to the context in which they were used. The aim is to absorb the visitor within an urban narrative that guarantees a better understanding of the reality of the ancient town. The project is the fruit of articulated collaboration. Its ultimate goal is to bring Aquileia\u2019s museum to life, making it a place for all to visit, not just archaeology buffs. New communication techniques and display methods put the visitor at the heart of a journey of understanding and sharing of the historical and cultural reality of the town, whose rich heritage is its expression and interpretation.<\/div>\n<\/div>\n<\/div>\n","protected":false},"excerpt":{"rendered":"<p>Estratto dal fascicolo 37-38 (gennaio-giugno 2018) Il Museo Archeologico Nazionale di Aquileia ha di recente attuato un ampio intervento di riorganizzazione, che ha previsto la riprogettazione dell\u2019intero percorso di visita.<\/p>\n","protected":false},"author":1,"featured_media":0,"parent":0,"menu_order":0,"comment_status":"closed","ping_status":"closed","template":"","meta":{"footnotes":""},"categories":[],"tags":[],"class_list":["post-9724","page","type-page","status-publish","hentry"],"_links":{"self":[{"href":"https:\/\/bollettinodarte.cultura.gov.it\/index.php?rest_route=\/wp\/v2\/pages\/9724","targetHints":{"allow":["GET"]}}],"collection":[{"href":"https:\/\/bollettinodarte.cultura.gov.it\/index.php?rest_route=\/wp\/v2\/pages"}],"about":[{"href":"https:\/\/bollettinodarte.cultura.gov.it\/index.php?rest_route=\/wp\/v2\/types\/page"}],"author":[{"embeddable":true,"href":"https:\/\/bollettinodarte.cultura.gov.it\/index.php?rest_route=\/wp\/v2\/users\/1"}],"replies":[{"embeddable":true,"href":"https:\/\/bollettinodarte.cultura.gov.it\/index.php?rest_route=%2Fwp%2Fv2%2Fcomments&post=9724"}],"version-history":[{"count":4,"href":"https:\/\/bollettinodarte.cultura.gov.it\/index.php?rest_route=\/wp\/v2\/pages\/9724\/revisions"}],"predecessor-version":[{"id":12426,"href":"https:\/\/bollettinodarte.cultura.gov.it\/index.php?rest_route=\/wp\/v2\/pages\/9724\/revisions\/12426"}],"wp:attachment":[{"href":"https:\/\/bollettinodarte.cultura.gov.it\/index.php?rest_route=%2Fwp%2Fv2%2Fmedia&parent=9724"}],"wp:term":[{"taxonomy":"category","embeddable":true,"href":"https:\/\/bollettinodarte.cultura.gov.it\/index.php?rest_route=%2Fwp%2Fv2%2Fcategories&post=9724"},{"taxonomy":"post_tag","embeddable":true,"href":"https:\/\/bollettinodarte.cultura.gov.it\/index.php?rest_route=%2Fwp%2Fv2%2Ftags&post=9724"}],"curies":[{"name":"wp","href":"https:\/\/api.w.org\/{rel}","templated":true}]}}