{"id":9729,"date":"2023-08-22T14:47:54","date_gmt":"2023-08-22T12:47:54","guid":{"rendered":"http:\/\/bollettinodarte.cultura.gov.it\/?page_id=9729"},"modified":"2023-11-06T15:45:18","modified_gmt":"2023-11-06T14:45:18","slug":"tobias-fischer-hansen-la-corrispondenza-fra-saverio-landolina-e-frederik-munter-un-epistolario-di-colti-antiquari-sul-finire-dellilluminismo","status":"publish","type":"page","link":"https:\/\/bollettinodarte.cultura.gov.it\/?page_id=9729","title":{"rendered":"Tobias Fischer\u2013Hansen: La corrispondenza fra Saverio Landolina e Frederik M\u00fcnter. Un epistolario di colti antiquari sul finire dell\u2019Illuminismo"},"content":{"rendered":"<div align=\"justify\">\n<p><strong>Estratto dal fascicolo 37-38 (gennaio-giugno 2018)<\/strong><\/p>\n<p style=\"font-weight: 400;\">La corrispondenza fra il teologo danese\u00a0Frederik (Friederich) M\u00fcnter e l\u2019antiquario siciliano Saverio Landolina Nava, compresa fra il 1786 e il 1804, \u00e8 un importante esempio di dotti scambi letterari in grado di superare agilmente le frontiere. Il contributo fornito da Frederik M\u00fcnter a questo epistolario \u00e8 stato gi\u00e0 trattato in precedenza dall\u2019autore, mentre qui si esaminano le lettere di Saverio Landolina inviate da Siracusa a M\u00fcnter in Copenhagen. Le lettere di Landolina trattano di varie ricerche antiquarie del suo tempo, in primis delle analisi da lui condotte sulla topografia della antica citt\u00e0 greca, talora corredate con schizzi chiarificatori delle sue interpretazioni, laddove le idee non sono in accordo con quelle di Landolina. Anche le spiegazioni e interpretazioni relative all\u2019architettura del teatro antico e dell\u2019anfiteatro, integrate con analisi di tutte le evidenze epigrafiche, sono state da lui condotte meticolosamente. I\u00a0<em>Nachrichten von Neapel und Sicilien\u00a0<\/em>di Frederik M\u00fcnter dal 1790, con le sue interpretazioni delle rovine e dei resti antichi di Siracusa, diedero a Landolina l\u2019opportunit\u00e0 di esporre i suoi punti di vista e offrire suggerimenti per quelle di altri. Infatti l\u2019epistolario riflette le considerazioni dei circoli colti del tempo, da Palermo a Napoli, da G\u00f6ttingen ad Amburgo, riguardanti la storia antica, la numismatica, l\u2019antropologia e la topografia.\u00a0Landolina racconta le sue ambizioni relative alla creazione di un museo destinato ad accogliere i materiali di arte greca e romana da lui rinvenuti, molti dei quali costituiscono tuttora i reperti principali esposti nel Museo Archeologico Regionale di Siracusa. Questo museo e quello del principe\u00a0Ignazio di Biscari a Catania hanno indubbiamente giocato un ruolo determinante nel sogno di Frederik M\u00fcnter di fondare a sua volta un museo di oggetti d\u2019arte egizia, greca e romana, aperto al pubblico, nella sua residenza ufficiale, ossia il vescovado di Copenhagen.<\/p>\n<p>&nbsp;<\/p>\n<p style=\"font-weight: 400; text-align: center;\"><strong>Correspondence between Saverio Landolina and Frederik M\u00fcnter. Letters between cultured antiquarians at the close of Illuminism<\/strong><\/p>\n<div align=\"justify\">\n<p>The correspondence between the Danish theologian Frederik (Friederich) M\u00fcnter and Sicilian antiquarian Saverio Landolina Nava spanned the years 1786\u20131804. The letters are a remarkable example of learned cross border intercourse. Frederik M\u00fcnter\u2019s contribution has been treated on earlier occasions by the author. This paper covers the letters from Saverio Landolina in Syracuse to the Danish theologian in Copenhagen. Saverio Landolina\u2019s letters deal with various fields of his antiquarian research at the time. At the forefront is his analysis of the topography of the ancient Greek city. Sometimes he includes sketches to clarify his thoughts. When their interpretations contrast with his, he doesn\u2019t hold back from criticising his contemporary Syracusan academics. There are also explanations and interpretations of the architecture of Syracuse\u2019s ancient theatre and amphitheatre. The analysis of all the epigraphical evidence is meticulously laid out. Frederik M\u00fcnter\u2019s\u00a0<em>Nachrichten von Neapel und Sicilien<\/em>\u00a0was first published in 1790. Its interpretation of Syracuse\u2019s ancient ruins and remains gave Saverio Landolina a chance to expound his own insights and to offer suggestions to improve the other\u2019s views. The letters are the reflections of learned communities of the period, from Palermo to Napoli, G\u00f6ttingen to Hamburg. They span ancient history, numismatics, anthropology and topography. Landolina writes of his hope for a museum to house the pieces of Greek and Roman art he has studied. Today some of these are the main exhibits in the Museo Nazionale di Siracusa. The museum in Syracuse and the Prince Ignazio di Biscari Museum in Catania undoubtedly played a role in Frederik M\u00fcnter\u2019s ambitions to create his own museum of Egyptian, Greek and Roman art. This was to be accessible to the general public, in his official residence, the bishopric in Copenhagen.<\/p>\n<\/div>\n<\/div>\n","protected":false},"excerpt":{"rendered":"<p>Estratto dal fascicolo 37-38 (gennaio-giugno 2018) La corrispondenza fra il teologo danese\u00a0Frederik (Friederich) M\u00fcnter e l\u2019antiquario siciliano Saverio Landolina Nava, compresa fra il 1786 e il 1804, \u00e8 un importante esempio di dotti scambi letterari in grado di superare agilmente le frontiere.<\/p>\n","protected":false},"author":1,"featured_media":0,"parent":0,"menu_order":0,"comment_status":"closed","ping_status":"closed","template":"","meta":{"footnotes":""},"categories":[],"tags":[],"class_list":["post-9729","page","type-page","status-publish","hentry"],"_links":{"self":[{"href":"https:\/\/bollettinodarte.cultura.gov.it\/index.php?rest_route=\/wp\/v2\/pages\/9729","targetHints":{"allow":["GET"]}}],"collection":[{"href":"https:\/\/bollettinodarte.cultura.gov.it\/index.php?rest_route=\/wp\/v2\/pages"}],"about":[{"href":"https:\/\/bollettinodarte.cultura.gov.it\/index.php?rest_route=\/wp\/v2\/types\/page"}],"author":[{"embeddable":true,"href":"https:\/\/bollettinodarte.cultura.gov.it\/index.php?rest_route=\/wp\/v2\/users\/1"}],"replies":[{"embeddable":true,"href":"https:\/\/bollettinodarte.cultura.gov.it\/index.php?rest_route=%2Fwp%2Fv2%2Fcomments&post=9729"}],"version-history":[{"count":6,"href":"https:\/\/bollettinodarte.cultura.gov.it\/index.php?rest_route=\/wp\/v2\/pages\/9729\/revisions"}],"predecessor-version":[{"id":12427,"href":"https:\/\/bollettinodarte.cultura.gov.it\/index.php?rest_route=\/wp\/v2\/pages\/9729\/revisions\/12427"}],"wp:attachment":[{"href":"https:\/\/bollettinodarte.cultura.gov.it\/index.php?rest_route=%2Fwp%2Fv2%2Fmedia&parent=9729"}],"wp:term":[{"taxonomy":"category","embeddable":true,"href":"https:\/\/bollettinodarte.cultura.gov.it\/index.php?rest_route=%2Fwp%2Fv2%2Fcategories&post=9729"},{"taxonomy":"post_tag","embeddable":true,"href":"https:\/\/bollettinodarte.cultura.gov.it\/index.php?rest_route=%2Fwp%2Fv2%2Ftags&post=9729"}],"curies":[{"name":"wp","href":"https:\/\/api.w.org\/{rel}","templated":true}]}}