{"id":9897,"date":"2023-08-29T10:43:36","date_gmt":"2023-08-29T08:43:36","guid":{"rendered":"http:\/\/bollettinodarte.cultura.gov.it\/?page_id=9897"},"modified":"2023-11-06T15:56:02","modified_gmt":"2023-11-06T14:56:02","slug":"alessandro-brogi-una-piccola-nota-sul-paesaggio-fluviale-di-annibale-carracci-a-washington","status":"publish","type":"page","link":"https:\/\/bollettinodarte.cultura.gov.it\/?page_id=9897","title":{"rendered":"Alessandro Brogi: Una piccola nota sul \u2018Paesaggio fluviale\u2019 di Annibale Carracci a Washington"},"content":{"rendered":"<div align=\"justify\">\n<div align=\"justify\">\n<p><strong>Estratto dal fascicolo 41 (gennaio-marzo 2019)<\/strong><\/p>\n<p style=\"font-weight: 400;\">La storia pi\u00f9 antica dell\u2019ormai celebre\u00a0<em>Paesaggio fluviale<\/em>\u00a0di Annibale Carracci, oggi a Washington (National Gallery), pietra miliare della moderna pittura di paesaggio, resta tuttora ignota. La prima notizia ad esso relativa si faceva risalire solo al 1859, allorch\u00e9 lo si reputava per\u00f2 opera di Velasquez. L\u2019Autore ne reperisce la presenza in un volume di incisioni di Jean-Baptiste Pierre Lebrun, edito a Parigi nel 1809, facendo arretrare di mezzo secolo le nostre conoscenze sulla vicenda materiale della tela (forse proveniente da Palazzo Medici Riccardi a Firenze) e soprattutto sulla sua storia critica, poich\u00e9 in tale repertorio il dipinto figura gi\u00e0 con la corretta attribuzione al grande pittore bolognese. Per di pi\u00f9 il dipinto \u00e8 riprodotto in coppia con un altro, da intendersi senza dubbio come suo\u00a0<em>pendant<\/em>, a tutt\u2019oggi disperso.\u00a0<em>A latere<\/em>, l\u2019intervento individua altre presenze nel volume di Lebrun, che aggiungono qualche dato nuovo su dipinti oggi ben noti.<\/p>\n<p style=\"font-weight: 400; text-align: center;\">\u00a0 \u00a0 \u00a0 \u00a0 \u00a0 \u00a0 \u00a0 \u00a0 \u00a0 \u00a0 \u00a0 \u00a0 \u00a0 \u00a0 \u00a0 \u00a0 \u00a0 \u00a0 \u00a0 \u00a0 \u00a0 \u00a0 \u00a0<strong> \u00a0 \u00a0<\/strong><\/p>\n<p style=\"font-weight: 400; text-align: center;\"><strong>A short note about Annibale Carracci\u2019s <em>River Landscape<\/em>\u00a0in Washington<\/strong><\/p>\n<p style=\"font-weight: 400;\">Annibale Carracci\u2019s now famous\u00a0<em>River Landscape<\/em>\u00a0hangs in the National Gallery in Washington. It stands as a milestone in modern landscape painting. Its early origins are still unknown. Previously, the first known mention of it was in an 1859 publication, referring to it as a work by Velasquez. The writer has come across a copy of it in a book of engravings by Jean\u2013Baptiste Pierre Lebrun. The book was published in Paris in 1809. This puts our knowledge of the painting\u2019s whereabouts back some fifty years, with it possibly hailing from Palazzo Medici Riccardi in Florence. More important, from a critical point of view, is the fact that in the collection of engravings the painting is already correctly attributed to the great Bolognese painter. Even more important is that the copy of\u00a0<em>River Landscape<\/em>\u00a0is paired with another, almost certainly its\u00a0<em>pendant.<\/em>\u00a0As of yet the original of this second painting is still missing. As a side product of the writer\u2019s research, other engravings in Lebrun\u2019s collection have provided some further information about other well known works.<\/p>\n<\/div>\n<\/div>\n","protected":false},"excerpt":{"rendered":"<p>Estratto dal fascicolo 41 (gennaio-marzo 2019) La storia pi\u00f9 antica dell\u2019ormai celebre\u00a0Paesaggio fluviale\u00a0di Annibale Carracci, oggi a Washington (National Gallery), pietra miliare della moderna pittura di paesaggio, resta tuttora ignota.<\/p>\n","protected":false},"author":1,"featured_media":0,"parent":0,"menu_order":0,"comment_status":"closed","ping_status":"closed","template":"","meta":{"footnotes":""},"categories":[],"tags":[],"class_list":["post-9897","page","type-page","status-publish","hentry"],"_links":{"self":[{"href":"https:\/\/bollettinodarte.cultura.gov.it\/index.php?rest_route=\/wp\/v2\/pages\/9897","targetHints":{"allow":["GET"]}}],"collection":[{"href":"https:\/\/bollettinodarte.cultura.gov.it\/index.php?rest_route=\/wp\/v2\/pages"}],"about":[{"href":"https:\/\/bollettinodarte.cultura.gov.it\/index.php?rest_route=\/wp\/v2\/types\/page"}],"author":[{"embeddable":true,"href":"https:\/\/bollettinodarte.cultura.gov.it\/index.php?rest_route=\/wp\/v2\/users\/1"}],"replies":[{"embeddable":true,"href":"https:\/\/bollettinodarte.cultura.gov.it\/index.php?rest_route=%2Fwp%2Fv2%2Fcomments&post=9897"}],"version-history":[{"count":3,"href":"https:\/\/bollettinodarte.cultura.gov.it\/index.php?rest_route=\/wp\/v2\/pages\/9897\/revisions"}],"predecessor-version":[{"id":12446,"href":"https:\/\/bollettinodarte.cultura.gov.it\/index.php?rest_route=\/wp\/v2\/pages\/9897\/revisions\/12446"}],"wp:attachment":[{"href":"https:\/\/bollettinodarte.cultura.gov.it\/index.php?rest_route=%2Fwp%2Fv2%2Fmedia&parent=9897"}],"wp:term":[{"taxonomy":"category","embeddable":true,"href":"https:\/\/bollettinodarte.cultura.gov.it\/index.php?rest_route=%2Fwp%2Fv2%2Fcategories&post=9897"},{"taxonomy":"post_tag","embeddable":true,"href":"https:\/\/bollettinodarte.cultura.gov.it\/index.php?rest_route=%2Fwp%2Fv2%2Ftags&post=9897"}],"curies":[{"name":"wp","href":"https:\/\/api.w.org\/{rel}","templated":true}]}}